{"id":30624,"date":"1995-01-01T00:00:00","date_gmt":"1994-12-31T23:00:00","guid":{"rendered":"http:\/\/www.grappa.no\/no\/albums\/ukategorisert\/eva-knardahl-plays-albeniz-barber-liszt-and-gershwin\/"},"modified":"2019-02-22T15:37:52","modified_gmt":"2019-02-22T14:37:52","slug":"eva-knardahl-plays-albeniz-barber-liszt-and-gershwin","status":"publish","type":"product","link":"https:\/\/grappa.no\/no\/albums\/simax-classics\/eva-knardahl-plays-albeniz-barber-liszt-and-gershwin\/","title":{"rendered":"Eva Knardahl plays Alb\u00e9niz, Barber, Liszt and Gershwin"},"content":{"rendered":"<p><\/p>\n<p>Klaverets dronning i Norge<\/p>\n<p>\u201dEva Knardahl var utvilsomt den st\u00f8rste pianisten i sin generasjon,\u201d skrev Dagsavisens Kjell Hillveg en gang om en av v\u00e5re mest fremtredende pianister. For flere generasjoner nordmenn var Eva Knardahls navn synonymt med fargesprakende klaverspill og et smittende hum\u00f8r. Etter et lengre opphold i USA vendte hun tilbake til Norge og tok den musikalske arenaen med storm. <\/p>\n<p>P\u00e5 denne fantastiske innspillingen fremf\u00f8rer Knardahl verker av Isaac Alb\u00e9niz, Samuel Barber, Franz Listz og George Gershwin. Gjennomg\u00e5ende imponerer Knardahls sangbare tone og saftige akkorder, hun kunne som f\u00e5 andre f\u00e5 et piano til \u00e5 klinge. H\u00f8r bare hennes oppsiktsvekkende tolkning av Alb\u00e9niz\u00b4 \u201dCantos de Espana\u201d, med sine maurisk-spanske stemninger, eller hennes evne til \u00e5 fremmane stemninger fra det landlige USA i Barbers \u201dExcursions\u201d \u2013 sjeldent har disse verkene blitt fremf\u00f8rt s\u00e5 behendig som av Knardahl.<\/p>\n<p><!--more--><\/p>\n<h4><\/h4>\n<\/p>\n<h4><\/h4>\n<p><h4><\/h4>\n<\/p>\n<p><\/p>","protected":false},"excerpt":{"rendered":"<p>Gjennomg\u00e5ende imponerer Knardahls sangbare tone og saftige akkorder, hun kunne som f\u00e5 andre f\u00e5 et piano til \u00e5 klinge.<\/p>\n","protected":false},"featured_media":30629,"comment_status":"closed","ping_status":"open","template":"","meta":[],"product_brand":[],"product_cat":[180],"product_tag":[],"class_list":{"0":"post-30624","1":"product","2":"type-product","3":"status-publish","4":"has-post-thumbnail","6":"product_cat-simax-classics","7":"product_shipping_class-cddvd-shipping","8":"uni_artist_tag-arne-akselberg","9":"uni_artist_tag-eva-knardahl","10":"uni_artist_tag-franz-liszt","11":"uni_artist_tag-george-gershwin","12":"uni_artist_tag-isaac-albeniz","13":"uni_artist_tag-samuel-barber","14":"uni_main_artist_tag-eva-knardahl","15":"uni_artist_genre-piano","16":"uni_artist_genre-solo","18":"first","19":"instock","20":"taxable","21":"shipping-taxable","22":"purchasable","23":"product-type-simple"},"_links":{"self":[{"href":"https:\/\/grappa.no\/no\/wp-json\/wp\/v2\/product\/30624","targetHints":{"allow":["GET"]}}],"collection":[{"href":"https:\/\/grappa.no\/no\/wp-json\/wp\/v2\/product"}],"about":[{"href":"https:\/\/grappa.no\/no\/wp-json\/wp\/v2\/types\/product"}],"replies":[{"embeddable":true,"href":"https:\/\/grappa.no\/no\/wp-json\/wp\/v2\/comments?post=30624"}],"wp:featuredmedia":[{"embeddable":true,"href":"https:\/\/grappa.no\/no\/wp-json\/wp\/v2\/media\/30629"}],"wp:attachment":[{"href":"https:\/\/grappa.no\/no\/wp-json\/wp\/v2\/media?parent=30624"}],"wp:term":[{"taxonomy":"product_brand","embeddable":true,"href":"https:\/\/grappa.no\/no\/wp-json\/wp\/v2\/product_brand?post=30624"},{"taxonomy":"product_cat","embeddable":true,"href":"https:\/\/grappa.no\/no\/wp-json\/wp\/v2\/product_cat?post=30624"},{"taxonomy":"product_tag","embeddable":true,"href":"https:\/\/grappa.no\/no\/wp-json\/wp\/v2\/product_tag?post=30624"}],"curies":[{"name":"wp","href":"https:\/\/api.w.org\/{rel}","templated":true}]}}