{"id":30622,"date":"1992-10-19T00:00:00","date_gmt":"1992-10-18T23:00:00","guid":{"rendered":"http:\/\/www.grappa.no\/no\/albums\/ukategorisert\/marianne-thorsen-recital\/"},"modified":"2019-02-22T15:37:48","modified_gmt":"2019-02-22T14:37:48","slug":"marianne-thorsen-recital","status":"publish","type":"product","link":"https:\/\/grappa.no\/no\/albums\/simax-classics\/marianne-thorsen-recital\/","title":{"rendered":"Marianne Thorsen Recital"},"content":{"rendered":"<p><\/p>\n<p>Marianne Thorsens debut-utgivelse<\/p>\n<p>Med base i London er Marianne fiolinist i den meget anerkjente Leopold String Trio, som blant annet har gjort fabelaktige innspillinger av Beethovens stryke-trioer. V\u00e5ren 2000 ble Marianne Thorsen utnevnt til den prestisjetunge jobben som f\u00f8rstefiolinist i The Nash Ensemble of London, en levende legende p\u00e5 den internasjonale musikkarena. I tillegg til hennes virke som kammermusiker er hun ogs\u00e5 meget aktiv som solist med orkestre i Skandinavia og Europa for\u00f8vrig.<\/p>\n<p>P\u00e5 denne innspillingen er det to meget erfarne musikere som tolker noe av den mest fantastiske musikken som finnes for fiolin og klaver. Pianisten J\u00f8rgen Larsen har regelmessig opptr\u00e5dt med en rekke av Norges st\u00f8rste orkestre og er en s\u00e6rlig ettertraktet kammermusiker og akkompagnat\u00f8r. Sammen utgj\u00f8r Marianne Thorsen og J\u00f8rgen Larsen en duo som makter \u00e5 vekke alle latente stemninger og f\u00f8lelser i musikken de fremf\u00f8rer, enten det er Schuberts fiolinsonate, Smetanas \u201dAus der Heimat\u201d, Blochs \u201dNigun\u201d, Griegs andre fiolinsonate eller Svendsens romanse i G-dur \u2013 verk som ikke kunne v\u00e6rt bedre fremf\u00f8rt enn p\u00e5 denne innspillingen.<\/p>\n<p><!--more--><\/p>\n<h4><\/h4>\n<\/p>\n<h4><\/h4>\n<p><h4><\/h4>\n<\/p>\n<p><\/p>","protected":false},"excerpt":{"rendered":"<p>Det er en helt s\u00e6regen varme i fiolinklangen til Marianne Thorsen, et n\u00e6rv\u00e6r som l\u00f8fter tilh\u00f8reren de f\u00e5 magiske centimeterne n\u00e6rmere musikken.<\/p>\n","protected":false},"featured_media":30623,"comment_status":"closed","ping_status":"open","template":"","meta":[],"product_brand":[],"product_cat":[180],"product_tag":[],"class_list":{"0":"post-30622","1":"product","2":"type-product","3":"status-publish","4":"has-post-thumbnail","6":"product_cat-simax-classics","7":"product_shipping_class-cddvd-shipping","8":"uni_artist_tag-bedrich-smetana","9":"uni_artist_tag-edvard-grieg","10":"uni_artist_tag-ernest-bloch","11":"uni_artist_tag-franz-schubert","12":"uni_artist_tag-johan-svendsen","13":"uni_artist_tag-jorgen-larsen","14":"uni_artist_tag-marianne-thorsen","15":"uni_artist_tag-tony-harrison","16":"uni_main_artist_tag-marianne-thorsen","17":"uni_artist_genre-chamber-music","18":"uni_artist_genre-strings","19":"uni_artist_genre-young-norwegian","21":"first","22":"instock","23":"taxable","24":"shipping-taxable","25":"purchasable","26":"product-type-simple"},"_links":{"self":[{"href":"https:\/\/grappa.no\/no\/wp-json\/wp\/v2\/product\/30622","targetHints":{"allow":["GET"]}}],"collection":[{"href":"https:\/\/grappa.no\/no\/wp-json\/wp\/v2\/product"}],"about":[{"href":"https:\/\/grappa.no\/no\/wp-json\/wp\/v2\/types\/product"}],"replies":[{"embeddable":true,"href":"https:\/\/grappa.no\/no\/wp-json\/wp\/v2\/comments?post=30622"}],"wp:featuredmedia":[{"embeddable":true,"href":"https:\/\/grappa.no\/no\/wp-json\/wp\/v2\/media\/30623"}],"wp:attachment":[{"href":"https:\/\/grappa.no\/no\/wp-json\/wp\/v2\/media?parent=30622"}],"wp:term":[{"taxonomy":"product_brand","embeddable":true,"href":"https:\/\/grappa.no\/no\/wp-json\/wp\/v2\/product_brand?post=30622"},{"taxonomy":"product_cat","embeddable":true,"href":"https:\/\/grappa.no\/no\/wp-json\/wp\/v2\/product_cat?post=30622"},{"taxonomy":"product_tag","embeddable":true,"href":"https:\/\/grappa.no\/no\/wp-json\/wp\/v2\/product_tag?post=30622"}],"curies":[{"name":"wp","href":"https:\/\/api.w.org\/{rel}","templated":true}]}}