{"id":30616,"date":"1994-07-26T00:00:00","date_gmt":"1994-07-25T23:00:00","guid":{"rendered":"http:\/\/www.grappa.no\/no\/albums\/ukategorisert\/gunnar-sonstevold\/"},"modified":"2019-02-22T15:37:45","modified_gmt":"2019-02-22T14:37:45","slug":"gunnar-sonstevold","status":"publish","type":"product","link":"https:\/\/grappa.no\/no\/albums\/simax-classics\/gunnar-sonstevold\/","title":{"rendered":"Gunnar S\u00f8nstevold"},"content":{"rendered":"<p><\/p>\n<p>En musikkdramatiker av rang<\/p>\n<p>Gunnar S\u00f8nstevold er kanskje aller mest kjent som filmkomponist. Hans musikk for flere norske kjente filmer som \u201dNi liv\u201d, \u201dEnglandsfarere\u201d, \u201dKampen om tungtvannet\u201d og \u201dDet brenner i natt\u201d, viser hans usedvanlige evne som musikkdramatiker. Men ogs\u00e5 hans kammermusikalske verk er av stor betydning, der de presenterer en komponist med h\u00f8ye musikalske krav og perfeksjonisme. <\/p>\n<p>Fra lystig lek i bergenske smug til s\u00f8ken mot Fartein Valens lange dissonerende linjer \u2013 innenfor dette spennet klinger musikken til Gunnar S\u00f8nstevold. N\u00e5r en lytter til verkene p\u00e5 denne platen, g\u00e5r assosiasjonene snart til jazz, snart til julemelodien \u201dBjelleklang\u201d, andre ganger til Griegs \u201dSolveigs sang\u201d eller til Valens \u201dKirkeg\u00e5rden ved havet\u201d. Fremf\u00f8rt av Stockholms Bl\u00e5sarkvintett, Sveriges fremste i sitt slag, med gjesteopptreden av Elisabeth S\u00f8nstevold p\u00e5 harpe, er dette albumet en fantastisk introduksjon til de kammermusikalske verkene til en komponist som har hatt en betydelig p\u00e5virkning p\u00e5 b\u00e5de den norske kunstmusikalske verden og den norske underholdningsmusikken.<\/p>\n<p><!--more--><\/p>\n<h4><\/h4>\n<\/p>\n<h4><\/h4>\n<p><h4><\/h4>\n<\/p>\n<p><\/p>","protected":false},"excerpt":{"rendered":"<p>Fra lystig lek i bergenske smug til s\u00f8ken mot Fartein Valens lange dissonerende linjer \u2013 innenfor dette spennet klinger musikken til Gunnar S\u00f8nstevold.<\/p>\n","protected":false},"featured_media":30620,"comment_status":"closed","ping_status":"open","template":"","meta":[],"product_brand":[],"product_cat":[180],"product_tag":[],"class_list":{"0":"post-30616","1":"product","2":"type-product","3":"status-publish","4":"has-post-thumbnail","6":"product_cat-simax-classics","7":"product_shipping_class-cddvd-shipping","8":"uni_artist_tag-arne-akselberg","9":"uni_artist_tag-elisabeth-sonstevold","10":"uni_artist_tag-gunnar-sonstevold","11":"uni_artist_tag-stockholm-wind-quintet","12":"uni_main_artist_tag-stockholm-wind-quintet","13":"uni_artist_genre-chamber-music","14":"uni_artist_genre-contemporary-music","15":"uni_artist_genre-winds","17":"first","18":"instock","19":"taxable","20":"shipping-taxable","21":"purchasable","22":"product-type-simple"},"_links":{"self":[{"href":"https:\/\/grappa.no\/no\/wp-json\/wp\/v2\/product\/30616","targetHints":{"allow":["GET"]}}],"collection":[{"href":"https:\/\/grappa.no\/no\/wp-json\/wp\/v2\/product"}],"about":[{"href":"https:\/\/grappa.no\/no\/wp-json\/wp\/v2\/types\/product"}],"replies":[{"embeddable":true,"href":"https:\/\/grappa.no\/no\/wp-json\/wp\/v2\/comments?post=30616"}],"wp:featuredmedia":[{"embeddable":true,"href":"https:\/\/grappa.no\/no\/wp-json\/wp\/v2\/media\/30620"}],"wp:attachment":[{"href":"https:\/\/grappa.no\/no\/wp-json\/wp\/v2\/media?parent=30616"}],"wp:term":[{"taxonomy":"product_brand","embeddable":true,"href":"https:\/\/grappa.no\/no\/wp-json\/wp\/v2\/product_brand?post=30616"},{"taxonomy":"product_cat","embeddable":true,"href":"https:\/\/grappa.no\/no\/wp-json\/wp\/v2\/product_cat?post=30616"},{"taxonomy":"product_tag","embeddable":true,"href":"https:\/\/grappa.no\/no\/wp-json\/wp\/v2\/product_tag?post=30616"}],"curies":[{"name":"wp","href":"https:\/\/api.w.org\/{rel}","templated":true}]}}