{"id":30615,"date":"1992-12-08T00:00:00","date_gmt":"1992-12-07T23:00:00","guid":{"rendered":"http:\/\/www.grappa.no\/no\/albums\/ukategorisert\/music-from-19th-century-vienna-for-guitar-and-fortepiano\/"},"modified":"2019-02-22T15:37:42","modified_gmt":"2019-02-22T14:37:42","slug":"music-from-19th-century-vienna-for-guitar-and-fortepiano","status":"publish","type":"product","link":"https:\/\/grappa.no\/no\/albums\/simax-classics\/music-from-19th-century-vienna-for-guitar-and-fortepiano\/","title":{"rendered":"Music from 19th century Vienna for Guitar and Fortepiano"},"content":{"rendered":"<p><\/p>\n<p>Wiens musikk for gitar og piano<\/p>\n<p>Wien p\u00e5 Beethovens og Schuberts tid var uten Europas musikalske sentrum. Musikken gjennomsyret daglig liv og fest hos alle samfunnsklasser, og det var derfor et stadig behov for ny musikk i alle genre. Som f\u00f8lge av dette var Wien som en magnet for musikere og komponister i samtiden. Dette albumet presenterer noe av den fineste musikken for gitar og hammerklaver som ble skrevet i Wien p\u00e5 den tiden. <\/p>\n<p>Den norske gitaristen Erik Stenstadvold, en respektert autoritet p\u00e5 1800-talls gitarmusikk og fremf\u00f8ringspraksis, og den britiske pianisten Brenda Blewett, har siden 1989 fremf\u00f8rt oversett 1800-talls-musikk for gitar og piano p\u00e5 periodeinstrumenter, samt fremf\u00f8rt moderne musikk som kombinerer gitar og piano, eller gitar og cembalo. Innspilt med originalinstrumenter fra Wien fra samme epoke som musikken ble komponert i, fremf\u00f8rer duoen her vakre og i mange tilfeller ukjente verker av Giuliani, Hummel, Diabelli og Beethoven.<\/p>\n<p><!--more--><\/p>\n<h4><\/h4>\n<\/p>\n<h4><\/h4>\n<p><h4><\/h4>\n<\/p>\n<p><\/p>","protected":false},"excerpt":{"rendered":"<p>Et dypdykk ned i Wiens gitar- og pianolitteratur av duoen Erik Stenstadvold og Brenda Blewett.<\/p>\n","protected":false},"featured_media":30619,"comment_status":"closed","ping_status":"open","template":"","meta":[],"product_brand":[],"product_cat":[180],"product_tag":[],"class_list":{"0":"post-30615","1":"product","2":"type-product","3":"status-publish","4":"has-post-thumbnail","6":"product_cat-simax-classics","7":"product_shipping_class-cddvd-shipping","8":"uni_artist_tag-anton-diabelli","9":"uni_artist_tag-brenda-blewett","10":"uni_artist_tag-erik-stenstadvold","11":"uni_artist_tag-johann-nepomuk-hummel","12":"uni_artist_tag-ludwig-van-beethoven","13":"uni_artist_tag-mauro-giuliani","14":"uni_artist_tag-tore-simonsen","15":"uni_main_artist_tag-erik-stenstadvold","16":"uni_artist_genre-chamber-music","17":"uni_artist_genre-early-music","19":"first","20":"instock","21":"taxable","22":"shipping-taxable","23":"purchasable","24":"product-type-simple"},"_links":{"self":[{"href":"https:\/\/grappa.no\/no\/wp-json\/wp\/v2\/product\/30615","targetHints":{"allow":["GET"]}}],"collection":[{"href":"https:\/\/grappa.no\/no\/wp-json\/wp\/v2\/product"}],"about":[{"href":"https:\/\/grappa.no\/no\/wp-json\/wp\/v2\/types\/product"}],"replies":[{"embeddable":true,"href":"https:\/\/grappa.no\/no\/wp-json\/wp\/v2\/comments?post=30615"}],"wp:featuredmedia":[{"embeddable":true,"href":"https:\/\/grappa.no\/no\/wp-json\/wp\/v2\/media\/30619"}],"wp:attachment":[{"href":"https:\/\/grappa.no\/no\/wp-json\/wp\/v2\/media?parent=30615"}],"wp:term":[{"taxonomy":"product_brand","embeddable":true,"href":"https:\/\/grappa.no\/no\/wp-json\/wp\/v2\/product_brand?post=30615"},{"taxonomy":"product_cat","embeddable":true,"href":"https:\/\/grappa.no\/no\/wp-json\/wp\/v2\/product_cat?post=30615"},{"taxonomy":"product_tag","embeddable":true,"href":"https:\/\/grappa.no\/no\/wp-json\/wp\/v2\/product_tag?post=30615"}],"curies":[{"name":"wp","href":"https:\/\/api.w.org\/{rel}","templated":true}]}}