{"id":30614,"date":"1992-06-30T00:00:00","date_gmt":"1992-06-29T23:00:00","guid":{"rendered":"http:\/\/www.grappa.no\/no\/albums\/ukategorisert\/norw-contemporary-music-for-bassoon\/"},"modified":"2019-02-22T15:37:35","modified_gmt":"2019-02-22T14:37:35","slug":"norw-contemporary-music-for-bassoon","status":"publish","type":"product","link":"https:\/\/grappa.no\/no\/albums\/simax-classics\/norw-contemporary-music-for-bassoon\/","title":{"rendered":"Norw Contemporary Music for Bassoon"},"content":{"rendered":"<p><\/p>\n<p>En feiring av norsk samtidsmusikk for fagott<\/p>\n<p>Fagottisten Robert R\u00f8nnes g\u00e5r sammen med den erfarne pianisten Eva Knardahl for \u00e5 fremf\u00f8re verk for fagott innen samtidsmusikkens verden. Med verk av betydelige komponister som Wolfgang Plagge, Terje Bj\u00f8rn Lerstad, Gunnar S\u00f8nstevold, Johan Kvandal, Harald S\u00e6verud og Antonio Bibalo, retter Robert R\u00f8nnes lyskasteren mot et mer enn flott musikkrepertoar som sjelden er h\u00f8rt. Ikke bare det, men dette albumet setter ogs\u00e5 lys p\u00e5 viktigheten av R\u00f8nnes selv: alle verkene p\u00e5 utgivelsen er skrevet spesifikt for ham, noe som tydelig beskriver hans betydning for norsk musikalsk liv. Sammen fremf\u00f8rer R\u00f8nnes og Knardahl en rekker verker som spenner fra det helt klassiske til verker tungt preget av moderne tonalitet, kompleske rytmer, fargerik instrumentasjon og senromantikk som n\u00e6rmest tipper over i atonal ekspresjonisme.<\/p>\n<p><!--more--><\/p>\n<h4><\/h4>\n<\/p>\n<h4><\/h4>\n<p><h4><\/h4>\n<\/p>\n<p><\/p>","protected":false},"excerpt":{"rendered":"<p>Sammen fremf\u00f8rer R\u00f8nnes og Knardahl p\u00e5 mesterlig vis en rekke vakre verker for samtidsmusikkens fagott.<\/p>\n","protected":false},"featured_media":30618,"comment_status":"closed","ping_status":"open","template":"","meta":[],"product_brand":[],"product_cat":[180],"product_tag":[],"class_list":{"0":"post-30614","1":"product","2":"type-product","3":"status-publish","4":"has-post-thumbnail","6":"product_cat-simax-classics","7":"product_shipping_class-cddvd-shipping","8":"uni_artist_tag-antonio-bibalo","9":"uni_artist_tag-arne-akselberg","10":"uni_artist_tag-eva-knardahl","11":"uni_artist_tag-gunnar-sonstevold","12":"uni_artist_tag-harald-saeverud","13":"uni_artist_tag-johan-kvandal","14":"uni_artist_tag-robert-ronnes","15":"uni_artist_tag-terje-bjorn-lerstad","16":"uni_artist_tag-wolfgang-plagge","17":"uni_main_artist_tag-robert-ronnes","18":"uni_artist_genre-chamber-music","19":"uni_artist_genre-contemporary-music","20":"uni_artist_genre-winds","22":"first","23":"instock","24":"taxable","25":"shipping-taxable","26":"purchasable","27":"product-type-simple"},"_links":{"self":[{"href":"https:\/\/grappa.no\/no\/wp-json\/wp\/v2\/product\/30614","targetHints":{"allow":["GET"]}}],"collection":[{"href":"https:\/\/grappa.no\/no\/wp-json\/wp\/v2\/product"}],"about":[{"href":"https:\/\/grappa.no\/no\/wp-json\/wp\/v2\/types\/product"}],"replies":[{"embeddable":true,"href":"https:\/\/grappa.no\/no\/wp-json\/wp\/v2\/comments?post=30614"}],"wp:featuredmedia":[{"embeddable":true,"href":"https:\/\/grappa.no\/no\/wp-json\/wp\/v2\/media\/30618"}],"wp:attachment":[{"href":"https:\/\/grappa.no\/no\/wp-json\/wp\/v2\/media?parent=30614"}],"wp:term":[{"taxonomy":"product_brand","embeddable":true,"href":"https:\/\/grappa.no\/no\/wp-json\/wp\/v2\/product_brand?post=30614"},{"taxonomy":"product_cat","embeddable":true,"href":"https:\/\/grappa.no\/no\/wp-json\/wp\/v2\/product_cat?post=30614"},{"taxonomy":"product_tag","embeddable":true,"href":"https:\/\/grappa.no\/no\/wp-json\/wp\/v2\/product_tag?post=30614"}],"curies":[{"name":"wp","href":"https:\/\/api.w.org\/{rel}","templated":true}]}}