{"id":30611,"date":"1992-10-07T00:00:00","date_gmt":"1992-10-06T23:00:00","guid":{"rendered":"http:\/\/www.grappa.no\/no\/albums\/ukategorisert\/haydn-quartets-op-33\/"},"modified":"2019-02-22T15:37:29","modified_gmt":"2019-02-22T14:37:29","slug":"haydn-quartets-op-33","status":"publish","type":"product","link":"https:\/\/grappa.no\/no\/albums\/simax-classics\/haydn-quartets-op-33\/","title":{"rendered":"Haydn Quartets Op. 33"},"content":{"rendered":"<p><\/p>\n<p>Engelsk eleganse i Haydn<\/p>\n<p>Maggini Quartet, ansett som en av Englands fremste strykekvartetter, har siden dens dannelse i 1988 oppn\u00e5dd en umiddelbar positiv mottakelse for dybden og gjennomf\u00f8ringen av deres musikalske tolkninger. Etter en rekke suksessfulle turneer i 1991 og 1992 gikk kvartetten i studio for \u00e5 spille inn tre av Joseph Haydns strykekvartetter fra opus 33.<\/p>\n<p>Med en humoristisk \u00e5pning med en perfekt kadens i pianissimo, er den femte strykekvartetten fullpakket med overraskelser, et verk som dras mellom dynamiske ytterpunkter og nervepirrende stillheter. Om Haydn bevisst s\u00f8kte etter \u00e5 skape kontrast mellom en kvartetts avslutning og en annen kvartetts begynnelse eller ikke, s\u00e5 er det definitivt tilfelle med Strykekvartett nr. 1. Valget av en molltonalitet bringer frem den mer seri\u00f8se siden av Haydn og han viker ikke vekk fra denne stemningen noe sted gjennom hele kvartetten. Den siste kvartetten p\u00e5 denne innspillingen, Strykekvartett nr. 2, er kjent for sine humoristiske vendinger som lurer lytteren til \u00e5 tro at verket er over, noe som har gitt verket det passende kallenavnet \u201dsp\u00f8ken\u201d.<\/p>\n<p><!--more--><\/p>\n<h4><\/h4>\n<\/p>\n<h4><\/h4>\n<p><h4><\/h4>\n<\/p>\n<p><\/p>","protected":false},"excerpt":{"rendered":"<p>Maggini Quartet, ansett som en av Englands fremste strykekvartetter, har siden dens dannelse i 1988 oppn\u00e5dd en umiddelbar positiv mottakelse for dybden og gjennomf\u00f8ringen av deres musikalske tolkninger.<\/p>\n","protected":false},"featured_media":30613,"comment_status":"closed","ping_status":"open","template":"","meta":[],"product_brand":[],"product_cat":[180],"product_tag":[],"class_list":{"0":"post-30611","1":"product","2":"type-product","3":"status-publish","4":"has-post-thumbnail","6":"product_cat-simax-classics","7":"product_shipping_class-cddvd-shipping","8":"uni_artist_tag-joseph-haydn","9":"uni_artist_tag-maggini-string-quartet","10":"uni_artist_tag-tony-harrison","11":"uni_main_artist_tag-maggini-string-quartet","12":"uni_artist_genre-chamber-music","13":"uni_artist_genre-strings","15":"first","16":"instock","17":"taxable","18":"shipping-taxable","19":"purchasable","20":"product-type-simple"},"_links":{"self":[{"href":"https:\/\/grappa.no\/no\/wp-json\/wp\/v2\/product\/30611","targetHints":{"allow":["GET"]}}],"collection":[{"href":"https:\/\/grappa.no\/no\/wp-json\/wp\/v2\/product"}],"about":[{"href":"https:\/\/grappa.no\/no\/wp-json\/wp\/v2\/types\/product"}],"replies":[{"embeddable":true,"href":"https:\/\/grappa.no\/no\/wp-json\/wp\/v2\/comments?post=30611"}],"wp:featuredmedia":[{"embeddable":true,"href":"https:\/\/grappa.no\/no\/wp-json\/wp\/v2\/media\/30613"}],"wp:attachment":[{"href":"https:\/\/grappa.no\/no\/wp-json\/wp\/v2\/media?parent=30611"}],"wp:term":[{"taxonomy":"product_brand","embeddable":true,"href":"https:\/\/grappa.no\/no\/wp-json\/wp\/v2\/product_brand?post=30611"},{"taxonomy":"product_cat","embeddable":true,"href":"https:\/\/grappa.no\/no\/wp-json\/wp\/v2\/product_cat?post=30611"},{"taxonomy":"product_tag","embeddable":true,"href":"https:\/\/grappa.no\/no\/wp-json\/wp\/v2\/product_tag?post=30611"}],"curies":[{"name":"wp","href":"https:\/\/api.w.org\/{rel}","templated":true}]}}