{"id":30608,"date":"1993-07-01T00:00:00","date_gmt":"1993-06-30T23:00:00","guid":{"rendered":"http:\/\/www.grappa.no\/no\/albums\/ukategorisert\/contemporary-music-for-brass-piano\/"},"modified":"2019-02-22T15:37:26","modified_gmt":"2019-02-22T14:37:26","slug":"contemporary-music-for-brass-piano","status":"publish","type":"product","link":"https:\/\/grappa.no\/no\/albums\/simax-classics\/contemporary-music-for-brass-piano\/","title":{"rendered":"Contemporary Music for Brass &amp; Piano"},"content":{"rendered":"<p><\/p>\n<p>Arktisk messingmusikk<\/p>\n<p>Fremf\u00f8rt av ensemblet Arctic Brass \u00e5pner dette albumet med Paul Hindemiths \u201dMorgenmusik\u201d, et typisk eksempel p\u00e5 komponistens Sing- und Spielmusik n\u00e6rt knyttet til stadsmusikantenes t\u00e5rnmusikk fra 1600-tallet \u2013 frisk og ufordervet morgenmusikk. Alexander Arutunians \u201dArmenian Scenes\u201d har i l\u00f8pet av kort tid blitt et standardverk for messingbl\u00e5sere verden over. Med et tradisjonelt armensk tonespr\u00e5k overraskes man stadig av komponistens oppfinnsomhet og humoristiske sans, og med innslag av tamburin og armensk tromme, fremf\u00f8rt av Einar Fj\u00e6rvoll, forsterkes verkets eksotiske preg. Wolfgang Plagge gjester ogs\u00e5 albumet i fremf\u00f8ringen av sitt eget verk \u201dCanzona\u201d, et \u00e9nsatsig verk med klare kontrasterende deler som knytter seg til canzonatypene fra 1600-tallet. Videre fremf\u00f8rer Arctic Brass Olav Bergs \u201dBrass Quintet\u201d, et verk fylt av dristige samklanger og kromatisk melodikk med h\u00f8ye krav til ut\u00f8vernes beherskelse av sine instrumenter, Charles Ives\u00b4 \u201dFour Songs\u201d, et humoristisk preget musikkstykke arrangert av Kenneth Singleton, og Mogens Andresens \u201dThree Norwegian Dances for Brass\u201d, som inkluderer den kjente og popul\u00e6re norske melodien \u201dPer Spelmann\u201d, samt en reinlender og en R\u00f8rospols.<\/p>\n<p><!--more--><\/p>\n<h4><\/h4>\n<\/p>\n<h4><\/h4>\n<p><h4><\/h4>\n<\/p>\n<p><\/p>","protected":false},"excerpt":{"rendered":"<p>Arctic Brass beveger seg gjennom et variert musikalsk landskap med sine innspillinger av Paul Hindemith, Alexander Arutunian, Wolfgang Plagge, Olav Berg, Charles Ives og Mogens Andresen.<\/p>\n","protected":false},"featured_media":30610,"comment_status":"closed","ping_status":"open","template":"","meta":[],"product_brand":[],"product_cat":[180],"product_tag":[],"class_list":{"0":"post-30608","1":"product","2":"type-product","3":"status-publish","4":"has-post-thumbnail","6":"product_cat-simax-classics","7":"product_shipping_class-cddvd-shipping","8":"uni_artist_tag-alexander-arutiunian","9":"uni_artist_tag-arctic-brass","10":"uni_artist_tag-charles-ives","11":"uni_artist_tag-olav-berg","12":"uni_artist_tag-paul-hindemith","13":"uni_artist_tag-tony-harrison","14":"uni_artist_tag-wolfgang-plagge","15":"uni_main_artist_tag-arctic-brass","16":"uni_artist_genre-chamber-music","17":"uni_artist_genre-contemporary-music","19":"first","20":"instock","21":"taxable","22":"shipping-taxable","23":"purchasable","24":"product-type-simple"},"_links":{"self":[{"href":"https:\/\/grappa.no\/no\/wp-json\/wp\/v2\/product\/30608","targetHints":{"allow":["GET"]}}],"collection":[{"href":"https:\/\/grappa.no\/no\/wp-json\/wp\/v2\/product"}],"about":[{"href":"https:\/\/grappa.no\/no\/wp-json\/wp\/v2\/types\/product"}],"replies":[{"embeddable":true,"href":"https:\/\/grappa.no\/no\/wp-json\/wp\/v2\/comments?post=30608"}],"wp:featuredmedia":[{"embeddable":true,"href":"https:\/\/grappa.no\/no\/wp-json\/wp\/v2\/media\/30610"}],"wp:attachment":[{"href":"https:\/\/grappa.no\/no\/wp-json\/wp\/v2\/media?parent=30608"}],"wp:term":[{"taxonomy":"product_brand","embeddable":true,"href":"https:\/\/grappa.no\/no\/wp-json\/wp\/v2\/product_brand?post=30608"},{"taxonomy":"product_cat","embeddable":true,"href":"https:\/\/grappa.no\/no\/wp-json\/wp\/v2\/product_cat?post=30608"},{"taxonomy":"product_tag","embeddable":true,"href":"https:\/\/grappa.no\/no\/wp-json\/wp\/v2\/product_tag?post=30608"}],"curies":[{"name":"wp","href":"https:\/\/api.w.org\/{rel}","templated":true}]}}