{"id":30607,"date":"1993-01-18T00:00:00","date_gmt":"1993-01-17T23:00:00","guid":{"rendered":"http:\/\/www.grappa.no\/no\/albums\/ukategorisert\/widor-organ-symphonies-2\/"},"modified":"2019-02-22T15:37:22","modified_gmt":"2019-02-22T14:37:22","slug":"widor-organ-symphonies-2","status":"publish","type":"product","link":"https:\/\/grappa.no\/no\/albums\/simax-classics\/widor-organ-symphonies-2\/","title":{"rendered":"Widor Organ Symphonies"},"content":{"rendered":"<p><\/p>\n<p>Utforskning av den franske orgellitteraturen<\/p>\n<p>Den anerkjente organisten K\u00e5re Nordstoga fortsetter sin reise inn i og utforskning av den franske orgellitteraturen. Etter hans forrige suksessfulle album med verker av C\u00e9sar Franck, tar Nordstoga denne gangen for seg to av Charles-Marie Widors orgelsymfonier, sentrale verker innen den franske orgelmusikkhistorien. Gjennom en h\u00f8y grad av n\u00f8yaktighet og kvalitet i sitt eget spill, og de strenge og krevende standardene i hans undervisning, b\u00e5de p\u00e5 orgelet og innen komposisjon, klarte Widor \u00e5 etablere en bemerkelsesverdig fransk orgelkomposisjonsskole som blomstret gjennom sin levetid. <\/p>\n<p>Innspilt p\u00e5 det samme Cavaill\u00e9-Coll orgelet i l\u00b4Abbatiale Saint-Etienne de Caen hvor Nordstoga fremf\u00f8rte Francks orgelverker, har den norske organisten denne gangen spilt inn Widors femte og sjette orgelsymfonier. Mer orgelsuiter enn tradisjonelle symfonier, er verkene omfattende og eklektiske i hver sine fem satser. Tydelig komponert for Widor selv, krever disse verkene et uhyre h\u00f8yt teknisk niv\u00e5, sterke fremf\u00f8ringsferdigheter og stor konsentrasjon, som selvf\u00f8lgelig ikke viser seg \u00e5 v\u00e6re noe problem for den mer enn dyktige K\u00e5re Nordstoga.<\/p>\n<p><!--more--><\/p>\n<h4><\/h4>\n<\/p>\n<h4><\/h4>\n<p><h4><\/h4>\n<\/p>\n<p><\/p>","protected":false},"excerpt":{"rendered":"<p>Videre utforskning av den franske orgelliteraturen fra den anerkjente organisten K\u00e5re Nordstoga.<\/p>\n","protected":false},"featured_media":30609,"comment_status":"closed","ping_status":"open","template":"","meta":[],"product_brand":[],"product_cat":[180],"product_tag":[],"class_list":{"0":"post-30607","1":"product","2":"type-product","3":"status-publish","4":"has-post-thumbnail","6":"product_cat-simax-classics","7":"product_shipping_class-cddvd-shipping","8":"uni_artist_tag-arne-akselberg","9":"uni_artist_tag-charles-marie-widor","10":"uni_artist_tag-kare-nordstoga","11":"uni_main_artist_tag-kare-nordstoga","12":"uni_artist_genre-organ","14":"first","15":"outofstock","16":"taxable","17":"shipping-taxable","18":"product-type-simple"},"_links":{"self":[{"href":"https:\/\/grappa.no\/no\/wp-json\/wp\/v2\/product\/30607","targetHints":{"allow":["GET"]}}],"collection":[{"href":"https:\/\/grappa.no\/no\/wp-json\/wp\/v2\/product"}],"about":[{"href":"https:\/\/grappa.no\/no\/wp-json\/wp\/v2\/types\/product"}],"replies":[{"embeddable":true,"href":"https:\/\/grappa.no\/no\/wp-json\/wp\/v2\/comments?post=30607"}],"wp:featuredmedia":[{"embeddable":true,"href":"https:\/\/grappa.no\/no\/wp-json\/wp\/v2\/media\/30609"}],"wp:attachment":[{"href":"https:\/\/grappa.no\/no\/wp-json\/wp\/v2\/media?parent=30607"}],"wp:term":[{"taxonomy":"product_brand","embeddable":true,"href":"https:\/\/grappa.no\/no\/wp-json\/wp\/v2\/product_brand?post=30607"},{"taxonomy":"product_cat","embeddable":true,"href":"https:\/\/grappa.no\/no\/wp-json\/wp\/v2\/product_cat?post=30607"},{"taxonomy":"product_tag","embeddable":true,"href":"https:\/\/grappa.no\/no\/wp-json\/wp\/v2\/product_tag?post=30607"}],"curies":[{"name":"wp","href":"https:\/\/api.w.org\/{rel}","templated":true}]}}