{"id":30598,"date":"1993-01-10T00:00:00","date_gmt":"1993-01-09T23:00:00","guid":{"rendered":"http:\/\/www.grappa.no\/no\/albums\/ukategorisert\/franck-organ-music\/"},"modified":"2019-02-22T15:37:19","modified_gmt":"2019-02-22T14:37:19","slug":"franck-organ-music","status":"publish","type":"product","link":"https:\/\/grappa.no\/no\/albums\/simax-classics\/franck-organ-music\/","title":{"rendered":"Franck Organ Music"},"content":{"rendered":"<p><\/p>\n<p>Orgelsymfoni<\/p>\n<p>De ekstraordin\u00e6re byggverkene av den brilliante organistbyggeren Artiside Cavaille-Coll hadde en betydelig effekt p\u00e5 musikken til C\u00e9sar Franck. Den franske komponistene skrev sine \u201dSix Pieces\u201d mellom 1859-61, sterkt p\u00e5virket av lyden og klangfargene i sitt nye instrument. Det st\u00f8rste av de seks verkene, \u201dGrande Piece Symphonique\u201d, er intet mindre enn den f\u00f8rste orgelsymfonien, et verk i tre satser med alle karakteristikkene som preger en slik komposisjon med tydelige vink til Beethovens niende symfoni og Listzs H-moll piano sonate. Francks \u201dTrois Chorales\u201d st\u00e5r som et artistisk landemerke i orgellitteraturen. Fra de adelige og ekspressive verdiene i sine melodiske fraser i den f\u00f8rste koralen, via den triste introspeksjonen i den andre, til det direkte uttrykket i den tredje, representerer Francks \u201dTrois Chorales\u201d hans fineste oppn\u00e5else innenfor komposisjonen av orgelmusikk. <\/p>\n<p>P\u00e5 denne innspillingen fremf\u00f8rer den anerkjente solisten og akkompagnat\u00f8ren, K\u00e5re Nordstoga disse to verkene av Franck p\u00e5 Cavaill\u00e9-Coll orgelet i l\u00b4Abbatiale Saint-Etienne de Caen.<\/p>\n<p><!--more--><\/p>\n<h4><\/h4>\n<\/p>\n<h4><\/h4>\n<p><h4><\/h4>\n<\/p>\n<p><\/p>","protected":false},"excerpt":{"rendered":"<p>Den anerkjente organisten K\u00e5re Nordstoga fremf\u00f8rer C\u00e9sar Francks f\u00f8rste orgelsymfoni og komponistens &quot;Trois Chorales&quot;.<\/p>\n","protected":false},"featured_media":30606,"comment_status":"closed","ping_status":"open","template":"","meta":[],"product_brand":[],"product_cat":[180],"product_tag":[],"class_list":{"0":"post-30598","1":"product","2":"type-product","3":"status-publish","4":"has-post-thumbnail","6":"product_cat-simax-classics","7":"product_shipping_class-cddvd-shipping","8":"uni_artist_tag-arne-akselberg","9":"uni_artist_tag-cesar-franck","10":"uni_artist_tag-kare-nordstoga","11":"uni_main_artist_tag-kare-nordstoga","12":"uni_artist_genre-organ","14":"first","15":"instock","16":"taxable","17":"shipping-taxable","18":"purchasable","19":"product-type-simple"},"_links":{"self":[{"href":"https:\/\/grappa.no\/no\/wp-json\/wp\/v2\/product\/30598","targetHints":{"allow":["GET"]}}],"collection":[{"href":"https:\/\/grappa.no\/no\/wp-json\/wp\/v2\/product"}],"about":[{"href":"https:\/\/grappa.no\/no\/wp-json\/wp\/v2\/types\/product"}],"replies":[{"embeddable":true,"href":"https:\/\/grappa.no\/no\/wp-json\/wp\/v2\/comments?post=30598"}],"wp:featuredmedia":[{"embeddable":true,"href":"https:\/\/grappa.no\/no\/wp-json\/wp\/v2\/media\/30606"}],"wp:attachment":[{"href":"https:\/\/grappa.no\/no\/wp-json\/wp\/v2\/media?parent=30598"}],"wp:term":[{"taxonomy":"product_brand","embeddable":true,"href":"https:\/\/grappa.no\/no\/wp-json\/wp\/v2\/product_brand?post=30598"},{"taxonomy":"product_cat","embeddable":true,"href":"https:\/\/grappa.no\/no\/wp-json\/wp\/v2\/product_cat?post=30598"},{"taxonomy":"product_tag","embeddable":true,"href":"https:\/\/grappa.no\/no\/wp-json\/wp\/v2\/product_tag?post=30598"}],"curies":[{"name":"wp","href":"https:\/\/api.w.org\/{rel}","templated":true}]}}