{"id":30597,"date":"1991-10-11T00:00:00","date_gmt":"1991-10-10T23:00:00","guid":{"rendered":"http:\/\/www.grappa.no\/no\/albums\/ukategorisert\/schubert-lieder\/"},"modified":"2019-02-22T15:37:16","modified_gmt":"2019-02-22T14:37:16","slug":"schubert-lieder","status":"publish","type":"product","link":"https:\/\/grappa.no\/no\/albums\/simax-classics\/schubert-lieder\/","title":{"rendered":"Schubert Lieder"},"content":{"rendered":"<p><\/p>\n<p>Per Vollestad fremf\u00f8rer Schubert<\/p>\n<p>\u201dWho is this guy and where is he hiding?\u201d Slik var reaksjonen i det amerikanske magasinet Fanfare da de anmeldte Per Vollestads f\u00f8rste album, med Lieder av Schumann og Wolf, p\u00e5 Simax Classics (PSC1051), mens det engelske Gramophone p\u00e5 sin side kalte ham for \u201da talent to watch.\u201d Det er derfor med stor glede at Simax n\u00e5 presenterer Vollestads andre CD-utgivelse. Sammen med den erfarne pianisten Sigmund Hjelset, fremf\u00f8rer duoen denne gangen tyve av Schuberts fantastiske Lieder. <\/p>\n<p>\u201dHad Schubert written for nothing but the human voice and its accompanying pianoforte, both musicians and music historians would still regard him as a major composer.\u201d Slik beskrev professor Arthur Hutchings Franz Schubert i sin biografi. Den tyske komponisten b\u00f8r definitivt anses som faren til sangformen vi kaller Lied. Selv om Schubert ikke var den f\u00f8rste til \u00e5 komponere denne typen Lieder, var han likevel den f\u00f8rste viktige komponisten som gjorde dette p\u00e5 en s\u00e5 substansiell skala. Likevel er det sannsynlig at Schubert kun hadde sine venners glede i tankene da han skrev disse verkene, uten noen tanker om at de skulle bli st\u00e5ende som viktige, men s\u00e5 lenge det er sangere til \u00e5 synge dem vil disse Lied-kunstverkene utvilsomt sjarmere og glede musikkelskere i mange \u00e5r fremover.<\/p>\n<p><!--more--><\/p>\n<h4><\/h4>\n<\/p>\n<h4><\/h4>\n<p><h4><\/h4>\n<\/p>\n<p><\/p>","protected":false},"excerpt":{"rendered":"<p>Schuberts Lieder-mesterverk ypperlig fremf\u00f8rt av den kritikerroste baritonen Per Vollestad.<\/p>\n","protected":false},"featured_media":30605,"comment_status":"closed","ping_status":"open","template":"","meta":[],"product_brand":[],"product_cat":[180],"product_tag":[],"class_list":{"0":"post-30597","1":"product","2":"type-product","3":"status-publish","4":"has-post-thumbnail","6":"product_cat-simax-classics","7":"product_shipping_class-cddvd-shipping","8":"uni_artist_tag-arne-akselberg","9":"uni_artist_tag-franz-schubert","10":"uni_artist_tag-per-vollestad","11":"uni_artist_tag-sigmund-hjelset","12":"uni_main_artist_tag-per-vollestad","13":"uni_artist_genre-lieder","14":"uni_artist_genre-young-norwegian","16":"first","17":"instock","18":"taxable","19":"shipping-taxable","20":"purchasable","21":"product-type-simple"},"_links":{"self":[{"href":"https:\/\/grappa.no\/no\/wp-json\/wp\/v2\/product\/30597","targetHints":{"allow":["GET"]}}],"collection":[{"href":"https:\/\/grappa.no\/no\/wp-json\/wp\/v2\/product"}],"about":[{"href":"https:\/\/grappa.no\/no\/wp-json\/wp\/v2\/types\/product"}],"replies":[{"embeddable":true,"href":"https:\/\/grappa.no\/no\/wp-json\/wp\/v2\/comments?post=30597"}],"wp:featuredmedia":[{"embeddable":true,"href":"https:\/\/grappa.no\/no\/wp-json\/wp\/v2\/media\/30605"}],"wp:attachment":[{"href":"https:\/\/grappa.no\/no\/wp-json\/wp\/v2\/media?parent=30597"}],"wp:term":[{"taxonomy":"product_brand","embeddable":true,"href":"https:\/\/grappa.no\/no\/wp-json\/wp\/v2\/product_brand?post=30597"},{"taxonomy":"product_cat","embeddable":true,"href":"https:\/\/grappa.no\/no\/wp-json\/wp\/v2\/product_cat?post=30597"},{"taxonomy":"product_tag","embeddable":true,"href":"https:\/\/grappa.no\/no\/wp-json\/wp\/v2\/product_tag?post=30597"}],"curies":[{"name":"wp","href":"https:\/\/api.w.org\/{rel}","templated":true}]}}