{"id":30596,"date":"1992-01-08T00:00:00","date_gmt":"1992-01-07T23:00:00","guid":{"rendered":"http:\/\/www.grappa.no\/no\/albums\/ukategorisert\/mendelssohn-piano-trios\/"},"modified":"2019-02-22T15:37:10","modified_gmt":"2019-02-22T14:37:10","slug":"mendelssohn-piano-trios","status":"publish","type":"product","link":"https:\/\/grappa.no\/no\/albums\/simax-classics\/mendelssohn-piano-trios\/","title":{"rendered":"Mendelssohn Piano Trios"},"content":{"rendered":"<p><\/p>\n<p>Grieg Trio klar med CD-debut<\/p>\n<p>Grieg Trio var en av de store suksessene p\u00e5 Interforum i Ungarn i 1990. The Times skrev f\u00f8lgende: \u201dOslo\u00b4s Grieg Trio should be snapped up at once&#8230; so authoritative is their command of idiom, so energetic and imaginative their playing that they are already sought after in Italy, France, Germany and Holland.\u201d Grieg Trio ble dannet i 1987 og har opptr\u00e5dt over hele Europa til stor publikum- og kritikersuksess, og har vunnet en rekke priser gjennom deres karriere. <\/p>\n<p>Begge Mendelssohns pianotrioer fremf\u00f8res av Grieg Trio p\u00e5 denne innspillingen. Den f\u00f8rste av disse er preget av brede penselstr\u00f8k i den melodiske behandlingen, med et visst melankolsk preget hovedtema, mens den andre har et mer \u00e6rverdig preg og seri\u00f8st uttrykk. Mendelssohn er utvilsomt en av de dyktigste komponister av kammermusikk. Som en kritiker har beskrevet det: \u201dMendelssohn has helped many a music-lover from a lower to a higher plane of musical thought,\u201d noe som er lett forst\u00e5elig n\u00e5r en h\u00f8rer p\u00e5 de str\u00e5lende verkene her fremf\u00f8rt av de forbausende artistiske ferdighetene til Grieg Trio.<\/p>\n<p><!--more--><\/p>\n<h4><\/h4>\n<\/p>\n<h4><\/h4>\n<p><h4><\/h4>\n<\/p>\n<p><\/p>","protected":false},"excerpt":{"rendered":"<p>\u201dThis year, as president of the jury of the Colmar Chamber Music Competition, I had the most extraordinary experience after I heard the Grieg Trio. All members of the jury spontaneously stood up applauding, full of enthusiasm, some had tears in their eyes of profound emotion. The director of the Competition said that they had never had such unanimous approval and musical experience.&amp;quot; [Tib\u00f3r Varga \/ 1989 Colmar Chamber Music Festival]<\/p>\n","protected":false},"featured_media":30604,"comment_status":"closed","ping_status":"open","template":"","meta":[],"product_brand":[],"product_cat":[180],"product_tag":[],"class_list":{"0":"post-30596","1":"product","2":"type-product","3":"status-publish","4":"has-post-thumbnail","6":"product_cat-simax-classics","7":"product_shipping_class-cddvd-shipping","8":"uni_artist_tag-felix-mendelssohn","9":"uni_artist_tag-grieg-trio","10":"uni_artist_tag-tony-harrison","11":"uni_main_artist_tag-grieg-trio","12":"uni_artist_genre-chamber-music","13":"uni_artist_genre-strings","14":"uni_artist_genre-young-norwegian","16":"first","17":"instock","18":"taxable","19":"shipping-taxable","20":"purchasable","21":"product-type-simple"},"_links":{"self":[{"href":"https:\/\/grappa.no\/no\/wp-json\/wp\/v2\/product\/30596","targetHints":{"allow":["GET"]}}],"collection":[{"href":"https:\/\/grappa.no\/no\/wp-json\/wp\/v2\/product"}],"about":[{"href":"https:\/\/grappa.no\/no\/wp-json\/wp\/v2\/types\/product"}],"replies":[{"embeddable":true,"href":"https:\/\/grappa.no\/no\/wp-json\/wp\/v2\/comments?post=30596"}],"wp:featuredmedia":[{"embeddable":true,"href":"https:\/\/grappa.no\/no\/wp-json\/wp\/v2\/media\/30604"}],"wp:attachment":[{"href":"https:\/\/grappa.no\/no\/wp-json\/wp\/v2\/media?parent=30596"}],"wp:term":[{"taxonomy":"product_brand","embeddable":true,"href":"https:\/\/grappa.no\/no\/wp-json\/wp\/v2\/product_brand?post=30596"},{"taxonomy":"product_cat","embeddable":true,"href":"https:\/\/grappa.no\/no\/wp-json\/wp\/v2\/product_cat?post=30596"},{"taxonomy":"product_tag","embeddable":true,"href":"https:\/\/grappa.no\/no\/wp-json\/wp\/v2\/product_tag?post=30596"}],"curies":[{"name":"wp","href":"https:\/\/api.w.org\/{rel}","templated":true}]}}