{"id":30595,"date":"1992-02-18T00:00:00","date_gmt":"1992-02-17T23:00:00","guid":{"rendered":"http:\/\/www.grappa.no\/no\/albums\/ukategorisert\/russian-romantic-piano-music\/"},"modified":"2019-02-22T15:37:06","modified_gmt":"2019-02-22T14:37:06","slug":"russian-romantic-piano-music","status":"publish","type":"product","link":"https:\/\/grappa.no\/no\/albums\/simax-classics\/russian-romantic-piano-music\/","title":{"rendered":"Russian Romantic Piano Music"},"content":{"rendered":"<p><\/p>\n<p>Russisk romantikk for piano<\/p>\n<p>Av en enstemmig jury vant pianisten Nigel Nill f\u00f8rsteplassen i Dronning Sonja Internasjonale Musikkonkurranse i Oslo, 1988. Prisen inneholdt konsertengasjementer med fem av Norges st\u00f8rste orkestre, en omfattende turn\u00e9 i Skandinavia i 1989-1990, en pengepremie og en platekontrakt hvor denne platen er innspilt under. Dette er virkelig et prestisjefylt album, med musikk av Sergei Rachmaninov, Nikolai Medtner og Mily Balakirev. <\/p>\n<p>Rachmaninovs andre sonate ble skrevet i 1913, men senere revidert som en f\u00f8lge av komponistens misn\u00f8ye med dens kompleksitet og lengde. Med et \u00f8nske om \u00e5 unng\u00e5 den minskede dramatiske kraften i den reviderte utgaven, fremf\u00f8rer Nigel Hill her originalen. Helt fra begynnelsen kastes man ut i et voldsomt skrik av fortvilelse, en stemning som ikke sjelden forekommer gjennom sonaten, f\u00f8r verket avsluttes i en av de mest h\u00e5rreisende kodaene innen den romantiske musikken. Medtners \u201dSonata Reminiscenza\u201d starter med en enkel musikalsk uttalelse som utvikles til ulike melodiske tr\u00e5der gjennom verket. Kompleksiteten slipper taket og bringer tilbake roen fra verkets begynnelse. F\u00f8lelsen er, som i s\u00e5 mange andre av Medtners verker, at vi blir tatt med p\u00e5 en reise med en historie som fortelles i melodi og stemning. Balakirevs sonate befinner seg i en st\u00f8rre skala, med lange passasjer satt opp mot en intim, n\u00e6rmest hemmelig, karakter i andre deler av verket. Mye av sonaten inneholder passasjer som kunne blitt ansett som et \u201dshowpiece\u201d, men det er ingen tvil om at dette er et sterkt verk som fortjener mer oppmerksomhet enn det tidligere har f\u00e5tt.<\/p>\n<p><!--more--><\/p>\n<h4><\/h4>\n<\/p>\n<h4><\/h4>\n<p><h4><\/h4>\n<\/p>\n<p><\/p>","protected":false},"excerpt":{"rendered":"<p>Nigel Hills album er et prestisjefylt album som en f\u00f8lge av f\u00f8rsteplassen i Dronning Sonja Internasjonale Musikkonkurranse, med musikk av Sergei Rachmaninov, Nikolai Medtner og Mily Balakirev.<\/p>\n","protected":false},"featured_media":30603,"comment_status":"closed","ping_status":"open","template":"","meta":[],"product_brand":[],"product_cat":[180],"product_tag":[],"class_list":{"0":"post-30595","1":"product","2":"type-product","3":"status-publish","4":"has-post-thumbnail","6":"product_cat-simax-classics","7":"product_shipping_class-cddvd-shipping","8":"uni_artist_tag-arne-akselberg","9":"uni_artist_tag-nigel-hill","10":"uni_artist_tag-sergei-rachmaninov","11":"uni_main_artist_tag-nigel-hill","12":"uni_artist_genre-piano","14":"first","15":"instock","16":"taxable","17":"shipping-taxable","18":"purchasable","19":"product-type-simple"},"_links":{"self":[{"href":"https:\/\/grappa.no\/no\/wp-json\/wp\/v2\/product\/30595","targetHints":{"allow":["GET"]}}],"collection":[{"href":"https:\/\/grappa.no\/no\/wp-json\/wp\/v2\/product"}],"about":[{"href":"https:\/\/grappa.no\/no\/wp-json\/wp\/v2\/types\/product"}],"replies":[{"embeddable":true,"href":"https:\/\/grappa.no\/no\/wp-json\/wp\/v2\/comments?post=30595"}],"wp:featuredmedia":[{"embeddable":true,"href":"https:\/\/grappa.no\/no\/wp-json\/wp\/v2\/media\/30603"}],"wp:attachment":[{"href":"https:\/\/grappa.no\/no\/wp-json\/wp\/v2\/media?parent=30595"}],"wp:term":[{"taxonomy":"product_brand","embeddable":true,"href":"https:\/\/grappa.no\/no\/wp-json\/wp\/v2\/product_brand?post=30595"},{"taxonomy":"product_cat","embeddable":true,"href":"https:\/\/grappa.no\/no\/wp-json\/wp\/v2\/product_cat?post=30595"},{"taxonomy":"product_tag","embeddable":true,"href":"https:\/\/grappa.no\/no\/wp-json\/wp\/v2\/product_tag?post=30595"}],"curies":[{"name":"wp","href":"https:\/\/api.w.org\/{rel}","templated":true}]}}