{"id":30594,"date":"1992-10-08T00:00:00","date_gmt":"1992-10-07T23:00:00","guid":{"rendered":"http:\/\/www.grappa.no\/no\/albums\/ukategorisert\/mozart-piano-sonatas-vol-1\/"},"modified":"2019-02-22T15:37:00","modified_gmt":"2019-02-22T14:37:00","slug":"mozart-piano-sonatas-vol-1","status":"publish","type":"product","link":"https:\/\/grappa.no\/no\/albums\/simax-classics\/mozart-piano-sonatas-vol-1\/","title":{"rendered":"Mozart Piano Sonatas, Vol. 1"},"content":{"rendered":"<p><\/p>\n<p>Mozarts hemmelige skatter<\/p>\n<p>Den lille menuetten i F-dur var noe av det f\u00f8rste Liv Glaser gav seg i kast med som barn. I dette enkle stykket f\u00e5r man fornemmelsen av en verden med hemmelige skatter! Disse hemmelige skattene finnes i n\u00e6rmest alle av Mozarts verker, som gir store og n\u00e6rmest paradoksale utfordringer p\u00e5 alle plan. Forsiktig \u00e5pner han en d\u00f8r p\u00e5 gl\u00f8tt \u2013 man aner et rom innenfor \u2013 for s\u00e5 \u00e5 m\u00f8te en d\u00f8r til enda et rom. Eller, han bringer en ganske enkelt tilbake til utgangspunktet etter en tids gjemsel-lek. <\/p>\n<p>Selv om det er opera, musikkdramaet, som kanskje fascinerer Mozarts skaperevne mest, med ubegrensede muligheter utover instrumentalmusikkens rammer, har ogs\u00e5 hans f\u00f8rste klaversonater innslag av komprimerte opera-intriger. I et oppkomme av frodige ideer serverer han dialoger og arier i s\u00f8dmefylt dandering, for s\u00e5 \u00e5 overrumple oss med \u201dSturm und Drang\u201d-dynamisk heftighet! Djervt stiller han opp kammermusikalske enheter mot fullt orkester i en nesten tekstlig struktur. <\/p>\n<p>Liv Glaser, en av Norges betydeligste pianister, gir oss fantastiske tolkninger av en komponist som har fulgt henne helt siden barnsben av. Hun har siden sin debut i 1960 v\u00e6rt en del av den norske klaverelite og lagt omfattende turn\u00e9virksomhet over hele verden bak seg.<\/p>\n<p><!--more--><\/p>\n<h4><\/h4>\n<\/p>\n<h4><\/h4>\n<p><h4><\/h4>\n<\/p>\n<p><\/p>","protected":false},"excerpt":{"rendered":"<p>Liv Glaser, en av Norges betydeligste pianister, gir oss fantastiske tolkninger av en komponist som har fulgt henne helt siden barnsben av.<\/p>\n","protected":false},"featured_media":30602,"comment_status":"closed","ping_status":"open","template":"","meta":[],"product_brand":[],"product_cat":[180],"product_tag":[],"class_list":{"0":"post-30594","1":"product","2":"type-product","3":"status-publish","4":"has-post-thumbnail","6":"product_cat-simax-classics","7":"product_shipping_class-cddvd-shipping","8":"uni_artist_tag-arne-akselberg","9":"uni_artist_tag-liv-glaser","10":"uni_artist_tag-wolfgang-amadeus-mozart","11":"uni_main_artist_tag-liv-glaser","12":"uni_artist_genre-piano","14":"first","15":"instock","16":"taxable","17":"shipping-taxable","18":"purchasable","19":"product-type-simple"},"_links":{"self":[{"href":"https:\/\/grappa.no\/no\/wp-json\/wp\/v2\/product\/30594","targetHints":{"allow":["GET"]}}],"collection":[{"href":"https:\/\/grappa.no\/no\/wp-json\/wp\/v2\/product"}],"about":[{"href":"https:\/\/grappa.no\/no\/wp-json\/wp\/v2\/types\/product"}],"replies":[{"embeddable":true,"href":"https:\/\/grappa.no\/no\/wp-json\/wp\/v2\/comments?post=30594"}],"wp:featuredmedia":[{"embeddable":true,"href":"https:\/\/grappa.no\/no\/wp-json\/wp\/v2\/media\/30602"}],"wp:attachment":[{"href":"https:\/\/grappa.no\/no\/wp-json\/wp\/v2\/media?parent=30594"}],"wp:term":[{"taxonomy":"product_brand","embeddable":true,"href":"https:\/\/grappa.no\/no\/wp-json\/wp\/v2\/product_brand?post=30594"},{"taxonomy":"product_cat","embeddable":true,"href":"https:\/\/grappa.no\/no\/wp-json\/wp\/v2\/product_cat?post=30594"},{"taxonomy":"product_tag","embeddable":true,"href":"https:\/\/grappa.no\/no\/wp-json\/wp\/v2\/product_tag?post=30594"}],"curies":[{"name":"wp","href":"https:\/\/api.w.org\/{rel}","templated":true}]}}