{"id":30593,"date":"1992-01-10T00:00:00","date_gmt":"1992-01-09T23:00:00","guid":{"rendered":"http:\/\/www.grappa.no\/no\/albums\/ukategorisert\/norwegian-percussion\/"},"modified":"2019-02-22T15:36:57","modified_gmt":"2019-02-22T14:36:57","slug":"norwegian-percussion","status":"publish","type":"product","link":"https:\/\/grappa.no\/no\/albums\/simax-classics\/norwegian-percussion\/","title":{"rendered":"Norwegian Percussion"},"content":{"rendered":"<p><\/p>\n<p>Norsk perkusjon<\/p>\n<p>Utgitt i samarbeid med Norsk Slagverk Klubb, en landsomfattende interesseorganisasjon med det form\u00e5l \u00e5 bedre slagverkets og slagverkeres faglige niv\u00e5 og situasjon i Norge, er dette albumet fullpakket med noe av den mest grensesprengende musikken for perkusjon \u2013 alle skrevet av norske komponister. Likevel er ikke dette albumet kun viktig i formidlingen av norsk musikk for perkusjon for et bredere publikum, det er ogs\u00e5 en dristig reise inn i et omfattende og, for mange, ukjent repertoar av norsk samtidsmusikk.<\/p>\n<p>Fremf\u00f8rt av en rekke prominente musikere som Rob Waring, Kjell Samkopf og jazzmusikerne C\u00e9lio de Carvalho, Jon Balke og Jon Christensen, presenteres vi for fem verk, alle varierte i deres uttrykk. Magne Hegdals \u201dSchema Sonante\u201d er et spill langs en skala fra det n\u00f8yaktig samkj\u00f8rte til det helt \u00e5pne og usynkroniserte, i en fri og selvstendig individuell utfoldelse innenfor en fastlagt og samlende ramme. Bj\u00f8rn Kruses \u201dSyllables\u201d reflekterer impulser fra en rekke forskjellige musikkstiler og uttrykksformer i et moderne og personlig musikalsk spr\u00e5k, hvor improvisasjon er et sentral element. \u00d8istein Sommerfeldts \u201dMusic for One Percussion Player\u201d er et velkomment tillegg til perkusjonsrepertoaret, der den utviser den mer \u201dvakre\u201d siden av perkusjonsinstrumentene. Kjell Samkopfs \u201dVariations of Parang Chant\u201d trekker tankene mot den svenske jazzpianisten Jan Johansson i hva m\u00e5 v\u00e6re det mest behagelige verket p\u00e5 albumet. Som platens avslutning finner vi en av Norges mest kjente jazztrommiser Jan Christensen verk \u201dRhythm Notes\u201d, en kollektiv, improvisert innspilling med noen av Norges mest anerkjente musikere.<\/p>\n<p><!--more--><\/p>\n<h4><\/h4>\n<\/p>\n<h4><\/h4>\n<p><h4><\/h4>\n<\/p>\n<p><\/p>","protected":false},"excerpt":{"rendered":"<p>Fremf\u00f8rt av en rekke prominente musikere som Rob Waring, Kjell Samkopf og jazzmusikerne C\u00e9lio de Carvalho, Jon Balke og Jon Christensen, presenteres vi for en rekke verk innenfor den norske samtidsmusikken for perkusjon.<\/p>\n","protected":false},"featured_media":30601,"comment_status":"closed","ping_status":"open","template":"","meta":[],"product_brand":[],"product_cat":[180],"product_tag":[],"class_list":{"0":"post-30593","1":"product","2":"type-product","3":"status-publish","4":"has-post-thumbnail","6":"product_cat-simax-classics","7":"product_shipping_class-cddvd-shipping","8":"uni_artist_tag-bjorn-kruse","9":"uni_artist_tag-christian-eggen","10":"uni_artist_tag-jon-christensen","11":"uni_artist_tag-kjell-samkopf","12":"uni_artist_tag-magne-hegdal","13":"uni_artist_tag-oistein-sommerfeldt","14":"uni_artist_tag-per-erik-thorsen","15":"uni_artist_tag-rob-waring","16":"uni_main_artist_tag-kjell-samkopf","17":"uni_artist_genre-contemporary-music","19":"first","20":"instock","21":"taxable","22":"shipping-taxable","23":"purchasable","24":"product-type-simple"},"_links":{"self":[{"href":"https:\/\/grappa.no\/no\/wp-json\/wp\/v2\/product\/30593","targetHints":{"allow":["GET"]}}],"collection":[{"href":"https:\/\/grappa.no\/no\/wp-json\/wp\/v2\/product"}],"about":[{"href":"https:\/\/grappa.no\/no\/wp-json\/wp\/v2\/types\/product"}],"replies":[{"embeddable":true,"href":"https:\/\/grappa.no\/no\/wp-json\/wp\/v2\/comments?post=30593"}],"wp:featuredmedia":[{"embeddable":true,"href":"https:\/\/grappa.no\/no\/wp-json\/wp\/v2\/media\/30601"}],"wp:attachment":[{"href":"https:\/\/grappa.no\/no\/wp-json\/wp\/v2\/media?parent=30593"}],"wp:term":[{"taxonomy":"product_brand","embeddable":true,"href":"https:\/\/grappa.no\/no\/wp-json\/wp\/v2\/product_brand?post=30593"},{"taxonomy":"product_cat","embeddable":true,"href":"https:\/\/grappa.no\/no\/wp-json\/wp\/v2\/product_cat?post=30593"},{"taxonomy":"product_tag","embeddable":true,"href":"https:\/\/grappa.no\/no\/wp-json\/wp\/v2\/product_tag?post=30593"}],"curies":[{"name":"wp","href":"https:\/\/api.w.org\/{rel}","templated":true}]}}