{"id":30592,"date":"1990-10-10T00:00:00","date_gmt":"1990-10-09T23:00:00","guid":{"rendered":"http:\/\/www.grappa.no\/no\/albums\/ukategorisert\/contemporary-oboe-concertos\/"},"modified":"2019-02-22T15:36:53","modified_gmt":"2019-02-22T14:36:53","slug":"contemporary-oboe-concertos","status":"publish","type":"product","link":"https:\/\/grappa.no\/no\/albums\/simax-classics\/contemporary-oboe-concertos\/","title":{"rendered":"Contemporary Oboe Concertos"},"content":{"rendered":"<p><\/p>\n<p>Oboen i v\u00e5r tid<\/p>\n<p>Fra \u00e5 ha v\u00e6rt et av de mest popul\u00e6re soloinstrumentene i Barokken, dalte instrumentets popularitet raskt. Da Mozart skrev sin obo konsert i 1777, skulle det bli den siste konserten for obo av en markant komponist p\u00e5 168 \u00e5r. I l\u00f8pet av 1800-tallet hadde oboen f\u00e5tt rollen som solist-stemme i orkesteret og dermed viste de romantiske komponistene stor kj\u00e6rlighet og forst\u00e5else for instrumentet. Senere, p\u00e5 1900-tallet, skulle komponistene Richard Strauss, Bohislav Martinu og Jean Francaix skrive vakker musikk for instrumentet. Tre av disse verkene er spilt inn til dette albumet. <\/p>\n<p>P\u00e5 sin fjerde innspilling for Simax Classics, har den ettertraktede oboisten Gregor Zubicky g\u00e5tt sammen med Scottish Chamber Orchestra og dirigent Jukka-Pekka Saraste for \u00e5 spille inn Strauss\u00b4 \u201dConcerto in D for Oboe and Small Orchestra\u201d, Martinus \u201dConcerto for Oboe and Small Orchestra\u201d og Francaix \u201dL\u00b4horloge de flore\u201d. B\u00e5de fysisk krevende og teknisk utfordrende er Strauss\u00b4 stykke et av hans mest perfekte og sjarmerende verker med mer enn brilliante kadenser. Like vakker er Martinus verk, der komponisten mesterlig utnytter oboens toneomfang og gir ut\u00f8veren enhver mulighet for \u00e5 fremvise instrumentets muligheter, b\u00e5de teknisk og musikalsk. Og til slutt finner vi Francaix\u00b4 \u201dL\u00b4horage de flore\u201d, et verk i syv satser fremf\u00f8rt uten opphold, inspirert av den svenske botanisten Carl von Linn\u00e9s klassifisering av blomster.<\/p>\n<p><!--more--><\/p>\n<h4><\/h4>\n<\/p>\n<h4><\/h4>\n<p><h4><\/h4>\n<\/p>\n<p><\/p>","protected":false},"excerpt":{"rendered":"<p>Tre kontempor\u00e6re verk for oboen er fokuset p\u00e5 dette albumet, som utviser stor kj\u00e6rlighet og forst\u00e5else for instrumentets muligheter.<\/p>\n","protected":false},"featured_media":30600,"comment_status":"closed","ping_status":"open","template":"","meta":[],"product_brand":[],"product_cat":[180],"product_tag":[],"class_list":{"0":"post-30592","1":"product","2":"type-product","3":"status-publish","4":"has-post-thumbnail","6":"product_cat-simax-classics","7":"product_shipping_class-cddvd-shipping","8":"uni_artist_tag-bohuslav-martinu","9":"uni_artist_tag-gregor-zubicky","10":"uni_artist_tag-jean-francaix","11":"uni_artist_tag-jukka-pekka-saraste","12":"uni_artist_tag-richard-strauss","13":"uni_artist_tag-scottish-chamber-orchestra","14":"uni_artist_tag-tony-harrison","15":"uni_main_artist_tag-gregor-zubicky","16":"uni_artist_genre-concerto","17":"uni_artist_genre-contemporary-music","19":"first","20":"instock","21":"taxable","22":"shipping-taxable","23":"purchasable","24":"product-type-simple"},"_links":{"self":[{"href":"https:\/\/grappa.no\/no\/wp-json\/wp\/v2\/product\/30592","targetHints":{"allow":["GET"]}}],"collection":[{"href":"https:\/\/grappa.no\/no\/wp-json\/wp\/v2\/product"}],"about":[{"href":"https:\/\/grappa.no\/no\/wp-json\/wp\/v2\/types\/product"}],"replies":[{"embeddable":true,"href":"https:\/\/grappa.no\/no\/wp-json\/wp\/v2\/comments?post=30592"}],"wp:featuredmedia":[{"embeddable":true,"href":"https:\/\/grappa.no\/no\/wp-json\/wp\/v2\/media\/30600"}],"wp:attachment":[{"href":"https:\/\/grappa.no\/no\/wp-json\/wp\/v2\/media?parent=30592"}],"wp:term":[{"taxonomy":"product_brand","embeddable":true,"href":"https:\/\/grappa.no\/no\/wp-json\/wp\/v2\/product_brand?post=30592"},{"taxonomy":"product_cat","embeddable":true,"href":"https:\/\/grappa.no\/no\/wp-json\/wp\/v2\/product_cat?post=30592"},{"taxonomy":"product_tag","embeddable":true,"href":"https:\/\/grappa.no\/no\/wp-json\/wp\/v2\/product_tag?post=30592"}],"curies":[{"name":"wp","href":"https:\/\/api.w.org\/{rel}","templated":true}]}}