{"id":30591,"date":"1990-05-01T00:00:00","date_gmt":"1990-04-30T23:00:00","guid":{"rendered":"http:\/\/www.grappa.no\/no\/albums\/ukategorisert\/schumann-chopin-music-for-cello-piano\/"},"modified":"2019-02-22T15:36:50","modified_gmt":"2019-02-22T14:36:50","slug":"schumann-chopin-music-for-cello-piano","status":"publish","type":"product","link":"https:\/\/grappa.no\/no\/albums\/simax-classics\/schumann-chopin-music-for-cello-piano\/","title":{"rendered":"Schumann &amp; Chopin: Music for Cello &amp; Piano"},"content":{"rendered":"<p><\/p>\n<p>Truls M\u00f8rk og Leif Ove Andsnes<\/p>\n<p>Celloen appellerte til 1800-tallets romantiske sensibiliteter; dens velklingende melodier og melankolske patos uttrykte selve essensen av den romantiske \u00e5nden. Likevel var komponering for instrumentet kun av perifer interesse for de st\u00f8rste romantiske komponistene, hovedsakelig p\u00e5 grunn av deres uvitenhet om instrumentets muligheter. Dette ledet enkelte komponister til \u00e5 s\u00f8ke hjelp fra ut\u00f8vere. Dedikert til den anerkjente cellisten August Franchomme, er Fr\u00e9d\u00e9ric Chopins sonate for cello og piano en sjeldenhet i komponistens verkliste, som i hovedsak best\u00e5r av pianomusikk. Her gis celloen den samme rike, m\u00f8rke behandlingen som Chopin ga venstreh\u00e5ndsmelodiene p\u00e5 pianoet. <\/p>\n<p>I motsetning til Chopin skrev Robert Schumann en rekke kammermusikalske verker. P\u00e5 denne innspillingen h\u00f8rer vi noen av Schumanns egne cellotranskripsjoner, \u201dPhantasiest\u00fccke\u201d og \u201dAdagio und allegro\u201d, i tillegg til de s\u00e6rlig vakre konstruerte miniatyrene i de fem \u201dSt\u00fccke im Volkston\u201d. Fremf\u00f8rt av den sjeldent dyktige cellisten Truls M\u00f8rk og antakeligvis Norges mest anerkjente pianist, Leif Ove Andsnes, er dette albumet en feiring av det vakre i romantikkens musikk for celloen.<\/p>\n<p><!--more--><\/p>\n<h4><\/h4>\n<\/p>\n<h4><\/h4>\n<p><h4><\/h4>\n<\/p>\n<p><\/p>","protected":false},"excerpt":{"rendered":"<p>Celloens velklingende melodier og melankolske patos uttrykker selve essensen av den romantiske \u00e5nden.<\/p>\n","protected":false},"featured_media":30599,"comment_status":"closed","ping_status":"open","template":"","meta":[],"product_brand":[],"product_cat":[180],"product_tag":[],"class_list":{"0":"post-30591","1":"product","2":"type-product","3":"status-publish","4":"has-post-thumbnail","6":"product_cat-simax-classics","7":"product_shipping_class-cddvd-shipping","8":"uni_artist_tag-arne-akselberg","9":"uni_artist_tag-frederic-chopin","10":"uni_artist_tag-leif-ove-andsnes","11":"uni_artist_tag-robert-schumann","12":"uni_artist_tag-truls-mork","13":"uni_main_artist_tag-truls-mork","14":"uni_artist_genre-chamber-music","15":"uni_artist_genre-strings","17":"first","18":"instock","19":"taxable","20":"shipping-taxable","21":"purchasable","22":"product-type-simple"},"_links":{"self":[{"href":"https:\/\/grappa.no\/no\/wp-json\/wp\/v2\/product\/30591","targetHints":{"allow":["GET"]}}],"collection":[{"href":"https:\/\/grappa.no\/no\/wp-json\/wp\/v2\/product"}],"about":[{"href":"https:\/\/grappa.no\/no\/wp-json\/wp\/v2\/types\/product"}],"replies":[{"embeddable":true,"href":"https:\/\/grappa.no\/no\/wp-json\/wp\/v2\/comments?post=30591"}],"wp:featuredmedia":[{"embeddable":true,"href":"https:\/\/grappa.no\/no\/wp-json\/wp\/v2\/media\/30599"}],"wp:attachment":[{"href":"https:\/\/grappa.no\/no\/wp-json\/wp\/v2\/media?parent=30591"}],"wp:term":[{"taxonomy":"product_brand","embeddable":true,"href":"https:\/\/grappa.no\/no\/wp-json\/wp\/v2\/product_brand?post=30591"},{"taxonomy":"product_cat","embeddable":true,"href":"https:\/\/grappa.no\/no\/wp-json\/wp\/v2\/product_cat?post=30591"},{"taxonomy":"product_tag","embeddable":true,"href":"https:\/\/grappa.no\/no\/wp-json\/wp\/v2\/product_tag?post=30591"}],"curies":[{"name":"wp","href":"https:\/\/api.w.org\/{rel}","templated":true}]}}