{"id":30583,"date":"1990-05-01T00:00:00","date_gmt":"1990-04-30T23:00:00","guid":{"rendered":"http:\/\/www.grappa.no\/no\/albums\/ukategorisert\/johan-halvorsen-orchestral-works-vol-2\/"},"modified":"2019-02-22T15:36:46","modified_gmt":"2019-02-22T14:36:46","slug":"johan-halvorsen-orchestral-works-vol-2","status":"publish","type":"product","link":"https:\/\/grappa.no\/no\/albums\/simax-classics\/johan-halvorsen-orchestral-works-vol-2\/","title":{"rendered":"Johan Halvorsen Orchestral Works Vol. 2"},"content":{"rendered":"<p><\/p>\n<p>Halvorsens symfonier<\/p>\n<p>Johan Halvorsen var en markant skikkelse i norsk musikkliv. De fleste av hans komposisjoner vitner om en sikker h\u00e5ndverksmessig utf\u00f8relse. Han bygger p\u00e5 en klassisk romantisk tradisjon, og som sine to norske forbilder Grieg og Svendsen er han p\u00e5virket av den norske folkemusikken, uten at det p\u00e5 noen m\u00e5te blir maniert eller forsert i hans musikk. Spilt inn av Trondheim Symfoniorkester, under ledelse av dirigent Ole Kristian Ruud, f\u00e5r vi her h\u00f8re raffinerte fremf\u00f8ringer av to av Halvorsens symfonier. Halvorsen skrev i alt 3 symfonier, alle komponert i 1920-\u00e5rene, som p\u00e5 mange m\u00e5ter oppsummerer det vide spekteret av ulike stilimpulser han hadde st\u00e5tt overfor b\u00e5de som dirigent og teaterkomponist. Hans tredje og siste symfoni slo gjennomg\u00e5ende godt an med sitt lett gjenkjennelige, markante tema, mens komponistens andre symfoni er meislet med et markant skjebnetema som forekommer gjennom hele verket \u2013 et tema som Halvorsen har betegnet som sitt musikalske selvportrett. Likevel er det ingen dyster symfoni, den avsluttes i befriende durklanger. <\/p>\n<p>Flere av Trondheim Symfoniorkesters innspillinger av Halvorsens orkestermusikk er tilgjengelig p\u00e5 Simax Classics (PSC1061).<\/p>\n<p><!--more--><\/p>\n<h4><\/h4>\n<\/p>\n<h4><\/h4>\n<p><h4><\/h4>\n<\/p>\n<p><\/p>","protected":false},"excerpt":{"rendered":"<p>Halvorsens symfonier oppsummerer p\u00e5 mange m\u00e5ter komponistens vide spekter av stilimpulser.<\/p>\n","protected":false},"featured_media":30589,"comment_status":"closed","ping_status":"open","template":"","meta":[],"product_brand":[],"product_cat":[180],"product_tag":[],"class_list":{"0":"post-30583","1":"product","2":"type-product","3":"status-publish","4":"has-post-thumbnail","6":"product_cat-simax-classics","7":"product_shipping_class-cddvd-shipping","8":"uni_artist_tag-johan-halvorsen","9":"uni_artist_tag-ole-kristian-ruud","10":"uni_artist_tag-paul-reding","11":"uni_artist_tag-trondheim-symphony-orchestra","12":"uni_main_artist_tag-trondheim-symphony-orchestra","13":"uni_artist_genre-norwegian","14":"uni_artist_genre-orchestral","16":"first","17":"instock","18":"taxable","19":"shipping-taxable","20":"purchasable","21":"product-type-simple"},"_links":{"self":[{"href":"https:\/\/grappa.no\/no\/wp-json\/wp\/v2\/product\/30583","targetHints":{"allow":["GET"]}}],"collection":[{"href":"https:\/\/grappa.no\/no\/wp-json\/wp\/v2\/product"}],"about":[{"href":"https:\/\/grappa.no\/no\/wp-json\/wp\/v2\/types\/product"}],"replies":[{"embeddable":true,"href":"https:\/\/grappa.no\/no\/wp-json\/wp\/v2\/comments?post=30583"}],"wp:featuredmedia":[{"embeddable":true,"href":"https:\/\/grappa.no\/no\/wp-json\/wp\/v2\/media\/30589"}],"wp:attachment":[{"href":"https:\/\/grappa.no\/no\/wp-json\/wp\/v2\/media?parent=30583"}],"wp:term":[{"taxonomy":"product_brand","embeddable":true,"href":"https:\/\/grappa.no\/no\/wp-json\/wp\/v2\/product_brand?post=30583"},{"taxonomy":"product_cat","embeddable":true,"href":"https:\/\/grappa.no\/no\/wp-json\/wp\/v2\/product_cat?post=30583"},{"taxonomy":"product_tag","embeddable":true,"href":"https:\/\/grappa.no\/no\/wp-json\/wp\/v2\/product_tag?post=30583"}],"curies":[{"name":"wp","href":"https:\/\/api.w.org\/{rel}","templated":true}]}}