{"id":30582,"date":"1988-05-01T00:00:00","date_gmt":"1988-04-30T23:00:00","guid":{"rendered":"http:\/\/www.grappa.no\/no\/albums\/ukategorisert\/johan-halvorsen-orchestral-works-vol-1\/"},"modified":"2025-03-17T11:42:55","modified_gmt":"2025-03-17T10:42:55","slug":"johan-halvorsen-orchestral-works-vol-1","status":"publish","type":"product","link":"https:\/\/grappa.no\/no\/albums\/simax-classics\/johan-halvorsen-orchestral-works-vol-1\/","title":{"rendered":"Johan Halvorsen Orchestral Works Vol. 1"},"content":{"rendered":"<p><\/p>\n<p>Johan Halvorsen for symfoniorkester<\/p>\n<p>Johan Halvorsen var en markant skikkelse i norsk musikkliv. De fleste av hans komposisjoner vitner om en sikker h\u00e5ndverksmessig utf\u00f8relse. Han bygger p\u00e5 en klassisk romantisk tradisjon, og som sine to norske forbilder Grieg og Svendsen er han p\u00e5virket av den norske folkemusikken, uten at det p\u00e5 noen m\u00e5te blir maniert eller forsert i hans musikk. Hans f\u00f8rste symfoni er tegnet med kraftige, tydelige linjer, med pregnante temaer. Fra den friske og velklingende f\u00f8rstesatsen, via de skj\u00f8nne og f\u00f8lsomme motivene i andresatsen og de norskklingende rytmene i tredjesatsen, til det kontrastrike pomp\u00f8se innholdet i siste sats, gir Trondheim Symfoniorkester en uts\u00f8kt fremf\u00f8ring av Halvorsens fantastiske verk. Like uts\u00f8kt er orkesterets innspilling av \u201dNordraakiana\u201d, en suite for orkester basert p\u00e5 fem komposisjoner av Rikard Nordraak, uovertruffent instrumentert av Halvorsen \u2013 utvilsomt et fantastisk stykke norsk nasjonalromantikk.<\/p>\n<p>Flere av Trondheim Symfoniorkesters innspillinger av Halvorsens orkestermusikk er tilgjengelig p\u00e5 Simax Classics (PSC1062).<\/p>\n<p><!--more--><\/p>\n<h4><\/h4>\n<h4><\/h4>\n<h4><\/h4>\n<p><\/p>","protected":false},"excerpt":{"rendered":"<p>Johan Halvorsen romantiske symfoniske verker uts\u00f8kt fremf\u00f8rt av Trondheim Symfoniorkester.<\/p>\n","protected":false},"featured_media":30588,"comment_status":"closed","ping_status":"closed","template":"","meta":[],"product_brand":[],"product_cat":[180],"product_tag":[],"class_list":{"0":"post-30582","1":"product","2":"type-product","3":"status-publish","4":"has-post-thumbnail","6":"product_cat-simax-classics","7":"product_shipping_class-cddvd-shipping","8":"uni_artist_tag-arne-peter-rognan","9":"uni_artist_tag-johan-halvorsen","10":"uni_artist_tag-ole-kristian-ruud","11":"uni_artist_tag-trondheim-symphony-orchestra","12":"uni_main_artist_tag-trondheim-symphony-orchestra","13":"uni_artist_genre-norwegian","14":"uni_artist_genre-orchestral","16":"first","17":"outofstock","18":"taxable","19":"shipping-taxable","20":"purchasable","21":"product-type-simple"},"_links":{"self":[{"href":"https:\/\/grappa.no\/no\/wp-json\/wp\/v2\/product\/30582","targetHints":{"allow":["GET"]}}],"collection":[{"href":"https:\/\/grappa.no\/no\/wp-json\/wp\/v2\/product"}],"about":[{"href":"https:\/\/grappa.no\/no\/wp-json\/wp\/v2\/types\/product"}],"replies":[{"embeddable":true,"href":"https:\/\/grappa.no\/no\/wp-json\/wp\/v2\/comments?post=30582"}],"wp:featuredmedia":[{"embeddable":true,"href":"https:\/\/grappa.no\/no\/wp-json\/wp\/v2\/media\/30588"}],"wp:attachment":[{"href":"https:\/\/grappa.no\/no\/wp-json\/wp\/v2\/media?parent=30582"}],"wp:term":[{"taxonomy":"product_brand","embeddable":true,"href":"https:\/\/grappa.no\/no\/wp-json\/wp\/v2\/product_brand?post=30582"},{"taxonomy":"product_cat","embeddable":true,"href":"https:\/\/grappa.no\/no\/wp-json\/wp\/v2\/product_cat?post=30582"},{"taxonomy":"product_tag","embeddable":true,"href":"https:\/\/grappa.no\/no\/wp-json\/wp\/v2\/product_tag?post=30582"}],"curies":[{"name":"wp","href":"https:\/\/api.w.org\/{rel}","templated":true}]}}