{"id":30581,"date":"1990-05-01T00:00:00","date_gmt":"1990-04-30T23:00:00","guid":{"rendered":"http:\/\/www.grappa.no\/no\/albums\/ukategorisert\/sergei-prokofiev-piano-concerto-and-symphony-no-7\/"},"modified":"2019-02-22T15:36:35","modified_gmt":"2019-02-22T14:36:35","slug":"sergei-prokofiev-piano-concerto-and-symphony-no-7","status":"publish","type":"product","link":"https:\/\/grappa.no\/no\/albums\/simax-classics\/sergei-prokofiev-piano-concerto-and-symphony-no-7\/","title":{"rendered":"Sergei Prokofiev: Piano Concerto and Symphony No. 7"},"content":{"rendered":"<p><\/p>\n<p>Leif Ove Andsnes tolker Prokofiev<\/p>\n<p>Leif Ove Andsnes regnes som en av landets mest prominente og fremragende musikere. Han er med sine elleve Spellemannpriser den artist som har vunnet flest Spellemannstatuetter, og har gjort en rekke innspillinger for flere anerkjente plateselskaper, inkludert en innspilling av Chopin og Schumann p\u00e5 SIMAX Classics (PSC1063). P\u00e5 dette albumet fremf\u00f8rer den anerkjente pianisten Prokofievs pianokonsert nr. 3 og syvende symfoni med Bergen Filharmoniske Orkester under ledelse av dirigent Ole Kristian Ruud. <\/p>\n<p>Skrevet under Prokofievs opphold i USA, er den tredje pianokonserten i tre satser hvorav den andre er delt inn i fem variasjoner hver differensiert fra den andre i klangfarge. Den tredje satsen returnerer til en toccata-liknende stil, men fremhever det energiske og rytmiske. Prokofievs syvende symfoni, hans siste ferdig komponerte verk, ble f\u00f8rst fremf\u00f8rt p\u00e5 h\u00f8yden av den kalde krigen i 1952, et verk kritisert for \u00e5 v\u00e6re \u201dborgerlig musikk\u201d (New York Times). I dag er vi imidlertid i stand til \u00e5 vurdere musikken mer objektivt, og det regnes som et av komponistens vakreste; klar, attraktiv og vemodig, men p\u00e5 ingen m\u00e5ter svak. Leif Ove Andsnes og Bergen Filharmoniske Orkesters tolkning av Prokofievs verker er utvilsomt i verdensklasse der den fremhever den n\u00e6rmest legendariske pianistens mesterlige ferdigheter p\u00e5 pianoet.<\/p>\n<p><!--more--><\/p>\n<h4><\/h4>\n<\/p>\n<h4><\/h4>\n<p><h4><\/h4>\n<\/p>\n<p><\/p>","protected":false},"excerpt":{"rendered":"<p>Leif Ove Andsnes og Bergen Filharmoniske Orkesters tolkning av Prokofievs verker er utvilsomt i verdensklasse der den fremhever den n\u00e6rmest legendariske pianistens mesterlige ferdigheter p\u00e5 pianoet.<\/p>\n","protected":false},"featured_media":30587,"comment_status":"closed","ping_status":"open","template":"","meta":[],"product_brand":[],"product_cat":[180],"product_tag":[],"class_list":{"0":"post-30581","1":"product","2":"type-product","3":"status-publish","4":"has-post-thumbnail","6":"product_cat-simax-classics","7":"product_shipping_class-cddvd-shipping","8":"uni_artist_tag-bergen-philharmonic-orchestra","9":"uni_artist_tag-james-burnett","10":"uni_artist_tag-leif-ove-andsnes","11":"uni_artist_tag-ole-kristian-ruud","12":"uni_artist_tag-sergei-prokofiev","13":"uni_main_artist_tag-leif-ove-andsnes","14":"uni_artist_genre-concerto","15":"uni_artist_genre-orchestral","16":"uni_artist_genre-piano","18":"first","19":"instock","20":"taxable","21":"shipping-taxable","22":"purchasable","23":"product-type-simple"},"_links":{"self":[{"href":"https:\/\/grappa.no\/no\/wp-json\/wp\/v2\/product\/30581","targetHints":{"allow":["GET"]}}],"collection":[{"href":"https:\/\/grappa.no\/no\/wp-json\/wp\/v2\/product"}],"about":[{"href":"https:\/\/grappa.no\/no\/wp-json\/wp\/v2\/types\/product"}],"replies":[{"embeddable":true,"href":"https:\/\/grappa.no\/no\/wp-json\/wp\/v2\/comments?post=30581"}],"wp:featuredmedia":[{"embeddable":true,"href":"https:\/\/grappa.no\/no\/wp-json\/wp\/v2\/media\/30587"}],"wp:attachment":[{"href":"https:\/\/grappa.no\/no\/wp-json\/wp\/v2\/media?parent=30581"}],"wp:term":[{"taxonomy":"product_brand","embeddable":true,"href":"https:\/\/grappa.no\/no\/wp-json\/wp\/v2\/product_brand?post=30581"},{"taxonomy":"product_cat","embeddable":true,"href":"https:\/\/grappa.no\/no\/wp-json\/wp\/v2\/product_cat?post=30581"},{"taxonomy":"product_tag","embeddable":true,"href":"https:\/\/grappa.no\/no\/wp-json\/wp\/v2\/product_tag?post=30581"}],"curies":[{"name":"wp","href":"https:\/\/api.w.org\/{rel}","templated":true}]}}