{"id":30580,"date":"1990-02-02T00:00:00","date_gmt":"1990-02-01T23:00:00","guid":{"rendered":"http:\/\/www.grappa.no\/no\/albums\/ukategorisert\/brahms-piano-music-vol-2\/"},"modified":"2019-02-22T15:36:32","modified_gmt":"2019-02-22T14:36:32","slug":"brahms-piano-music-vol-2","status":"publish","type":"product","link":"https:\/\/grappa.no\/no\/albums\/simax-classics\/brahms-piano-music-vol-2\/","title":{"rendered":"Brahms Piano Music Vol. 2"},"content":{"rendered":"<p><\/p>\n<p>Majestetiske fremf\u00f8ringer av Brahms<\/p>\n<p>Eva Knardahl fortsetter sin utforskning av Brahms verker for piano i tre nye majestetiske fremf\u00f8ringer p\u00e5 det andre volumet i en serie av to album med komponistens verker. Med omfattende turn\u00e9virksomhet i USA lagt bak seg, har Knardahl siden sin retur til Norge i 1967 gjort en rekke innspillinger, inkludert Griegs samlede verker for piano, turnert over hele Norge og Europa og mottatt en rekke priser for sitt artistiske virke. Hennes pianistiske ferdigheter kommer utvilsomt godt til syne i hennes fremf\u00f8ringer av Brahms utfordrende verker p\u00e5 dette albumet. <\/p>\n<p>I Brahms \u201dVariations and Fugue on a Theme by Handel\u201d tar komponisten et blikk tilbake, forbi den klassiske perioden, til barokken i sin bearbeidelse av Handels tema. Brahms to rapsodier er begge sterkt lidenskapelige i sin storsl\u00e5thett, men med en tydelig kontroll p\u00e5 formens prinsipper. Med stemninger som spenner fra det lidenskapelige, det um\u00e5telig vakre, til det flammende, heroiske, stormende, og til og med det dyptf\u00f8lte tragiske, er Brahms seks pianostykker en samling sm\u00e5 verker for erfarne fingre som utviser komponistens mer voldsomme pianistiske krav \u2013 som selvf\u00f8lgelig mestres til det fulle av Knardahl og hennes eksepsjonelle tekniske ferdigheter.<\/p>\n<p><!--more--><\/p>\n<h4><\/h4>\n<\/p>\n<h4><\/h4>\n<p><h4><\/h4>\n<\/p>\n<p><\/p>","protected":false},"excerpt":{"rendered":"<p>Brahms h\u00f8ye pianistiske krav mestres til det fulle av Knardahl og hennes eksepsjonelle tekniske ferdigheter.<\/p>\n","protected":false},"featured_media":30586,"comment_status":"closed","ping_status":"open","template":"","meta":[],"product_brand":[],"product_cat":[180],"product_tag":[],"class_list":{"0":"post-30580","1":"product","2":"type-product","3":"status-publish","4":"has-post-thumbnail","6":"product_cat-simax-classics","7":"product_shipping_class-cddvd-shipping","8":"uni_artist_tag-arne-akselberg","9":"uni_artist_tag-eva-knardahl","10":"uni_artist_tag-johannes-brahms","11":"uni_main_artist_tag-eva-knardahl","12":"uni_artist_genre-piano","14":"first","15":"instock","16":"taxable","17":"shipping-taxable","18":"purchasable","19":"product-type-simple"},"_links":{"self":[{"href":"https:\/\/grappa.no\/no\/wp-json\/wp\/v2\/product\/30580","targetHints":{"allow":["GET"]}}],"collection":[{"href":"https:\/\/grappa.no\/no\/wp-json\/wp\/v2\/product"}],"about":[{"href":"https:\/\/grappa.no\/no\/wp-json\/wp\/v2\/types\/product"}],"replies":[{"embeddable":true,"href":"https:\/\/grappa.no\/no\/wp-json\/wp\/v2\/comments?post=30580"}],"wp:featuredmedia":[{"embeddable":true,"href":"https:\/\/grappa.no\/no\/wp-json\/wp\/v2\/media\/30586"}],"wp:attachment":[{"href":"https:\/\/grappa.no\/no\/wp-json\/wp\/v2\/media?parent=30580"}],"wp:term":[{"taxonomy":"product_brand","embeddable":true,"href":"https:\/\/grappa.no\/no\/wp-json\/wp\/v2\/product_brand?post=30580"},{"taxonomy":"product_cat","embeddable":true,"href":"https:\/\/grappa.no\/no\/wp-json\/wp\/v2\/product_cat?post=30580"},{"taxonomy":"product_tag","embeddable":true,"href":"https:\/\/grappa.no\/no\/wp-json\/wp\/v2\/product_tag?post=30580"}],"curies":[{"name":"wp","href":"https:\/\/api.w.org\/{rel}","templated":true}]}}