{"id":30579,"date":"1991-05-01T00:00:00","date_gmt":"1991-04-30T23:00:00","guid":{"rendered":"http:\/\/www.grappa.no\/no\/albums\/ukategorisert\/the-french-cello\/"},"modified":"2019-08-20T15:12:02","modified_gmt":"2019-08-20T14:12:02","slug":"the-french-cello","status":"publish","type":"product","link":"https:\/\/grappa.no\/no\/albums\/simax-classics\/the-french-cello\/","title":{"rendered":"The French Cello"},"content":{"rendered":"<p><\/p>\n<p>Truls M\u00f8rk i fransk repertoar<\/p>\n<p>Det er den franske celloen som st\u00e5r i fokus p\u00e5 dette albumet fra Truls M\u00f8rk og H\u00e5kon Austb\u00f8. Gjennom albumets 70 minutter fremf\u00f8rer duoen verk for cello av C\u00e9sar Franck, Ernest Chausson, Claude Debussy og Francis Poulenc, alle bautaer innen den franske musikken for instrumentet. Francks fiolinsonate, en av de sykliske komposisjonene komponisten selv var s\u00e5 glad i, er en genial bearbeidelse av kun tre toner som produserer flere av verkets temaer. Chaussons \u201dPi\u00e9ce for Cello and Piano\u201d, et sjeldent fremf\u00f8rt verk, er et rolig lyrisk verk ofte overskygget av storsl\u00e5ttheten i flere kjente verk fra samme periode. Verket er likevel noe av det vakreste fra den franske cellotradisjonen. Debussys sonate returnerer til de eldre, klassiske formene innen fransk musikk, komponert uten svulstigheten fra samtidige sonater. Poulencs sonate for cello og piano skiller seg ut fra komponistens opusliste som i stor grad er dominert av verker for trebl\u00e5sere. Som hans tidligere fiolinsonate er dette et substansielt verk hvor Poulenc viser seg fra sin mest oppfinnsomme og erfarne side. <\/p>\n<p>Som en av de mest fremragende cellistene p\u00e5 den internasjonale scenen, har Truls M\u00f8rk gjort seg bemerket gjennom en rekke nasjonale og internasjonale konkurranser, og har siden midten av 1980-tallet lagt omfattende turnering verden over bak seg. H\u00e5kon Austb\u00f8 har p\u00e5 sin side nytt internasjonal oppmerksomhet siden 1970-tallet og hatt en suksessfull internasjonal solo- og kammermusikk-karriere.<\/p>\n<p><!--more--><\/p>\n<h4><\/h4>\n<\/p>\n<h4><\/h4>\n<p><h4><\/h4>\n<\/p>\n<p><\/p>","protected":false},"excerpt":{"rendered":"<p>Gjennom albumets 70 minutter fremf\u00f8rer cellist Truls M\u00f8rk og pianist H\u00e5kon Austb\u00f8 verk for cello av C\u00e9sar Franck, Ernest Chausson, Claude Debussy og Francis Poulenc, pilarer innen den franske musikken for cello.<\/p>\n","protected":false},"featured_media":30585,"comment_status":"closed","ping_status":"open","template":"","meta":[],"product_brand":[],"product_cat":[180],"product_tag":[],"class_list":{"0":"post-30579","1":"product","2":"type-product","3":"status-publish","4":"has-post-thumbnail","6":"product_cat-simax-classics","7":"product_shipping_class-cddvd-shipping","8":"uni_artist_tag-cesar-franck","9":"uni_artist_tag-claude-debussy","10":"uni_artist_tag-ernst-chausson","11":"uni_artist_tag-francis-poulenc","12":"uni_artist_tag-hakon-austbo","13":"uni_artist_tag-james-burnett","14":"uni_artist_tag-truls-mork","15":"uni_main_artist_tag-truls-mork","16":"uni_artist_genre-chamber-music","17":"uni_artist_genre-strings","19":"first","20":"instock","21":"taxable","22":"shipping-taxable","23":"purchasable","24":"product-type-simple"},"_links":{"self":[{"href":"https:\/\/grappa.no\/no\/wp-json\/wp\/v2\/product\/30579","targetHints":{"allow":["GET"]}}],"collection":[{"href":"https:\/\/grappa.no\/no\/wp-json\/wp\/v2\/product"}],"about":[{"href":"https:\/\/grappa.no\/no\/wp-json\/wp\/v2\/types\/product"}],"replies":[{"embeddable":true,"href":"https:\/\/grappa.no\/no\/wp-json\/wp\/v2\/comments?post=30579"}],"wp:featuredmedia":[{"embeddable":true,"href":"https:\/\/grappa.no\/no\/wp-json\/wp\/v2\/media\/30585"}],"wp:attachment":[{"href":"https:\/\/grappa.no\/no\/wp-json\/wp\/v2\/media?parent=30579"}],"wp:term":[{"taxonomy":"product_brand","embeddable":true,"href":"https:\/\/grappa.no\/no\/wp-json\/wp\/v2\/product_brand?post=30579"},{"taxonomy":"product_cat","embeddable":true,"href":"https:\/\/grappa.no\/no\/wp-json\/wp\/v2\/product_cat?post=30579"},{"taxonomy":"product_tag","embeddable":true,"href":"https:\/\/grappa.no\/no\/wp-json\/wp\/v2\/product_tag?post=30579"}],"curies":[{"name":"wp","href":"https:\/\/api.w.org\/{rel}","templated":true}]}}