{"id":30578,"date":"1989-10-10T00:00:00","date_gmt":"1989-10-09T23:00:00","guid":{"rendered":"http:\/\/www.grappa.no\/no\/albums\/ukategorisert\/the-french-oboe\/"},"modified":"2019-02-22T15:36:25","modified_gmt":"2019-02-22T14:36:25","slug":"the-french-oboe","status":"publish","type":"product","link":"https:\/\/grappa.no\/no\/albums\/simax-classics\/the-french-oboe\/","title":{"rendered":"The French Oboe"},"content":{"rendered":"<p><\/p>\n<p>Den franske obo<\/p>\n<p>Det er helt naturlig at tittelen p\u00e5 dette albumet er \u201dThe French Oboe\u201d, ikke bare fordi musikken er fransk, men ogs\u00e5 fordi oboen selv er fransk. Siden instrumentets oppfinnelse p\u00e5 1600-tallet har franske komponister vist en massiv interesse for obo som solo instrument. Likevel finner man relativt f\u00e5 konserter i det franske obo-repertoaret, men det eksisterer en rekke sonater og kortere verker. Musikken p\u00e5 dette albumet er utvalgt som representativt p\u00e5 de beste og mest typiske av disse. <\/p>\n<p>En forl\u00f8per til denne tradisjonen er Deslandres \u201dIntroduction et Polonaise\u201d. Sjarmerende og brilliant er verket et 1800-talls fransk salongmusikk med tydelig ekko av Chopin. Det er flere likheter med dette verket og Grovlez \u201dSarabande\u201d, et verk som minner om hans l\u00e6rer komposisjoner, Faur\u00e9. Bozzas internasjonale rykte hviler for det meste p\u00e5 hans musikk for bl\u00e5sere, tydelig p\u00e5virket av 1900-tallets kammermusikk karakteristikker. Hans \u201dFantaisie Pastoral\u201d er full av flytende melodier, elegante strukturer og en bevisst forst\u00e5else av instrumentets muligheter. Dutilleux\u00b4s \u201dSonate\u201d er en av de fineste verkene for obo. Hans distinktive kunst, n\u00f8ye og fritt utformet, bygger direkte p\u00e5 musikken til Debussy, Ravel og Roussel. Saint-Saens \u201dSonata\u201d har sine r\u00f8tter tydelig i 1800-tallet; forsiktig romantisk musikk, pastoral og tilstedev\u00e6rende. Albumet avsluttes med to komposisjoner av Poulenc, unike i form av deres introverte og melankolske karakter \u2013 en stemning f\u00e5 verk i repertoaret for obo strekker seg mot.<\/p>\n<p><!--more--><\/p>\n<h4><\/h4>\n<\/p>\n<h4><\/h4>\n<p><h4><\/h4>\n<\/p>\n<p><\/p>","protected":false},"excerpt":{"rendered":"<p>Musikken p\u00e5 dette albumet er utvalgt som representativt p\u00e5 de beste og mest typiske av franske verk for obo.<\/p>\n","protected":false},"featured_media":30584,"comment_status":"closed","ping_status":"open","template":"","meta":[],"product_brand":[],"product_cat":[180],"product_tag":[],"class_list":{"0":"post-30578","1":"product","2":"type-product","3":"status-publish","4":"has-post-thumbnail","6":"product_cat-simax-classics","7":"product_shipping_class-cddvd-shipping","8":"uni_artist_tag-arne-akselberg","9":"uni_artist_tag-camille-saint-saens","10":"uni_artist_tag-francis-poulenc","11":"uni_artist_tag-gregor-zubicky","12":"uni_artist_tag-henri-dutilleux","13":"uni_artist_tag-matti-hirvonen","14":"uni_artist_tag-per-hannisdal","15":"uni_main_artist_tag-gregor-zubicky","16":"uni_artist_genre-chamber-music","17":"uni_artist_genre-winds","19":"first","20":"instock","21":"taxable","22":"shipping-taxable","23":"purchasable","24":"product-type-simple"},"_links":{"self":[{"href":"https:\/\/grappa.no\/no\/wp-json\/wp\/v2\/product\/30578","targetHints":{"allow":["GET"]}}],"collection":[{"href":"https:\/\/grappa.no\/no\/wp-json\/wp\/v2\/product"}],"about":[{"href":"https:\/\/grappa.no\/no\/wp-json\/wp\/v2\/types\/product"}],"replies":[{"embeddable":true,"href":"https:\/\/grappa.no\/no\/wp-json\/wp\/v2\/comments?post=30578"}],"wp:featuredmedia":[{"embeddable":true,"href":"https:\/\/grappa.no\/no\/wp-json\/wp\/v2\/media\/30584"}],"wp:attachment":[{"href":"https:\/\/grappa.no\/no\/wp-json\/wp\/v2\/media?parent=30578"}],"wp:term":[{"taxonomy":"product_brand","embeddable":true,"href":"https:\/\/grappa.no\/no\/wp-json\/wp\/v2\/product_brand?post=30578"},{"taxonomy":"product_cat","embeddable":true,"href":"https:\/\/grappa.no\/no\/wp-json\/wp\/v2\/product_cat?post=30578"},{"taxonomy":"product_tag","embeddable":true,"href":"https:\/\/grappa.no\/no\/wp-json\/wp\/v2\/product_tag?post=30578"}],"curies":[{"name":"wp","href":"https:\/\/api.w.org\/{rel}","templated":true}]}}