{"id":30575,"date":"1990-05-01T00:00:00","date_gmt":"1990-04-30T23:00:00","guid":{"rendered":"http:\/\/www.grappa.no\/no\/albums\/ukategorisert\/skryabin-piano-sonatas-vol-2\/"},"modified":"2019-02-22T15:36:22","modified_gmt":"2019-02-22T14:36:22","slug":"skryabin-piano-sonatas-vol-2","status":"publish","type":"product","link":"https:\/\/grappa.no\/no\/albums\/simax-classics\/skryabin-piano-sonatas-vol-2\/","title":{"rendered":"Skryabin Piano Sonatas. Vol. 2"},"content":{"rendered":"<p><\/p>\n<p>H\u00e5kon Austb\u00f8 spiller Skryabin<\/p>\n<p>Omtrent 75 \u00e5r etter Skryabins d\u00f8d har han blitt akseptert som en av de s\u00e6rlig betydningsfulle fornyere av musikk fra begynnelsen av forrige \u00e5rhundre. Man kan se p\u00e5 Skryabins verker som et fors\u00f8k p\u00e5 \u00e5 rettferdiggj\u00f8re hans fors\u00f8k p\u00e5 skapelsen av et filosofisk system gjennom hans musikk, og han skrev flere verk dypt p\u00e5virket av mystisisme, hvorav \u201dPrometheus, Op. 60\u201d kanskje er blant hans mest kjente. Hans sonater kan derfor forst\u00e5s som en del av en st\u00f8rre helhet; at hans musikk skulle bane vei for en fremtidig transcendens. <\/p>\n<p>Skryabins sonater l\u00e5ter faktisk ikke som noen annen form for musikk. De er underlagt sine egne regler, regler komponisten lagde selv. De er som vaklende figurer i rom; deres kamper, uansett hvor voldsomme, er ikke av denne verdenen, de h\u00f8rer hjemme i et eller annet kosmisk rike. Musikken er frigjort tonaliteten ved bruken av \u201dmystiske akkorder\u201d som genererer skalaer for alt melodisk materiale; de rytmiske teksturene er ekstremt fleksible og tenderer til \u00e5 flyte over taktstrekene; de flyktige motivene skaper et gjennomskinnelig nett av linjer. Fremf\u00f8rt av den anerkjente og kritikerroste pianisten H\u00e5kon Austb\u00f8, gir dette albumet oss lyttere et innblikk i ekstreme sinnstilstander, uvanlig selv for den sene romantikken. <\/p>\n<p>Dette albumet er det andre av to album som dekker Skryabins pianosonater. Volum \u00e9n er ogs\u00e5 tilgjenglig fra Simax Classics (PSC1055).<\/p>\n<p><!--more--><\/p>\n<h4><\/h4>\n<\/p>\n<h4><\/h4>\n<p><h4><\/h4>\n<\/p>\n<p><\/p>","protected":false},"excerpt":{"rendered":"<p>Fremf\u00f8rt av den anerkjente og kritikerroste pianisten H\u00e5kon Austb\u00f8, gir dette albumet oss lyttere et innblikk i ekstreme sinnstilstander, uvanlig selv for den sene romantikken.<\/p>\n","protected":false},"featured_media":30577,"comment_status":"closed","ping_status":"open","template":"","meta":[],"product_brand":[],"product_cat":[180],"product_tag":[],"class_list":{"0":"post-30575","1":"product","2":"type-product","3":"status-publish","4":"has-post-thumbnail","6":"product_cat-simax-classics","7":"product_shipping_class-cddvd-shipping","8":"uni_artist_tag-alexander-skryabin","9":"uni_artist_tag-arne-akselberg","10":"uni_artist_tag-hakon-austbo","11":"uni_main_artist_tag-hakon-austbo","12":"uni_artist_genre-piano","14":"first","15":"instock","16":"taxable","17":"shipping-taxable","18":"purchasable","19":"product-type-simple"},"_links":{"self":[{"href":"https:\/\/grappa.no\/no\/wp-json\/wp\/v2\/product\/30575","targetHints":{"allow":["GET"]}}],"collection":[{"href":"https:\/\/grappa.no\/no\/wp-json\/wp\/v2\/product"}],"about":[{"href":"https:\/\/grappa.no\/no\/wp-json\/wp\/v2\/types\/product"}],"replies":[{"embeddable":true,"href":"https:\/\/grappa.no\/no\/wp-json\/wp\/v2\/comments?post=30575"}],"wp:featuredmedia":[{"embeddable":true,"href":"https:\/\/grappa.no\/no\/wp-json\/wp\/v2\/media\/30577"}],"wp:attachment":[{"href":"https:\/\/grappa.no\/no\/wp-json\/wp\/v2\/media?parent=30575"}],"wp:term":[{"taxonomy":"product_brand","embeddable":true,"href":"https:\/\/grappa.no\/no\/wp-json\/wp\/v2\/product_brand?post=30575"},{"taxonomy":"product_cat","embeddable":true,"href":"https:\/\/grappa.no\/no\/wp-json\/wp\/v2\/product_cat?post=30575"},{"taxonomy":"product_tag","embeddable":true,"href":"https:\/\/grappa.no\/no\/wp-json\/wp\/v2\/product_tag?post=30575"}],"curies":[{"name":"wp","href":"https:\/\/api.w.org\/{rel}","templated":true}]}}