{"id":30567,"date":"2000-06-29T00:00:00","date_gmt":"2000-06-28T23:00:00","guid":{"rendered":"http:\/\/www.grappa.no\/no\/albums\/ukategorisert\/blomsten-i-stryn\/"},"modified":"2022-06-03T13:28:40","modified_gmt":"2022-06-03T12:28:40","slug":"blomsten-i-stryn","status":"publish","type":"product","link":"https:\/\/grappa.no\/no\/albums\/heilo\/blomsten-i-stryn\/","title":{"rendered":"Blomsten i Stryn"},"content":{"rendered":"<p><\/p>\n<p>En hedring av Per Bolstad<\/p>\n<p>Per Bolstad skulle bli en av de mest kjente spelemennene og komponistene av gamle dansemelodier i Norge. Som hans far, en selvl\u00e6rt og veldig kompetent felespiller, l\u00e6rte Per Bolstad \u00e5 lese og skrive musikk, og fremf\u00f8rte musikk b\u00e5de p\u00e5 den tradisjonelle m\u00e5ten som solo felespiller og den mer \u201dmoderne\u201d m\u00e5ten i et ensemble. Per Bolstads ensemble spilte regelmessig for NRK fra 1930-\u00e5rene og fremover, kun med fremf\u00f8ringer av Bolstads egne komposisjoner, hvorav en rekke n\u00f8t stor popularitet \u2013 ikke overraskende med tanke p\u00e5 hans l\u00e5tskriverevner som kulminerte i en rekke korte, ofte humoristiske vers.<\/p>\n<p>P\u00e5 dette albumet fremf\u00f8rer det nye Bolstad Ensemblet, med tre feler, to trekkspill, gitar og bass, et utvalg av Bolstads velkjente melodier, samt sanger som ikke tidligere har v\u00e6rt innspilt. Ogs\u00e5 inkludert p\u00e5 denne utgivelsen er Per Bolstads egne innspillinger, i en alder av 77 \u00e5r, av tre springarer og en selvkomponert vals. Bolstad gikk bort i 1967 etter en lang suksessfull karriere, inkludert mottakelsen av Kongens Fortjenstmedalje i gull for sitt virke. Dette albumet feirer hans 125te bursdag og sikrer hans viktige musikalske arv for ettertiden.<\/p>\n<p><!--more--><\/p>\n<h4><\/h4>\n<h4><\/h4>\n<h4><\/h4>\n<p><\/p>","protected":false},"excerpt":{"rendered":"<p>Per Bolstad skulle bli en av de mest kjente spelemennene og komponistene av gamle dansemelodier i Norge.<\/p>\n","protected":false},"featured_media":30570,"comment_status":"closed","ping_status":"closed","template":"","meta":[],"product_brand":[],"product_cat":[35],"product_tag":[],"class_list":{"0":"post-30567","1":"product","2":"type-product","3":"status-publish","4":"has-post-thumbnail","6":"product_cat-heilo","7":"product_shipping_class-cddvd-shipping","8":"uni_artist_tag-hallvard-kvale","9":"uni_artist_tag-trad","10":"uni_artist_genre-folk-music","12":"first","13":"outofstock","14":"taxable","15":"shipping-taxable","16":"purchasable","17":"product-type-simple"},"_links":{"self":[{"href":"https:\/\/grappa.no\/no\/wp-json\/wp\/v2\/product\/30567","targetHints":{"allow":["GET"]}}],"collection":[{"href":"https:\/\/grappa.no\/no\/wp-json\/wp\/v2\/product"}],"about":[{"href":"https:\/\/grappa.no\/no\/wp-json\/wp\/v2\/types\/product"}],"replies":[{"embeddable":true,"href":"https:\/\/grappa.no\/no\/wp-json\/wp\/v2\/comments?post=30567"}],"wp:featuredmedia":[{"embeddable":true,"href":"https:\/\/grappa.no\/no\/wp-json\/wp\/v2\/media\/30570"}],"wp:attachment":[{"href":"https:\/\/grappa.no\/no\/wp-json\/wp\/v2\/media?parent=30567"}],"wp:term":[{"taxonomy":"product_brand","embeddable":true,"href":"https:\/\/grappa.no\/no\/wp-json\/wp\/v2\/product_brand?post=30567"},{"taxonomy":"product_cat","embeddable":true,"href":"https:\/\/grappa.no\/no\/wp-json\/wp\/v2\/product_cat?post=30567"},{"taxonomy":"product_tag","embeddable":true,"href":"https:\/\/grappa.no\/no\/wp-json\/wp\/v2\/product_tag?post=30567"}],"curies":[{"name":"wp","href":"https:\/\/api.w.org\/{rel}","templated":true}]}}