{"id":30562,"date":"1999-12-23T00:00:00","date_gmt":"1999-12-22T23:00:00","guid":{"rendered":"http:\/\/www.grappa.no\/no\/albums\/ukategorisert\/brahms-violin-sonatas\/"},"modified":"2019-02-22T15:36:15","modified_gmt":"2019-02-22T14:36:15","slug":"brahms-violin-sonatas","status":"publish","type":"product","link":"https:\/\/grappa.no\/no\/albums\/simax-classics\/brahms-violin-sonatas\/","title":{"rendered":"Brahms Violin Sonatas"},"content":{"rendered":"<p><\/p>\n<p>Brahms fiolinsonater<\/p>\n<p>Tidlig tiltrukket av kammermusikk for fiolin, skulle Brahms skrive tre sonater for fiolin og piano i l\u00f8pet av sin karriere, alle skrevet og publisert i en ti\u00e5rsperiode. P\u00e5 dette albumet fremf\u00f8rer den distingverte fiolinisten Per Enoksson alle tre, akkompagnert av den erfarne pianisten Maria Nyberg. Brahms f\u00f8rste fiolinsonate i G-dur er uber\u00f8rt lyrisk i stemning i sin relativt beskjedne instrumentelle krav. Hans neste fiolinsonate skiller seg derimot kraftig fra G-dursonaten i sine strukturelle detaljer, men er like, om ikke mer, lyrisk enn sin forl\u00f8per. Det er utvilsomt den mest idylliske sonaten av de tre. Som en kontrast er D-mollsonaten heller en turbulent og lidenskapelig ytring som trekker minnene tilbake til komponistens Sturm und Drang-periode i sin ungdom. Per Enoksson og Maria Nyberg, med deres lange erfaring b\u00e5de som solister og kammermusikere, bl\u00e5ser nytt liv inn i tre s\u00e6rlig vakre og mesterlig komponerte sonater.<\/p>\n<p><!--more--><\/p>\n<h4><\/h4>\n<\/p>\n<h4><\/h4>\n<p><h4><\/h4>\n<\/p>\n<p><\/p>","protected":false},"excerpt":{"rendered":"<p>Per Enoksson og Maria Nyberg, med deres lange erfaring b\u00e5de som solister og kammermusikere, bl\u00e5ser nytt liv inn i Brahms s\u00e6rlig vakre og mesterlig komponerte sonater.<\/p>\n","protected":false},"featured_media":30564,"comment_status":"closed","ping_status":"open","template":"","meta":[],"product_brand":[],"product_cat":[180],"product_tag":[],"class_list":{"0":"post-30562","1":"product","2":"type-product","3":"status-publish","4":"has-post-thumbnail","6":"product_cat-simax-classics","7":"product_shipping_class-cddvd-shipping","8":"uni_artist_tag-arne-akselberg","9":"uni_artist_tag-johannes-brahms","10":"uni_artist_tag-maria-nyberg","11":"uni_artist_tag-per-enokson","12":"uni_main_artist_tag-per-enokson","13":"uni_artist_genre-chamber-music","14":"uni_artist_genre-complete","15":"uni_artist_genre-strings","17":"first","18":"instock","19":"taxable","20":"shipping-taxable","21":"product-type-simple"},"_links":{"self":[{"href":"https:\/\/grappa.no\/no\/wp-json\/wp\/v2\/product\/30562","targetHints":{"allow":["GET"]}}],"collection":[{"href":"https:\/\/grappa.no\/no\/wp-json\/wp\/v2\/product"}],"about":[{"href":"https:\/\/grappa.no\/no\/wp-json\/wp\/v2\/types\/product"}],"replies":[{"embeddable":true,"href":"https:\/\/grappa.no\/no\/wp-json\/wp\/v2\/comments?post=30562"}],"wp:featuredmedia":[{"embeddable":true,"href":"https:\/\/grappa.no\/no\/wp-json\/wp\/v2\/media\/30564"}],"wp:attachment":[{"href":"https:\/\/grappa.no\/no\/wp-json\/wp\/v2\/media?parent=30562"}],"wp:term":[{"taxonomy":"product_brand","embeddable":true,"href":"https:\/\/grappa.no\/no\/wp-json\/wp\/v2\/product_brand?post=30562"},{"taxonomy":"product_cat","embeddable":true,"href":"https:\/\/grappa.no\/no\/wp-json\/wp\/v2\/product_cat?post=30562"},{"taxonomy":"product_tag","embeddable":true,"href":"https:\/\/grappa.no\/no\/wp-json\/wp\/v2\/product_tag?post=30562"}],"curies":[{"name":"wp","href":"https:\/\/api.w.org\/{rel}","templated":true}]}}