{"id":30561,"date":"1999-12-11T00:00:00","date_gmt":"1999-12-10T23:00:00","guid":{"rendered":"http:\/\/www.grappa.no\/no\/albums\/ukategorisert\/contemporary-music-for-soprano-and-cello\/"},"modified":"2019-02-22T15:36:09","modified_gmt":"2019-02-22T14:36:09","slug":"contemporary-music-for-soprano-and-cello","status":"publish","type":"product","link":"https:\/\/grappa.no\/no\/albums\/simax-classics\/contemporary-music-for-soprano-and-cello\/","title":{"rendered":"Contemporary Music for Soprano and Cello"},"content":{"rendered":"<p><\/p>\n<p>Ukonvensjonell og variert samtidsmusikk<\/p>\n<p>Dorothy Dorow, som alltid beveger seg et godt stykke vekk fra famili\u00e6re og godt opptr\u00e5kkede stier, fremf\u00f8rer sammen med cellist Aage Kvalbein, et variert utvalg av samtidsmusikk for sopran og cello. James Wilsons \u201dRunes\u201d, komponert spesifikt for Dorow, med sine magiske kvaliteter, kjennetegnes av beskjedne teksturer og en fri form. \u00d8istein Sommerfeldt, tidligere student av Fartein Valen og Nadia Boulanger, utforsker temaet kj\u00e6rlighet i sitt verk \u201dOm Kj\u00e6rligheten\u201d, basert p\u00e5 Stein Mehrens dikt \u201dToward a World of Light\u201d og \u201dIllusions in a Mirror\u201d. Jacqueline Fontyns \u201dPro &amp; Anti Verbs\u201d er en humoristisk og enkel samling sm\u00e5 verker, mesterlig fremf\u00f8rt av duoen.<\/p>\n<p>Den tradisjonelle engelske sangen \u201dI will give my love and apple\u201d, arrangert av Dorow selv, beholder i all sin enkelhet den engelske melodiens vemodige atmosf\u00e6ren. Som en kontrast vekker Erik Bergmans mer episke \u201dLament and Incatations\u201d \u2013 basert p\u00e5 det finske nasjonaleposet \u201dKalevala\u201d \u2013 en hemmelighetsfull og truende stemning, hvor celloen understreker den merkelige og mystiske atmosf\u00e6ren ved hjelp av sp\u00f8kelsesaktige teknikker eller dramatisk voldsomhet. Ved siden av de for mange ukjente komponistnavnene p\u00e5 dette albumet, fremf\u00f8rer Dorow og Kvalbein ogs\u00e5 tre sanger av George Gershwin som summerer opp en uvanlig, men givende, fremf\u00f8ring p\u00e5 en passende ukonvensjonell m\u00e5te.<\/p>\n<p><!--more--><\/p>\n<h4><\/h4>\n<\/p>\n<h4><\/h4>\n<p><h4><\/h4>\n<\/p>\n<p><\/p>","protected":false},"excerpt":{"rendered":"<p>Dorothy Dorow og Aage Kvalbein unng\u00e5r de godt opptr\u00e5kkede stiene innen samtidsmusikk og presenterer noe helt unikt p\u00e5 deres samarbeidsalbum.<\/p>\n","protected":false},"featured_media":30563,"comment_status":"closed","ping_status":"open","template":"","meta":[],"product_brand":[],"product_cat":[180],"product_tag":[],"class_list":{"0":"post-30561","1":"product","2":"type-product","3":"status-publish","4":"has-post-thumbnail","6":"product_cat-simax-classics","7":"product_shipping_class-cddvd-shipping","8":"uni_artist_tag-aage-kvalbein","9":"uni_artist_tag-arne-akselberg","10":"uni_artist_tag-dorothy-dorow","11":"uni_artist_tag-george-gershwin","12":"uni_artist_tag-oistein-sommerfeldt","13":"uni_artist_tag-trad","14":"uni_main_artist_tag-dorothy-dorow","15":"uni_artist_genre-chamber-music","16":"uni_artist_genre-collection","17":"uni_artist_genre-contemporary-music","19":"first","20":"instock","21":"taxable","22":"shipping-taxable","23":"purchasable","24":"product-type-simple"},"_links":{"self":[{"href":"https:\/\/grappa.no\/no\/wp-json\/wp\/v2\/product\/30561","targetHints":{"allow":["GET"]}}],"collection":[{"href":"https:\/\/grappa.no\/no\/wp-json\/wp\/v2\/product"}],"about":[{"href":"https:\/\/grappa.no\/no\/wp-json\/wp\/v2\/types\/product"}],"replies":[{"embeddable":true,"href":"https:\/\/grappa.no\/no\/wp-json\/wp\/v2\/comments?post=30561"}],"wp:featuredmedia":[{"embeddable":true,"href":"https:\/\/grappa.no\/no\/wp-json\/wp\/v2\/media\/30563"}],"wp:attachment":[{"href":"https:\/\/grappa.no\/no\/wp-json\/wp\/v2\/media?parent=30561"}],"wp:term":[{"taxonomy":"product_brand","embeddable":true,"href":"https:\/\/grappa.no\/no\/wp-json\/wp\/v2\/product_brand?post=30561"},{"taxonomy":"product_cat","embeddable":true,"href":"https:\/\/grappa.no\/no\/wp-json\/wp\/v2\/product_cat?post=30561"},{"taxonomy":"product_tag","embeddable":true,"href":"https:\/\/grappa.no\/no\/wp-json\/wp\/v2\/product_tag?post=30561"}],"curies":[{"name":"wp","href":"https:\/\/api.w.org\/{rel}","templated":true}]}}