{"id":30552,"date":"1999-12-11T00:00:00","date_gmt":"1999-12-10T23:00:00","guid":{"rendered":"http:\/\/www.grappa.no\/no\/albums\/ukategorisert\/schumann-wolf-lieder\/"},"modified":"2019-02-22T15:36:06","modified_gmt":"2019-02-22T14:36:06","slug":"schumann-wolf-lieder","status":"publish","type":"product","link":"https:\/\/grappa.no\/no\/albums\/simax-classics\/schumann-wolf-lieder\/","title":{"rendered":"Schumann &amp; Wolf Lieder"},"content":{"rendered":"<p><\/p>\n<p>Galskap og kj\u00e6rlighet<\/p>\n<p>Som en gave til sin kone Clara Schumann, skrev Robert Schumann en samling sanger som samlet gikk under navnet \u201dMyrten\u201d, et dyptf\u00f8lt uttrykk for hans f\u00f8lelser for sine nye kone, f\u00f8lelser mye sterkere enn noen ord noen gang kunne h\u00e5pe \u00e5 kommunisere. To av disse sangene, kalt \u201dZwei venetianische Lieder\u201d, fremf\u00f8res av bariton Per Vollestad og pianist Sigmund Hjelset p\u00e5 dette albumet, et album fylt av verker av to komponister som delte den samme skjebnen med depresjon, galskap og sine siste \u00e5r bak anstaltsvegger. Foruten \u201dMyrten\u201d og de tragiske kj\u00e6rlighetssangene i Schumanns \u201dLiederkreis\u201d, fremf\u00f8rer ogs\u00e5 duoen sanger fra Hugo Wolfs \u201dItalienisches Liederbuch\u201d og \u201dM\u00f6rike-Lieder\u201d, som begge deler temaet kj\u00e6rlighet med Schumanns komposisjoner.<\/p>\n<p><!--more--><\/p>\n<h4><\/h4>\n<\/p>\n<h4><\/h4>\n<p><h4><\/h4>\n<\/p>\n<p><\/p>","protected":false},"excerpt":{"rendered":"<p>Galskap og kj\u00e6rlighet l\u00f8per som en r\u00f8d tr\u00e5d gjennom dette herlige albumet fylt med sanger av Robert Schumann og Hugo Wolf.<\/p>\n","protected":false},"featured_media":30556,"comment_status":"closed","ping_status":"open","template":"","meta":[],"product_brand":[],"product_cat":[180],"product_tag":[],"class_list":{"0":"post-30552","1":"product","2":"type-product","3":"status-publish","4":"has-post-thumbnail","6":"product_cat-simax-classics","7":"product_shipping_class-cddvd-shipping","8":"uni_artist_tag-arne-akselberg","9":"uni_artist_tag-hugo-wolf","10":"uni_artist_tag-per-vollestad","11":"uni_artist_tag-robert-schumann","12":"uni_artist_tag-sigmund-hjelset","13":"uni_main_artist_tag-per-vollestad","14":"uni_artist_genre-lieder","16":"first","17":"instock","18":"taxable","19":"shipping-taxable","20":"purchasable","21":"product-type-simple"},"_links":{"self":[{"href":"https:\/\/grappa.no\/no\/wp-json\/wp\/v2\/product\/30552","targetHints":{"allow":["GET"]}}],"collection":[{"href":"https:\/\/grappa.no\/no\/wp-json\/wp\/v2\/product"}],"about":[{"href":"https:\/\/grappa.no\/no\/wp-json\/wp\/v2\/types\/product"}],"replies":[{"embeddable":true,"href":"https:\/\/grappa.no\/no\/wp-json\/wp\/v2\/comments?post=30552"}],"wp:featuredmedia":[{"embeddable":true,"href":"https:\/\/grappa.no\/no\/wp-json\/wp\/v2\/media\/30556"}],"wp:attachment":[{"href":"https:\/\/grappa.no\/no\/wp-json\/wp\/v2\/media?parent=30552"}],"wp:term":[{"taxonomy":"product_brand","embeddable":true,"href":"https:\/\/grappa.no\/no\/wp-json\/wp\/v2\/product_brand?post=30552"},{"taxonomy":"product_cat","embeddable":true,"href":"https:\/\/grappa.no\/no\/wp-json\/wp\/v2\/product_cat?post=30552"},{"taxonomy":"product_tag","embeddable":true,"href":"https:\/\/grappa.no\/no\/wp-json\/wp\/v2\/product_tag?post=30552"}],"curies":[{"name":"wp","href":"https:\/\/api.w.org\/{rel}","templated":true}]}}