{"id":30551,"date":"1993-10-12T00:00:00","date_gmt":"1993-10-11T23:00:00","guid":{"rendered":"http:\/\/www.grappa.no\/no\/albums\/ukategorisert\/vierne-organ-symphonies\/"},"modified":"2019-02-22T15:36:03","modified_gmt":"2019-02-22T14:36:03","slug":"vierne-organ-symphonies","status":"publish","type":"product","link":"https:\/\/grappa.no\/no\/albums\/simax-classics\/vierne-organ-symphonies\/","title":{"rendered":"Vierne Organ Symphonies"},"content":{"rendered":"<p><\/p>\n<p>Franske orgelsymfonier p\u00e5 legendarisk svensk orgel<\/p>\n<p>Louis Viernes seks orgelsymfonier er hans viktigste verker og ble komponert mellom 1898 og 1931. Som organist i Notre Dame og en betydelig komponist for orgelet st\u00e5r Vierne som en av de viktigste franske orgelkomponistene. Hans majestetiske, intense og energiske, men tidvis dystre, f\u00f8rste symfoni, vakte adskillig oppsikt fordi den p\u00e5 samme tid som den videreutviklet den ledende skikkelsen i den franske orgelverden Charles-Marie Widors stil, var h\u00f8yst personlig. Som en helhet b\u00e6rer den umiskjennelige kjennetegn fra Widors symfonier, samtidig som den viser en alvorlig karakter, n\u00e6rt beslektet med C\u00e9sar Francks tonespr\u00e5k. Viernes fjerde symfoni, med sin alvorlige og tragiske undertone, reflekterer utvilsomt Viernes fortvilelse over den f\u00f8rste verdenskrigen. Med tilsynelatende retningsl\u00f8s kromatikk, men samtidig med et dyptf\u00f8lt uttrykk og underliggende spenninger, ender verket i storsl\u00e5tte fraser med en forbl\u00f8ffende slutt. <\/p>\n<p>Fremf\u00f8rt p\u00e5 det legendariske orgelet i Katarina Kyrka i Stockholm, som n\u00e5 er tapt for alltid etter en brannulykke, av en av Norges fremste konsertorganister, Bj\u00f8rn Boysen, inneholder dette albumet n\u00e6rmest perfekte tolkninger av Viernes symfonier. Den perfekte samh\u00f8righeten mellom rom, akustikk, prosjekt og orgelbyggere som kjennetegner orgelet, passer symfoniene, som st\u00e5r i sterk kontrast til hverandre, instrumentet som h\u00e5nd i hanske.<\/p>\n<p><!--more--><\/p>\n<h4><\/h4>\n<\/p>\n<h4><\/h4>\n<p><h4><\/h4>\n<\/p>\n<p><\/p>","protected":false},"excerpt":{"rendered":"<p>N\u00e6rmest perfekte tolkninger av Louis Viernes orgelsymfonier av Norges ledende konsertorganist, Bj\u00f8rn Boysen.<\/p>\n","protected":false},"featured_media":30555,"comment_status":"closed","ping_status":"open","template":"","meta":[],"product_brand":[],"product_cat":[180],"product_tag":[],"class_list":{"0":"post-30551","1":"product","2":"type-product","3":"status-publish","4":"has-post-thumbnail","6":"product_cat-simax-classics","7":"product_shipping_class-cddvd-shipping","8":"uni_artist_tag-arne-akselberg","9":"uni_artist_tag-bjorn-boysen","10":"uni_artist_tag-louis-vierne","11":"uni_main_artist_tag-bjorn-boysen","12":"uni_artist_genre-organ","14":"first","15":"instock","16":"taxable","17":"shipping-taxable","18":"purchasable","19":"product-type-simple"},"_links":{"self":[{"href":"https:\/\/grappa.no\/no\/wp-json\/wp\/v2\/product\/30551","targetHints":{"allow":["GET"]}}],"collection":[{"href":"https:\/\/grappa.no\/no\/wp-json\/wp\/v2\/product"}],"about":[{"href":"https:\/\/grappa.no\/no\/wp-json\/wp\/v2\/types\/product"}],"replies":[{"embeddable":true,"href":"https:\/\/grappa.no\/no\/wp-json\/wp\/v2\/comments?post=30551"}],"wp:featuredmedia":[{"embeddable":true,"href":"https:\/\/grappa.no\/no\/wp-json\/wp\/v2\/media\/30555"}],"wp:attachment":[{"href":"https:\/\/grappa.no\/no\/wp-json\/wp\/v2\/media?parent=30551"}],"wp:term":[{"taxonomy":"product_brand","embeddable":true,"href":"https:\/\/grappa.no\/no\/wp-json\/wp\/v2\/product_brand?post=30551"},{"taxonomy":"product_cat","embeddable":true,"href":"https:\/\/grappa.no\/no\/wp-json\/wp\/v2\/product_cat?post=30551"},{"taxonomy":"product_tag","embeddable":true,"href":"https:\/\/grappa.no\/no\/wp-json\/wp\/v2\/product_tag?post=30551"}],"curies":[{"name":"wp","href":"https:\/\/api.w.org\/{rel}","templated":true}]}}