{"id":30550,"date":"1988-11-21T00:00:00","date_gmt":"1988-11-20T23:00:00","guid":{"rendered":"http:\/\/www.grappa.no\/no\/albums\/ukategorisert\/beethoven-piano-sonatas-no-18-no-32\/"},"modified":"2019-02-22T15:34:00","modified_gmt":"2019-02-22T14:34:00","slug":"beethoven-piano-sonatas-no-18-no-32","status":"publish","type":"product","link":"https:\/\/grappa.no\/no\/albums\/simax-classics\/beethoven-piano-sonatas-no-18-no-32\/","title":{"rendered":"Beethoven Piano Sonatas no. 18 &amp; no. 32"},"content":{"rendered":"<p><\/p>\n<p>Et verdig minne<\/p>\n<p>Siste gang Robert Riefling spilte inn samtlige 32 Beethoven-sonater var i 1970. Han hadde et sterkt \u00f8nske om \u00e5 gj\u00f8re dette nok en gang, og innspillingene startet i mars 1988. Dessverre d\u00f8de han allerede 3 m\u00e5neder senere \u2013 1. Juli 1988 \u2013 76 \u00e5r gammel. Robert Riefling rakk derfor bare \u00e5 spille inn dette ene albumet, inneholdende Op. 31 nr. 3 og Op. 111, to sonater han ofte hadde p\u00e5 sine konsertprogram og som begge sto ham meget n\u00e6r. I et norsk TV-program i februar 1988 uttalte Riefling om Beethovens fire siste sonater: \u201dDe st\u00e5r som s\u00f8yler, som noen kolosser i klaverlitteraturen. De er alle sv\u00e6rt forskjellige. I opus 111 \u2013 den siste av sonatene \u2013 har Beethoven satt opp to karakterer mot hinannen; en nesten fanatisk kjempende karakter mot den absolutte avklarede, himmelske.\u201d<\/p>\n<p>Etter en rekke usedvanlig gode innspillinger av flere av Bachs verker, var alts\u00e5 Beethovens sonater det siste prosjektet Robert Riefling skulle begi seg ut p\u00e5. Dette albumet st\u00e5r som en bauta i, og er en h\u00f8yst verdig avslutning p\u00e5, pianistens lange karriere. Hans spill er preget av en perfekt teknikk, gjennomarbeidede og dypt personlige tolkninger og en aldri sviktende musikalsk smak. Riefling markerte seg i fremste rekke av klaverkunstnere gjennom utallige konserter i den vestlige verden og rundt 60 innspillinger. Dette er utvilsomt en av hans aller sterkeste utgivelser og et verdig minne om en av v\u00e5re dyktigste pianister gjennom tidene.<\/p>\n<p><!--more--><\/p>\n<h4><\/h4>\n<\/p>\n<h4><\/h4>\n<p><h4><\/h4>\n<\/p>\n<p><\/p>","protected":false},"excerpt":{"rendered":"<p>Robert Rieflings innspillinger av Beethovens sonater er utvilsomt en av hans aller sterkeste utgivelser og et verdig minne om en av v\u00e5re dyktigste pianister gjennom tidene.<\/p>\n","protected":false},"featured_media":30554,"comment_status":"closed","ping_status":"open","template":"","meta":[],"product_brand":[],"product_cat":[180],"product_tag":[],"class_list":{"0":"post-30550","1":"product","2":"type-product","3":"status-publish","4":"has-post-thumbnail","6":"product_cat-simax-classics","7":"product_shipping_class-cddvd-shipping","8":"uni_artist_tag-arne-akselberg","9":"uni_artist_tag-ludwig-van-beethoven","10":"uni_artist_tag-robert-riefling","11":"uni_main_artist_tag-robert-riefling","12":"uni_artist_genre-piano","14":"first","15":"instock","16":"taxable","17":"shipping-taxable","18":"purchasable","19":"product-type-simple"},"_links":{"self":[{"href":"https:\/\/grappa.no\/no\/wp-json\/wp\/v2\/product\/30550","targetHints":{"allow":["GET"]}}],"collection":[{"href":"https:\/\/grappa.no\/no\/wp-json\/wp\/v2\/product"}],"about":[{"href":"https:\/\/grappa.no\/no\/wp-json\/wp\/v2\/types\/product"}],"replies":[{"embeddable":true,"href":"https:\/\/grappa.no\/no\/wp-json\/wp\/v2\/comments?post=30550"}],"wp:featuredmedia":[{"embeddable":true,"href":"https:\/\/grappa.no\/no\/wp-json\/wp\/v2\/media\/30554"}],"wp:attachment":[{"href":"https:\/\/grappa.no\/no\/wp-json\/wp\/v2\/media?parent=30550"}],"wp:term":[{"taxonomy":"product_brand","embeddable":true,"href":"https:\/\/grappa.no\/no\/wp-json\/wp\/v2\/product_brand?post=30550"},{"taxonomy":"product_cat","embeddable":true,"href":"https:\/\/grappa.no\/no\/wp-json\/wp\/v2\/product_cat?post=30550"},{"taxonomy":"product_tag","embeddable":true,"href":"https:\/\/grappa.no\/no\/wp-json\/wp\/v2\/product_tag?post=30550"}],"curies":[{"name":"wp","href":"https:\/\/api.w.org\/{rel}","templated":true}]}}