{"id":30549,"date":"1988-10-05T00:00:00","date_gmt":"1988-10-04T23:00:00","guid":{"rendered":"http:\/\/www.grappa.no\/no\/albums\/ukategorisert\/the-crown-princess-sonja-international-piano-competition-1988-vol-2\/"},"modified":"2019-02-22T15:33:50","modified_gmt":"2019-02-22T14:33:50","slug":"the-crown-princess-sonja-international-piano-competition-1988-vol-2","status":"publish","type":"product","link":"https:\/\/grappa.no\/no\/albums\/simax-classics\/the-crown-princess-sonja-international-piano-competition-1988-vol-2\/","title":{"rendered":"The Crown Princess Sonja International Piano Competition 1988, vol. 2"},"content":{"rendered":"<p><\/p>\n<p>Den f\u00f8rste internasjonale musikkonkurransen p\u00e5 norsk jord<\/p>\n<p>Kronprinsesse Sonja Internasjonale Musikkonkurranse var den f\u00f8rste internasjonale musikkonkurranse p\u00e5 norsk grunn. Den fant sted i Oslo i tiden 11.-19. august 1988 og var \u00e5pen for pianister fra alle deler av verden f\u00f8dt mellom 1958 og 1969. M\u00e5lsetningene for en slik internasjonal konkurranse har v\u00e6rt mange. Det var et \u00f8nske at arrangementet skulle v\u00e6re et sted der norsk og internasjonal musikk m\u00f8ttes, og at den norske musikkens utvikling de seneste \u00e5rene skulle bli kjent i utlandet. For \u00e5 fremme dette m\u00e5let ble Edvard Griegs \u201dBallade, Op. 24\u201d valgt som obligatorisk verk under semifinalerunden, sammen med et utvalg fra norsk samtidsmusikk. Nigel Hill, her representert med sin tolkning av Folke Str\u00f6mholms \u201dWater, a phenomenological study\u201d gikk av med seieren.<\/p>\n<p>Dette albumet, som er det andre i en serie p\u00e5 to album, er ikke bare en musikkhistorisk kuriositet, men et viktig bidrag til \u00e5 sette norsk musikkliv p\u00e5 verdenskartet, og ikke minst en fantastisk samling pianostykker av noen av verdens fremste musikere.<\/p>\n<p><!--more--><\/p>\n<h4><\/h4>\n<\/p>\n<h4><\/h4>\n<p><h4><\/h4>\n<\/p>\n<p><\/p>","protected":false},"excerpt":{"rendered":"<p>Dette albumet er ikke bare en musikkhistorisk kuriositet, men et viktig bidrag til \u00e5 sette norsk musikkliv p\u00e5 verdenskartet, og ikke minst en fantastisk samling pianostykker av noen av verdens fremste musikere.<\/p>\n","protected":false},"featured_media":30553,"comment_status":"closed","ping_status":"open","template":"","meta":[],"product_brand":[],"product_cat":[180],"product_tag":[],"class_list":{"0":"post-30549","1":"product","2":"type-product","3":"status-publish","4":"has-post-thumbnail","6":"product_cat-simax-classics","7":"product_shipping_class-cddvd-shipping","8":"uni_artist_tag-franz-liszt","9":"uni_artist_tag-johannes-brahms","10":"uni_artist_tag-ludwig-van-beethoven","11":"uni_artist_tag-nigel-hill","12":"uni_main_artist_tag-nigel-hill","13":"uni_artist_genre-collection","14":"uni_artist_genre-contemporary-music","15":"uni_artist_genre-piano","17":"first","18":"instock","19":"taxable","20":"shipping-taxable","21":"purchasable","22":"product-type-simple"},"_links":{"self":[{"href":"https:\/\/grappa.no\/no\/wp-json\/wp\/v2\/product\/30549","targetHints":{"allow":["GET"]}}],"collection":[{"href":"https:\/\/grappa.no\/no\/wp-json\/wp\/v2\/product"}],"about":[{"href":"https:\/\/grappa.no\/no\/wp-json\/wp\/v2\/types\/product"}],"replies":[{"embeddable":true,"href":"https:\/\/grappa.no\/no\/wp-json\/wp\/v2\/comments?post=30549"}],"wp:featuredmedia":[{"embeddable":true,"href":"https:\/\/grappa.no\/no\/wp-json\/wp\/v2\/media\/30553"}],"wp:attachment":[{"href":"https:\/\/grappa.no\/no\/wp-json\/wp\/v2\/media?parent=30549"}],"wp:term":[{"taxonomy":"product_brand","embeddable":true,"href":"https:\/\/grappa.no\/no\/wp-json\/wp\/v2\/product_brand?post=30549"},{"taxonomy":"product_cat","embeddable":true,"href":"https:\/\/grappa.no\/no\/wp-json\/wp\/v2\/product_cat?post=30549"},{"taxonomy":"product_tag","embeddable":true,"href":"https:\/\/grappa.no\/no\/wp-json\/wp\/v2\/product_tag?post=30549"}],"curies":[{"name":"wp","href":"https:\/\/api.w.org\/{rel}","templated":true}]}}