{"id":30544,"date":"1989-10-16T00:00:00","date_gmt":"1989-10-15T23:00:00","guid":{"rendered":"http:\/\/www.grappa.no\/no\/albums\/ukategorisert\/j-s-bach-das-wohltemperierte-clavier-ii\/"},"modified":"2019-02-22T15:33:57","modified_gmt":"2019-02-22T14:33:57","slug":"j-s-bach-das-wohltemperierte-clavier-ii","status":"publish","type":"product","link":"https:\/\/grappa.no\/no\/albums\/simax-classics\/j-s-bach-das-wohltemperierte-clavier-ii\/","title":{"rendered":"J.S. Bach: Das Wohltemperierte Clavier II"},"content":{"rendered":"<p><\/p>\n<p>Robert Riefling i Bach<\/p>\n<p>Robert Riefling tok p\u00e5 seg oppgaven \u00e5 spille inn Bachs komplette \u201dDas Wohltemperierte Klavier\u201d, en storstilt oppgave de fleste bare kan dr\u00f8mme om \u00e5 f\u00e5 muligheten til. Men Riefling har ikke bare spilt de inn, han har fremf\u00f8rt de med en s\u00e5 stor pondus at han skyggelegger de fleste utgivelser med det samme repertoaret. I den store mengden av tolkninger av verket, klarer den prisvinnende pianisten \u00e5 skille seg ut. Gjennom en 65-\u00e5rig konsertvirksomhet sitter disse verkene ikke bare i fingrene p\u00e5 den eksepsjonelle pianisten, men godt plantet i hele hans musikalske vesen. Hans spill er preget av en perfekt teknikk, gjennomarbeidede og dypt personlige tolkninger og en aldri sviktende musikalsk smak. Han har markert seg i fremste rekke av klaverkunstnere gjennom utallige konserter i den vestlige verden og rundt 60 innspillinger. Dette er Bach fremf\u00f8rt i verdensklasse!<\/p>\n<p>Dette albumet inneholder bok 2 av \u201dDas Wohltemperierte Klavier\u201d. Bok 1 er ogs\u00e5 tilgjengelig fra Simax Classics (PSC1044).<\/p>\n<p><!--more--><\/p>\n<h4><\/h4>\n<\/p>\n<h4><\/h4>\n<p><h4><\/h4>\n<\/p>\n<p><\/p>","protected":false},"excerpt":{"rendered":"<p>Robert Rieflings storstilte framf\u00f8ring av Bachs &quot;Das Wohltemperierte Klavier&quot; er i verdensklasse!<\/p>\n","protected":false},"featured_media":30548,"comment_status":"closed","ping_status":"open","template":"","meta":[],"product_brand":[],"product_cat":[180],"product_tag":[],"class_list":{"0":"post-30544","1":"product","2":"type-product","3":"status-publish","4":"has-post-thumbnail","6":"product_cat-simax-classics","7":"product_shipping_class-cddvd-shipping","8":"uni_artist_tag-johann-sebastian-bach","9":"uni_artist_tag-robert-riefling","10":"uni_main_artist_tag-robert-riefling","11":"uni_artist_genre-complete","13":"first","14":"outofstock","15":"taxable","16":"shipping-taxable","17":"product-type-simple"},"_links":{"self":[{"href":"https:\/\/grappa.no\/no\/wp-json\/wp\/v2\/product\/30544","targetHints":{"allow":["GET"]}}],"collection":[{"href":"https:\/\/grappa.no\/no\/wp-json\/wp\/v2\/product"}],"about":[{"href":"https:\/\/grappa.no\/no\/wp-json\/wp\/v2\/types\/product"}],"replies":[{"embeddable":true,"href":"https:\/\/grappa.no\/no\/wp-json\/wp\/v2\/comments?post=30544"}],"wp:featuredmedia":[{"embeddable":true,"href":"https:\/\/grappa.no\/no\/wp-json\/wp\/v2\/media\/30548"}],"wp:attachment":[{"href":"https:\/\/grappa.no\/no\/wp-json\/wp\/v2\/media?parent=30544"}],"wp:term":[{"taxonomy":"product_brand","embeddable":true,"href":"https:\/\/grappa.no\/no\/wp-json\/wp\/v2\/product_brand?post=30544"},{"taxonomy":"product_cat","embeddable":true,"href":"https:\/\/grappa.no\/no\/wp-json\/wp\/v2\/product_cat?post=30544"},{"taxonomy":"product_tag","embeddable":true,"href":"https:\/\/grappa.no\/no\/wp-json\/wp\/v2\/product_tag?post=30544"}],"curies":[{"name":"wp","href":"https:\/\/api.w.org\/{rel}","templated":true}]}}