{"id":30541,"date":"1988-09-09T00:00:00","date_gmt":"1988-09-08T23:00:00","guid":{"rendered":"http:\/\/www.grappa.no\/no\/albums\/ukategorisert\/the-contemporary-double-bass-vol-i\/"},"modified":"2019-02-22T15:33:37","modified_gmt":"2019-02-22T14:33:37","slug":"the-contemporary-double-bass-vol-i","status":"publish","type":"product","link":"https:\/\/grappa.no\/no\/albums\/simax-classics\/the-contemporary-double-bass-vol-i\/","title":{"rendered":"The Contemporary Double Bass vol I"},"content":{"rendered":"<p><\/p>\n<p>Kontrabassens magi<\/p>\n<p>Ideen om \u00e5 skrive musikk for solo kontrabass har inspirert en rekke komponister. Bj\u00f8rn Ianke har samlet syv av de mest profilerte stykkene p\u00e5 dette albumet, hvorav enkelte var komponert for musikeren selv. Cecilie Ores \u201dContracanthus\u201d beveger seg rundt gitte punkter av besettelse med strukturer som virker \u00e5 bevege seg uten \u00e5 utvikle seg \u2013 en line\u00e6r ikke-linearitet. Karlheinz Stockhausens \u201dTierkreis\u201d (zodiak) er, som navnet indikerer, en samling melodier basert p\u00e5 zodiaken, opprinnelig komponert som materiale for \u201dMusik im Bauch\u201d, et stykke musikk med sterke teatralske eller rituelle elementer. \u201dTwo Sketches\u201d, tidligere feilaktig tilskrevet den italienske komponisten Luigi Dallapiccola, men n\u00e5 av ukjent opprinnelse, fremviser en fantasifull klangbruk og hyppige stemningsskifter. Det ekspressive stykket \u201dHovering Dephts\u201d, av den norske komponisten Magnar \u00c5m, delvis inspirert av malerier, drar tankene mot bildet av en storsl\u00e5tt, m\u00f8rkt fjell og dets refleksjon i innsj\u00f8en. Som en kontrast er Jean Francaix\u00b4 \u201cTh\u00e8me vari\u00e9 pour Contrabasse solo\u201d et lystigere verk, som begynner tradisjonsbundet, men senere beveger seg inn i en utvidet tonalitet. I tillegg til disse, inneholder dette albumet ogs\u00e5 verdenspremieren av Hans Werner Henzes S. Biago 9 Agosto ore 1207.<\/p>\n<p><!--more--><\/p>\n<h4><\/h4>\n<\/p>\n<h4><\/h4>\n<p><h4><\/h4>\n<\/p>\n<p><\/p>","protected":false},"excerpt":{"rendered":"<p>Bj\u00f8rn Ianke har samlet syv av de mest profilerte stykkene for solo kontrabass p\u00e5 dette albumet, inkludert en verdenspremiere.<\/p>\n","protected":false},"featured_media":30545,"comment_status":"closed","ping_status":"open","template":"","meta":[],"product_brand":[],"product_cat":[180],"product_tag":[],"class_list":{"0":"post-30541","1":"product","2":"type-product","3":"status-publish","4":"has-post-thumbnail","6":"product_cat-simax-classics","7":"product_shipping_class-cddvd-shipping","8":"uni_artist_tag-arne-peter-rognan","9":"uni_artist_tag-bjorn-ianke","10":"uni_artist_tag-cecilie-ore","11":"uni_artist_tag-enrico-marinardi","12":"uni_artist_tag-hans-werner-henze","13":"uni_artist_tag-jean-francaix","14":"uni_artist_tag-karlheinz-stockhausen","15":"uni_artist_tag-magnar-am","16":"uni_main_artist_tag-bjorn-ianke","17":"uni_artist_genre-contemporary-music","18":"uni_artist_genre-solo","19":"uni_artist_genre-strings","21":"first","22":"instock","23":"taxable","24":"shipping-taxable","25":"purchasable","26":"product-type-simple"},"_links":{"self":[{"href":"https:\/\/grappa.no\/no\/wp-json\/wp\/v2\/product\/30541","targetHints":{"allow":["GET"]}}],"collection":[{"href":"https:\/\/grappa.no\/no\/wp-json\/wp\/v2\/product"}],"about":[{"href":"https:\/\/grappa.no\/no\/wp-json\/wp\/v2\/types\/product"}],"replies":[{"embeddable":true,"href":"https:\/\/grappa.no\/no\/wp-json\/wp\/v2\/comments?post=30541"}],"wp:featuredmedia":[{"embeddable":true,"href":"https:\/\/grappa.no\/no\/wp-json\/wp\/v2\/media\/30545"}],"wp:attachment":[{"href":"https:\/\/grappa.no\/no\/wp-json\/wp\/v2\/media?parent=30541"}],"wp:term":[{"taxonomy":"product_brand","embeddable":true,"href":"https:\/\/grappa.no\/no\/wp-json\/wp\/v2\/product_brand?post=30541"},{"taxonomy":"product_cat","embeddable":true,"href":"https:\/\/grappa.no\/no\/wp-json\/wp\/v2\/product_cat?post=30541"},{"taxonomy":"product_tag","embeddable":true,"href":"https:\/\/grappa.no\/no\/wp-json\/wp\/v2\/product_tag?post=30541"}],"curies":[{"name":"wp","href":"https:\/\/api.w.org\/{rel}","templated":true}]}}