{"id":30530,"date":"1992-01-20T00:00:00","date_gmt":"1992-01-19T23:00:00","guid":{"rendered":"http:\/\/www.grappa.no\/no\/albums\/ukategorisert\/j-s-bach-organ-music\/"},"modified":"2019-02-22T15:33:34","modified_gmt":"2019-02-22T14:33:34","slug":"j-s-bach-organ-music","status":"publish","type":"product","link":"https:\/\/grappa.no\/no\/albums\/simax-classics\/j-s-bach-organ-music\/","title":{"rendered":"J.S. Bach: Organ Music"},"content":{"rendered":"<p><\/p>\n<p>N\u00f8kkelen til Bachs verden<\/p>\n<p>J. S. Bachs orgelmusikk er ansett som et av de edleste monumentene i den europeiske musikkhistorien. Hans koral preluder st\u00e5r som den dypeste og mest intense utforskningen av den protestantiske troen, og i tillegg til hans kantater, er Bachs orgelmusikk selve n\u00f8kkelen til komponistens verden. Fremf\u00f8rt p\u00e5 orgelet i Waalse Kerk, Amsterdam, f\u00e5r Bachs orgelmusikk den behandlingen den virkelig fortjener av den orgelspesialisten Kolbein Haga. Hans kunnskap om den nord-tyske orgelskolen fra 1600- og 1700-tallet er omfattende, og han gjorde blant annet en fremf\u00f8ring av Bachs komplette orgelverker i 1985 i anledning komponistens 300-\u00e5rs jubileum. Kolbein Haga innspillinger av Bachs orgelverker er utvilsomt i en s\u00e6rklasse!<\/p>\n<p><!--more--><\/p>\n<h4><\/h4>\n<\/p>\n<h4><\/h4>\n<p><h4><\/h4>\n<\/p>\n<p><\/p>","protected":false},"excerpt":{"rendered":"<p>Med n\u00f8kkelen til Bachs verden, \u00e5pner organist Kolbein Haga d\u00f8rene til et av de edleste monumentene i den europeiske musikkhistorien.<\/p>\n","protected":false},"featured_media":30533,"comment_status":"closed","ping_status":"open","template":"","meta":[],"product_brand":[],"product_cat":[180],"product_tag":[],"class_list":{"0":"post-30530","1":"product","2":"type-product","3":"status-publish","4":"has-post-thumbnail","6":"product_cat-simax-classics","7":"product_shipping_class-cddvd-shipping","8":"uni_artist_tag-johann-sebastian-bach","9":"uni_artist_tag-kare-nordstoga","10":"uni_artist_tag-kolbein-haga","11":"uni_main_artist_tag-kolbein-haga","12":"uni_artist_genre-organ","14":"first","15":"instock","16":"taxable","17":"shipping-taxable","18":"purchasable","19":"product-type-simple"},"_links":{"self":[{"href":"https:\/\/grappa.no\/no\/wp-json\/wp\/v2\/product\/30530","targetHints":{"allow":["GET"]}}],"collection":[{"href":"https:\/\/grappa.no\/no\/wp-json\/wp\/v2\/product"}],"about":[{"href":"https:\/\/grappa.no\/no\/wp-json\/wp\/v2\/types\/product"}],"replies":[{"embeddable":true,"href":"https:\/\/grappa.no\/no\/wp-json\/wp\/v2\/comments?post=30530"}],"wp:featuredmedia":[{"embeddable":true,"href":"https:\/\/grappa.no\/no\/wp-json\/wp\/v2\/media\/30533"}],"wp:attachment":[{"href":"https:\/\/grappa.no\/no\/wp-json\/wp\/v2\/media?parent=30530"}],"wp:term":[{"taxonomy":"product_brand","embeddable":true,"href":"https:\/\/grappa.no\/no\/wp-json\/wp\/v2\/product_brand?post=30530"},{"taxonomy":"product_cat","embeddable":true,"href":"https:\/\/grappa.no\/no\/wp-json\/wp\/v2\/product_cat?post=30530"},{"taxonomy":"product_tag","embeddable":true,"href":"https:\/\/grappa.no\/no\/wp-json\/wp\/v2\/product_tag?post=30530"}],"curies":[{"name":"wp","href":"https:\/\/api.w.org\/{rel}","templated":true}]}}