{"id":30529,"date":"1992-01-13T00:00:00","date_gmt":"1992-01-12T23:00:00","guid":{"rendered":"http:\/\/www.grappa.no\/no\/albums\/ukategorisert\/shostakovich-prokofiev\/"},"modified":"2019-02-22T15:33:30","modified_gmt":"2019-02-22T14:33:30","slug":"shostakovich-prokofiev","status":"publish","type":"product","link":"https:\/\/grappa.no\/no\/albums\/simax-classics\/shostakovich-prokofiev\/","title":{"rendered":"Shostakovich &amp; Prokofiev"},"content":{"rendered":"<p><\/p>\n<p>Sovjetisk realisme fra Wolfgang Plagge<\/p>\n<p>Wolfgang Plagges tolkninger av de sovjetiske komponistene Dmitri Shostakovich og Sergei Prokofiev er ikke mindre enn fantastisk. Pianisten evner \u00e5 vekke til live nerv\u00f8siteten og det paniske, men samtidig den overjordiske skj\u00f8nnheten, i Shostakovichs pianosonate. Mange forhold har f\u00f8rt til at Sjostakovichs andre klaversonate har fristet en temmelig anonym tilv\u00e6relse siden ble til, midt i komponistens rikeste skapende periode til da. B\u00e5de ekspressivt og innholdsmessig st\u00e5r den ikke tilbake for de symfoniske verkene fra samme periode. Prokofiev hadde, med mange \u00e5rs utlendighet bak seg b\u00e5de i Frankrike og USA, et mer internasjonalt farget preg. Hans sjette klaversonate er et verk preget av ubendig p\u00e5gangsmot, kamp og seier b\u00e5de over andre og over seg selv. <\/p>\n<p>Siden sin debut som bare 12 \u00e5r gammel, har Wolfgang Plagge vunnet en rekke priser i nasjonale og internasjonale konkurranser, og har v\u00e6rt sv\u00e6rt aktiv som recitalpianist, som solist med orkester og som kammermusiker over store deler av Europa.<\/p>\n<p><!--more--><\/p>\n<h4><\/h4>\n<\/p>\n<h4><\/h4>\n<p><h4><\/h4>\n<\/p>\n<p><\/p>","protected":false},"excerpt":{"rendered":"<p>Wolfgang Plagge evner \u00e5 vekke til live nerv\u00f8siteten og det paniske, men samtidig den overjordiske skj\u00f8nnheten, i Shostakovichs andre klaversonate, og det ubendige p\u00e5gangsmotet i Prokofievs sjette klaversonate.<\/p>\n","protected":false},"featured_media":30532,"comment_status":"closed","ping_status":"open","template":"","meta":[],"product_brand":[],"product_cat":[180],"product_tag":[],"class_list":{"0":"post-30529","1":"product","2":"type-product","3":"status-publish","4":"has-post-thumbnail","6":"product_cat-simax-classics","7":"product_shipping_class-cddvd-shipping","8":"uni_artist_tag-arne-akselberg","9":"uni_artist_tag-dimitri-shostakovich","10":"uni_artist_tag-sergei-prokofiev","11":"uni_artist_tag-wolfgang-plagge","12":"uni_main_artist_tag-wolfgang-plagge","13":"uni_artist_genre-piano","14":"uni_artist_genre-solo","16":"first","17":"instock","18":"taxable","19":"shipping-taxable","20":"purchasable","21":"product-type-simple"},"_links":{"self":[{"href":"https:\/\/grappa.no\/no\/wp-json\/wp\/v2\/product\/30529","targetHints":{"allow":["GET"]}}],"collection":[{"href":"https:\/\/grappa.no\/no\/wp-json\/wp\/v2\/product"}],"about":[{"href":"https:\/\/grappa.no\/no\/wp-json\/wp\/v2\/types\/product"}],"replies":[{"embeddable":true,"href":"https:\/\/grappa.no\/no\/wp-json\/wp\/v2\/comments?post=30529"}],"wp:featuredmedia":[{"embeddable":true,"href":"https:\/\/grappa.no\/no\/wp-json\/wp\/v2\/media\/30532"}],"wp:attachment":[{"href":"https:\/\/grappa.no\/no\/wp-json\/wp\/v2\/media?parent=30529"}],"wp:term":[{"taxonomy":"product_brand","embeddable":true,"href":"https:\/\/grappa.no\/no\/wp-json\/wp\/v2\/product_brand?post=30529"},{"taxonomy":"product_cat","embeddable":true,"href":"https:\/\/grappa.no\/no\/wp-json\/wp\/v2\/product_cat?post=30529"},{"taxonomy":"product_tag","embeddable":true,"href":"https:\/\/grappa.no\/no\/wp-json\/wp\/v2\/product_tag?post=30529"}],"curies":[{"name":"wp","href":"https:\/\/api.w.org\/{rel}","templated":true}]}}