{"id":30528,"date":"1992-01-09T00:00:00","date_gmt":"1992-01-08T23:00:00","guid":{"rendered":"http:\/\/www.grappa.no\/no\/albums\/ukategorisert\/contemporary-church-music-from-scandinavia\/"},"modified":"2019-02-22T15:33:24","modified_gmt":"2019-02-22T14:33:24","slug":"contemporary-church-music-from-scandinavia","status":"publish","type":"product","link":"https:\/\/grappa.no\/no\/albums\/simax-classics\/contemporary-church-music-from-scandinavia\/","title":{"rendered":"Contemporary Church Music from Scandinavia"},"content":{"rendered":"<p><\/p>\n<p>Den moderne siden av nordisk kirkemusikk<\/p>\n<p>\u201dContemporary Church Music from Scandinavia\u201d presenterer fem komponister som p\u00e5 hver sin m\u00e5te har v\u00e6rt med p\u00e5 \u00e5 utvide grensene for det kirkemusikalske formatet. Oslo Katedralkor, under ledelse av dirigent Terje Kvam, og organist K\u00e5re Nordstoga fremhever det moderne i den Skandinaviske kirkemusikken i sine fremf\u00f8ringer av Vagn Holmboes, Bengt Hambr\u00e6us, Egil Hovlands, Knut Nystedts og Trond Kvernos verker. <\/p>\n<p>Vagn Holmboes motetter kombinerer p\u00e5 en genuin m\u00e5te det apollinske og det dionysiske, som grovt sett kan sies \u00e5 v\u00e6re hovedprinsipper i hans skapende arbeid. I Bengt Hambr\u00e6us kirkemusikalske verker finner vi en eiendommelig sammensmelting av tilsynelatende musikalske ytterligheter \u2013 en primitiv harmoni, som f\u00f8rer tankene hen til 1100-tallets organumstil speiles i samtidens kosmiske clusterklanger og fargevirkninger. Egil Hovland har p\u00e5 en rekke omr\u00e5der innen kirkemusikken v\u00e6rt den toneangivende fornyer. Hans senere verker b\u00e6rer preg av neoromantiske trekk, samtidig som 1960-tallets eksperimentalisme gir musikken nye dimensjoner. Ogs\u00e5 Knut Nystedt har v\u00e6rt en av fornyerne innen kirkemusikken i Norge og fulgt mye av den samme utviklingen som Hovland. Hans vide og differensierte klangspektrum b\u00e6rer tydelig preg av neoromantiske elementer. Trond Kvernos verker er utvilsomt preget av et moderne tonespr\u00e5k, og komponisten har v\u00e6rt en betydelig bidragsyter i fornyet interesse for en rekke kirkemusikalske genre.<\/p>\n<p><!--more--><\/p>\n<h4><\/h4>\n<\/p>\n<h4><\/h4>\n<p><h4><\/h4>\n<\/p>\n<p><\/p>","protected":false},"excerpt":{"rendered":"<p>\u201dContemporary Church Music from Scandinavia\u201d presenterer fem komponister som p\u00e5 hver sin m\u00e5te har v\u00e6rt med p\u00e5 \u00e5 utvide grensene for det kirkemusikalske formatet.<\/p>\n","protected":false},"featured_media":30531,"comment_status":"closed","ping_status":"open","template":"","meta":[],"product_brand":[],"product_cat":[180],"product_tag":[],"class_list":{"0":"post-30528","1":"product","2":"type-product","3":"status-publish","4":"has-post-thumbnail","6":"product_cat-simax-classics","7":"product_shipping_class-cddvd-shipping","8":"uni_artist_tag-egil-hovland","9":"uni_artist_tag-kare-nordstoga","10":"uni_artist_tag-knut-nystedt","11":"uni_artist_tag-oslo-cathedral-choir","12":"uni_artist_tag-terje-kvam","13":"uni_artist_tag-tore-simonsen","14":"uni_artist_tag-trond-kverno","15":"uni_artist_tag-vagn-holmboe","16":"uni_main_artist_tag-oslo-cathedral-choir","17":"uni_artist_genre-choir","18":"uni_artist_genre-contemporary-music","20":"first","21":"instock","22":"taxable","23":"shipping-taxable","24":"purchasable","25":"product-type-simple"},"_links":{"self":[{"href":"https:\/\/grappa.no\/no\/wp-json\/wp\/v2\/product\/30528","targetHints":{"allow":["GET"]}}],"collection":[{"href":"https:\/\/grappa.no\/no\/wp-json\/wp\/v2\/product"}],"about":[{"href":"https:\/\/grappa.no\/no\/wp-json\/wp\/v2\/types\/product"}],"replies":[{"embeddable":true,"href":"https:\/\/grappa.no\/no\/wp-json\/wp\/v2\/comments?post=30528"}],"wp:featuredmedia":[{"embeddable":true,"href":"https:\/\/grappa.no\/no\/wp-json\/wp\/v2\/media\/30531"}],"wp:attachment":[{"href":"https:\/\/grappa.no\/no\/wp-json\/wp\/v2\/media?parent=30528"}],"wp:term":[{"taxonomy":"product_brand","embeddable":true,"href":"https:\/\/grappa.no\/no\/wp-json\/wp\/v2\/product_brand?post=30528"},{"taxonomy":"product_cat","embeddable":true,"href":"https:\/\/grappa.no\/no\/wp-json\/wp\/v2\/product_cat?post=30528"},{"taxonomy":"product_tag","embeddable":true,"href":"https:\/\/grappa.no\/no\/wp-json\/wp\/v2\/product_tag?post=30528"}],"curies":[{"name":"wp","href":"https:\/\/api.w.org\/{rel}","templated":true}]}}