{"id":30521,"date":"1992-01-06T00:00:00","date_gmt":"1992-01-05T23:00:00","guid":{"rendered":"http:\/\/www.grappa.no\/no\/albums\/ukategorisert\/nordic-contemporary-songs\/"},"modified":"2019-02-22T15:33:20","modified_gmt":"2019-02-22T14:33:20","slug":"nordic-contemporary-songs","status":"publish","type":"product","link":"https:\/\/grappa.no\/no\/albums\/simax-classics\/nordic-contemporary-songs\/","title":{"rendered":"Nordic Contemporary Songs"},"content":{"rendered":"<p><\/p>\n<p>Ny nordisk solosang<\/p>\n<p>Solosang fra de nordiske landene har dype r\u00f8tter i 1800-tallets Lieder-tradisjon. Nordiske komponister har v\u00e6rt forpliktet til \u00e5 avklare deres forhold til de romantiske mesterne, en arv som b\u00e5de har v\u00e6rt en utfordring og en inspirasjon. I tillegg har disse komponistene v\u00e6rt n\u00f8dt til \u00e5 f\u00f8lge og velge blant konstant forandrede trender i moderne Europeisk musikk. Denne orienteringen mot b\u00e5de det gamle og det nye har latt dem hente inspirasjon fra deres egne geografiske region. Utvalget sanger p\u00e5 dette albumet er hentet fra nettopp denne spennende perioden mellom det gamle og det nye, det internasjonale og det nasjonale. Dette inkluderer alle Fartein Valens solosanger med pianoakkompagnement, en av de mest s\u00e6regne og progressive Skandinaviske komponister fra det forrige \u00e5rhundret. I tillegg fremf\u00f8rer de erfarne artistene Kirsten Landmark M\u00e6land (sopran) og Sigmund Hjelset (piano) verker av de prominente og s\u00e6regne nordiske komponistene David Monrad Johansen, G\u00f6sta Nystroem, Gunnar de Frumerie og Einojuhani Rautavaara.<\/p>\n<p><!--more--><\/p>\n<h4><\/h4>\n<\/p>\n<h4><\/h4>\n<p><h4><\/h4>\n<\/p>\n<p><\/p>","protected":false},"excerpt":{"rendered":"<p>Et album med sanger hentet fra en s\u00e6rlig spennende periode i nordisk musikkhistorie &#8211; mellom det gamle og det nye, det internasjonale og det nasjonale.<\/p>\n","protected":false},"featured_media":30524,"comment_status":"closed","ping_status":"open","template":"","meta":[],"product_brand":[],"product_cat":[180],"product_tag":[],"class_list":{"0":"post-30521","1":"product","2":"type-product","3":"status-publish","4":"has-post-thumbnail","6":"product_cat-simax-classics","7":"product_shipping_class-cddvd-shipping","8":"uni_artist_tag-arne-akselberg","9":"uni_artist_tag-david-monrad-johansen","10":"uni_artist_tag-fartein-valen","11":"uni_artist_tag-kirsten-maeland-landmark","12":"uni_artist_tag-sigmund-hjelset","13":"uni_main_artist_tag-kirsten-maeland-landmark","14":"uni_artist_genre-lieder","16":"first","17":"instock","18":"taxable","19":"shipping-taxable","20":"purchasable","21":"product-type-simple"},"_links":{"self":[{"href":"https:\/\/grappa.no\/no\/wp-json\/wp\/v2\/product\/30521","targetHints":{"allow":["GET"]}}],"collection":[{"href":"https:\/\/grappa.no\/no\/wp-json\/wp\/v2\/product"}],"about":[{"href":"https:\/\/grappa.no\/no\/wp-json\/wp\/v2\/types\/product"}],"replies":[{"embeddable":true,"href":"https:\/\/grappa.no\/no\/wp-json\/wp\/v2\/comments?post=30521"}],"wp:featuredmedia":[{"embeddable":true,"href":"https:\/\/grappa.no\/no\/wp-json\/wp\/v2\/media\/30524"}],"wp:attachment":[{"href":"https:\/\/grappa.no\/no\/wp-json\/wp\/v2\/media?parent=30521"}],"wp:term":[{"taxonomy":"product_brand","embeddable":true,"href":"https:\/\/grappa.no\/no\/wp-json\/wp\/v2\/product_brand?post=30521"},{"taxonomy":"product_cat","embeddable":true,"href":"https:\/\/grappa.no\/no\/wp-json\/wp\/v2\/product_cat?post=30521"},{"taxonomy":"product_tag","embeddable":true,"href":"https:\/\/grappa.no\/no\/wp-json\/wp\/v2\/product_tag?post=30521"}],"curies":[{"name":"wp","href":"https:\/\/api.w.org\/{rel}","templated":true}]}}