{"id":30520,"date":"1992-01-20T00:00:00","date_gmt":"1992-01-19T23:00:00","guid":{"rendered":"http:\/\/www.grappa.no\/no\/albums\/ukategorisert\/blue-guitar\/"},"modified":"2019-02-22T15:33:13","modified_gmt":"2019-02-22T14:33:13","slug":"blue-guitar","status":"publish","type":"product","link":"https:\/\/grappa.no\/no\/albums\/simax-classics\/blue-guitar\/","title":{"rendered":"Blue Guitar"},"content":{"rendered":"<p><\/p>\n<p>Gitar i det kalde nord<\/p>\n<p>Gitarister er p\u00e5 ingen m\u00e5te alene i \u00e5 spille arrangementer av musikk opprinnelig skrevet for andre instrumenter, men ideen om at gitaren mangler originalt repertoar har likevel blitt st\u00e5ende. Det eksisterer ogs\u00e5 en id\u00e9 om at gitarens \u201dnaturlige hjem\u201d befinner seg i spansktalende land hvor romantikken blomstrer og solen skinner sterkt, men det er ingen tvil om at gitaren n\u00e5 ogs\u00e5 h\u00f8rer like mye hjemme i det kalde nord \u2013 ikke minst i Norge. P\u00e5 albumet \u201dBlue Sonata\u201d fremf\u00f8rer gitarist Stein-Erik Olsen de usedvanlige vakre verkene, alle skrevet spesifikt for gitar, av John W. Duarte, Johan Kvandal, Antonio Bibalo og Benjamin Britten \u2013 verker som trekker tankene mot genre og teknikker som jazz, dodekafoni, folkemusikk og renessansemusikk. Gitaristen selv gjorde sin kritikerroste debut ved Wigmore Hall i London, en konsert som gjorde han sv\u00e6rt ettertraktet som solist og en sv\u00e6rt hyllet gitarist blant sine kolleger verden over.<\/p>\n<p><!--more--><\/p>\n<h4><\/h4>\n<\/p>\n<h4><\/h4>\n<p><h4><\/h4>\n<\/p>\n<p><\/p>","protected":false},"excerpt":{"rendered":"<p>Gitarist Stein-Erik Olsen fremf\u00f8rer usedvanlig vakre verker skrevet for gitar av John W. Duarte, Johan Kvandal, Antonio Bibalo og Benjamin Britten &#8211; verker som trekker tankene mot genre som jazz, folkemusikk, renessansemusikk og samtidsmusikk.<\/p>\n","protected":false},"featured_media":30523,"comment_status":"closed","ping_status":"open","template":"","meta":[],"product_brand":[],"product_cat":[180],"product_tag":[],"class_list":{"0":"post-30520","1":"product","2":"type-product","3":"status-publish","4":"has-post-thumbnail","6":"product_cat-simax-classics","7":"product_shipping_class-cddvd-shipping","8":"uni_artist_tag-antonio-bibalo","9":"uni_artist_tag-benjamin-britten","10":"uni_artist_tag-johan-kvandal","11":"uni_artist_tag-john-duarte","12":"uni_artist_tag-jorn-pedersen","13":"uni_artist_tag-mats-claesson","14":"uni_artist_tag-stein-erik-olsen","15":"uni_main_artist_tag-stein-erik-olsen","16":"uni_artist_genre-contemporary-music","17":"uni_artist_genre-solo","19":"first","20":"instock","21":"taxable","22":"shipping-taxable","23":"purchasable","24":"product-type-simple"},"_links":{"self":[{"href":"https:\/\/grappa.no\/no\/wp-json\/wp\/v2\/product\/30520","targetHints":{"allow":["GET"]}}],"collection":[{"href":"https:\/\/grappa.no\/no\/wp-json\/wp\/v2\/product"}],"about":[{"href":"https:\/\/grappa.no\/no\/wp-json\/wp\/v2\/types\/product"}],"replies":[{"embeddable":true,"href":"https:\/\/grappa.no\/no\/wp-json\/wp\/v2\/comments?post=30520"}],"wp:featuredmedia":[{"embeddable":true,"href":"https:\/\/grappa.no\/no\/wp-json\/wp\/v2\/media\/30523"}],"wp:attachment":[{"href":"https:\/\/grappa.no\/no\/wp-json\/wp\/v2\/media?parent=30520"}],"wp:term":[{"taxonomy":"product_brand","embeddable":true,"href":"https:\/\/grappa.no\/no\/wp-json\/wp\/v2\/product_brand?post=30520"},{"taxonomy":"product_cat","embeddable":true,"href":"https:\/\/grappa.no\/no\/wp-json\/wp\/v2\/product_cat?post=30520"},{"taxonomy":"product_tag","embeddable":true,"href":"https:\/\/grappa.no\/no\/wp-json\/wp\/v2\/product_tag?post=30520"}],"curies":[{"name":"wp","href":"https:\/\/api.w.org\/{rel}","templated":true}]}}