{"id":30519,"date":"1992-10-08T00:00:00","date_gmt":"1992-10-07T23:00:00","guid":{"rendered":"http:\/\/www.grappa.no\/no\/albums\/ukategorisert\/riefling-plays-bach\/"},"modified":"2019-02-22T15:33:09","modified_gmt":"2019-02-22T14:33:09","slug":"riefling-plays-bach","status":"publish","type":"product","link":"https:\/\/grappa.no\/no\/albums\/simax-classics\/riefling-plays-bach\/","title":{"rendered":"Riefling plays Bach"},"content":{"rendered":"<p><\/p>\n<p>Dypt personlige tolkninger av Bach<\/p>\n<p>\u00c5 fremf\u00f8re og spille inn Bachs verker er ingen enkel sak. I den store mengden av tolkninger av en av de mest kjente komponister gjennom tidene, klarer likevel den prisvinnende pianisten Robert Riefling \u00e5 skille seg ut. Gjennom en 65-\u00e5rig konsertvirksomhet sitter disse verkene ikke bare i fingrene p\u00e5 den eksepsjonelle pianisten, men godt plantet i hele hans musikalske vesen. Hans spill er preget av en perfekt teknikk, gjennomarbeidede og dypt personlige tolkninger og en aldri sviktende musikalsk smak. Han har markert seg i fremste rekke av klaverkunstnere gjennom utallige konserter i den vestlige verden og rundt 60 innspillinger. P\u00e5 \u201dRobert Riefling interprets Bach\u201d deler pianisten flere av hans skatter med platelyttere verden over. Hans tolkninger av \u201dEngelsk suite, nr. 3\u201d, \u201dFransk suite, nr. 5\u201d, \u201dSarabande\u201d og \u201dGigue\u201d, \u201dForspill (Sinfonia) til Kantate\u201d og \u201dKromatisk Fantasi og Fuge\u201d er utvilsomt i verdensklasse!<\/p>\n<p><!--more--><\/p>\n<h4><\/h4>\n<\/p>\n<h4><\/h4>\n<p><h4><\/h4>\n<\/p>\n<p><\/p>","protected":false},"excerpt":{"rendered":"<p>Gjennom utallige konserter gjennom en 65 \u00e5r lang karriere, deler endelig den legendariske pianisten Robert Riefling sine musikalske skatter med platelyttere verden over.<\/p>\n","protected":false},"featured_media":30522,"comment_status":"closed","ping_status":"open","template":"","meta":[],"product_brand":[],"product_cat":[180],"product_tag":[],"class_list":{"0":"post-30519","1":"product","2":"type-product","3":"status-publish","4":"has-post-thumbnail","6":"product_cat-simax-classics","7":"product_shipping_class-cddvd-shipping","8":"uni_artist_tag-arne-peter-rognan","9":"uni_artist_tag-johann-sebastian-bach","10":"uni_artist_tag-robert-riefling","11":"uni_main_artist_tag-robert-riefling","12":"uni_artist_genre-piano","14":"first","15":"instock","16":"taxable","17":"shipping-taxable","18":"purchasable","19":"product-type-simple"},"_links":{"self":[{"href":"https:\/\/grappa.no\/no\/wp-json\/wp\/v2\/product\/30519","targetHints":{"allow":["GET"]}}],"collection":[{"href":"https:\/\/grappa.no\/no\/wp-json\/wp\/v2\/product"}],"about":[{"href":"https:\/\/grappa.no\/no\/wp-json\/wp\/v2\/types\/product"}],"replies":[{"embeddable":true,"href":"https:\/\/grappa.no\/no\/wp-json\/wp\/v2\/comments?post=30519"}],"wp:featuredmedia":[{"embeddable":true,"href":"https:\/\/grappa.no\/no\/wp-json\/wp\/v2\/media\/30522"}],"wp:attachment":[{"href":"https:\/\/grappa.no\/no\/wp-json\/wp\/v2\/media?parent=30519"}],"wp:term":[{"taxonomy":"product_brand","embeddable":true,"href":"https:\/\/grappa.no\/no\/wp-json\/wp\/v2\/product_brand?post=30519"},{"taxonomy":"product_cat","embeddable":true,"href":"https:\/\/grappa.no\/no\/wp-json\/wp\/v2\/product_cat?post=30519"},{"taxonomy":"product_tag","embeddable":true,"href":"https:\/\/grappa.no\/no\/wp-json\/wp\/v2\/product_tag?post=30519"}],"curies":[{"name":"wp","href":"https:\/\/api.w.org\/{rel}","templated":true}]}}