{"id":30498,"date":"2016-08-12T00:00:00","date_gmt":"2016-08-11T23:00:00","guid":{"rendered":"http:\/\/www.grappa.no\/no\/albums\/ukategorisert\/clemens-hagen-1b1-haydn-cello-concerto-in-c-mozart-sinfonia-concertante\/"},"modified":"2019-02-22T16:06:07","modified_gmt":"2019-02-22T15:06:07","slug":"clemens-hagen-1b1-haydn-cello-concerto-in-c-mozart-sinfonia-concertante","status":"publish","type":"product","link":"https:\/\/grappa.no\/no\/albums\/simax-classics\/clemens-hagen-1b1-haydn-cello-concerto-in-c-mozart-sinfonia-concertante\/","title":{"rendered":"Clemens Hagen + 1B1: Haydn Cello Concerto in C, Mozart Sinfonia Concertante"},"content":{"rendered":"<p><\/p>\n<p>1B1 gir ut album med Clemens Hagen.<\/p>\n<p>Den legendariske cellisten i Hagenkvartetten representerer det ypperste av klang og fraseringskunst i det wienerklassiske repertoaret. N\u00e5r kunstnere av Clemens Hagens kaliber velger samarbeidspartnere, er det kun \u00f8verste hylle som gjelder. At det unge norske ensemblet 1B1 er f\u00f8rstevalget i en slik sammenheng, er intet mindre enn en sensasjon. Cellisten Clemens Hagen har hatt en rekke tilbud om \u00e5 spille inn Haydns cellokonserter med verdens fremste orkestre, men etter konserten med 1B1 under Stavanger Kammermusikkfestival i 2015, var det Hagen selv som utbr\u00f8t \u2013 &#8216;dette vil jeg spille inn med dere!&#8217;. 1B1 tar kammermusiseringen med inn i orkesterform, og Clemens Hagen f\u00e5r den medspilleren han alltid har dr\u00f8mt om. Henning Kraggerud bidrar med splitter nye solo-cadenzaer skrevet spesielt for Hagen. 1B1s leder Jan Bj\u00f8ranger og Lars Anders Tomter er solister i en innspilling av Mozarts Sinfonia Concertante som har den helt spesielle nordiske friskheten med seg; i \u00e5pen og smilende musikalsk dialog med 1B1.<\/p>\n<p><!--more--><\/p>\n<p>Hagenkvartettens legendariske cellist Clemens Hagen gj\u00f8r endelig sin f\u00f8rste innspilling av Haydns cellokonsert, en begivenhet mange har sett frem mot. Det er det unge, norske Spellemannvinnende 1B1 som har inspirert ham til \u00e5 gj\u00f8re prosjektet \u2013 fordi samarbeidet dem imellom ble helt spesielt. Under \u00e5rets kammermusikkfestival i Stavanger m\u00f8tes de igjen.<\/p>\n<h4>Dypf\u00f8lt Haydn med Clemens Hagen<\/h4>\n<p>Clemens Hagens Haydn-tolkning skiller seg fra alt annet som finnes p\u00e5 markedet. Med en fraseringsevne og klangf\u00f8lelse som savner sidestykke, former han Haydns bevegelser gjennom eufori og melankoli med en dyptf\u00f8lt empati.  F\u00f8dt inn i en musikerfamilie i Salzburg, har Clemens Hagen v\u00e6rt en del av Hagenkvartetten siden grunnleggelsen i 1981 \u2013 en levende legende p\u00e5 verdens musikkscener. Med kvartetten har han gitt ut mer enn 40 innspillinger for Deutsche Grammophon, i tillegg til en rekke utgivelser som solist sammen med Gidon Kremer, Nikolaus Harnoncourt, Thomas Zehetmayr og en rekke andre. Hagen spiller p\u00e5 en av de f\u00e5 Stradivari-celloene som finnes, bygget i 1698. Henning Kraggerud bidrar ogs\u00e5 med helt nye solo-cadenzaer skrevet spesielt for Hagen p\u00e5 denne utgivelsen.<\/p>\n<h4>Gener\u00f8s Mozart med Jan Bj\u00f8ranger og Lars Anders Tomter<\/h4>\n<p>Mozarts Sinfonia Concertante for fiolin, bratsj og kammerorkester h\u00f8rer med blant favorittene i det klassiske repertoaret og blant komponistens mest popul\u00e6re stykker. 1B1s leder og grunnlegger Jan Bj\u00f8ranger (fiolin) og Lars Anders Tomter (bratsj) er solister i en innspilling som har den helt spesielle nordiske klangen med seg; i \u00e5pen og smilende musikalsk dialog med 1B1. Men det er ogs\u00e5 en spesiell varme og omtanke i denne tolkningen, der de s\u00f8ker inn mot de dypere lagene av Mozarts kunst.<\/p>\n<h4>1B1 er f\u00f8rstevalget<\/h4>\n<p>Samarbeidet mellom Clemens Hagen og 1B1 er en sensasjon, og samtidig ganske naturlig. Ikke bare innfrir 1B1 alle tekniske og musikalske krav; det er en selvf\u00f8lge. De aller fremste kunstnerne har ogs\u00e5 en helt spesiell dedikasjon og hengivenhet overfor musikken \u2013 og denne holdningen finner de igjen hos 1B1. N\u00e5 er orkesteret nettopp tilbake fra et opphold i New York hvor de har lagt 16 konserter bak seg, b\u00e5de alene og sammen med solister som Ren\u00e9e Fleming, Simone Dinnerstein og Glen Kotche (Wilco). Senere i h\u00f8st har Clemens Hagen og 1B1 konsertavtaler i Italia, og til v\u00e5ren st\u00e5r Tyskland for tur.<\/p>\n<p><\/p>","protected":false},"excerpt":{"rendered":"<p>&#8211; Hagens cello-spill er s\u00e5 fritt og utvunget at det er en fryd \u00e5 h\u00f8re p\u00e5. Samtidig er hans tolkninger teksttro slik at de gir mye for musikalsk tanke og intelligens. [Stavanger Aftenblad]<\/p>\n","protected":false},"featured_media":30499,"comment_status":"closed","ping_status":"open","template":"","meta":[],"product_brand":[],"product_cat":[180],"product_tag":[],"class_list":{"0":"post-30498","1":"product","2":"type-product","3":"status-publish","4":"has-post-thumbnail","6":"product_cat-simax-classics","7":"product_shipping_class-cddvd-shipping","8":"uni_artist_tag-1b1","9":"uni_artist_tag-clemens-hagen","10":"uni_artist_tag-henning-kraggerud","11":"uni_artist_tag-jan-bjoranger","12":"uni_artist_tag-joseph-haydn","13":"uni_artist_tag-lars-anders-tomter","14":"uni_artist_tag-sean-lewis","15":"uni_artist_tag-wolfgang-amadeus-mozart","16":"uni_main_artist_tag-1b1","17":"uni_artist_genre-concerto","18":"uni_artist_genre-strings","20":"first","21":"instock","22":"taxable","23":"shipping-taxable","24":"purchasable","25":"product-type-simple"},"_links":{"self":[{"href":"https:\/\/grappa.no\/no\/wp-json\/wp\/v2\/product\/30498","targetHints":{"allow":["GET"]}}],"collection":[{"href":"https:\/\/grappa.no\/no\/wp-json\/wp\/v2\/product"}],"about":[{"href":"https:\/\/grappa.no\/no\/wp-json\/wp\/v2\/types\/product"}],"replies":[{"embeddable":true,"href":"https:\/\/grappa.no\/no\/wp-json\/wp\/v2\/comments?post=30498"}],"wp:featuredmedia":[{"embeddable":true,"href":"https:\/\/grappa.no\/no\/wp-json\/wp\/v2\/media\/30499"}],"wp:attachment":[{"href":"https:\/\/grappa.no\/no\/wp-json\/wp\/v2\/media?parent=30498"}],"wp:term":[{"taxonomy":"product_brand","embeddable":true,"href":"https:\/\/grappa.no\/no\/wp-json\/wp\/v2\/product_brand?post=30498"},{"taxonomy":"product_cat","embeddable":true,"href":"https:\/\/grappa.no\/no\/wp-json\/wp\/v2\/product_cat?post=30498"},{"taxonomy":"product_tag","embeddable":true,"href":"https:\/\/grappa.no\/no\/wp-json\/wp\/v2\/product_tag?post=30498"}],"curies":[{"name":"wp","href":"https:\/\/api.w.org\/{rel}","templated":true}]}}