{"id":30492,"date":"1992-01-20T00:00:00","date_gmt":"1992-01-19T23:00:00","guid":{"rendered":"http:\/\/www.grappa.no\/no\/albums\/ukategorisert\/arild-sandvold-organ-music\/"},"modified":"2019-02-22T15:33:03","modified_gmt":"2019-02-22T14:33:03","slug":"arild-sandvold-organ-music","status":"publish","type":"product","link":"https:\/\/grappa.no\/no\/albums\/simax-classics\/arild-sandvold-organ-music\/","title":{"rendered":"Arild Sandvold Organ Music"},"content":{"rendered":"<p><\/p>\n<p>Arild Sandvold \u2013 uhelbredelig romantiker<\/p>\n<p>Arild Sandvold er utvilsomt en av de betydeligste kirkemusikere som Norge noen gang har hatt. Sterkt p\u00e5virket av organisten Karl Straube og komponisten Max Reger, var Sandvold alltid en \u201duhelbredelig romantiker,\u201d som han selv beskrev seg. Han var en usedvanlig komponistbegavelse som etterlot seg en imponerende komposisjonssamling best\u00e5ende av n\u00e6rmere 70 verk innenfor kirkemusikkformatet. P\u00e5 denne platen fremf\u00f8rer organisten K\u00e5re Nordstoga, som tidligere har samarbeidet med en rekke musikere som Ole Edvard Antonsen, Arve Tellefsen og Knut Buen, \u00e5tte av Sandvolds verker. Fra det helt s\u00e6regne stykke orgelmusikk vi finner i komponistens \u201dOrgelsonate i f-moll\u201d til den h\u00f8yst popul\u00e6re \u201dIntroduktion og Passacaglia\u201d, f\u00e5r vi et helt unikt innblikk i en av v\u00e5re viktigste kirkemusikeres musikalske virke, fremf\u00f8rt av en helt unik organist.<\/p>\n<p><!--more--><\/p>\n<h4><\/h4>\n<\/p>\n<h4><\/h4>\n<p><h4><\/h4>\n<\/p>\n<p><\/p>","protected":false},"excerpt":{"rendered":"<p>&quot;Arild Sandvold: Organ Music&quot; gir oss et helt unikt innblikk i en av v\u00e5re viktigste kirkemusikeres musikalske virke, fremf\u00f8rt av en helt unik organist.<\/p>\n","protected":false},"featured_media":30496,"comment_status":"closed","ping_status":"open","template":"","meta":[],"product_brand":[],"product_cat":[180],"product_tag":[],"class_list":{"0":"post-30492","1":"product","2":"type-product","3":"status-publish","4":"has-post-thumbnail","6":"product_cat-simax-classics","7":"product_shipping_class-cddvd-shipping","8":"uni_artist_tag-arild-sandvold","9":"uni_artist_tag-arne-akselberg","10":"uni_artist_tag-kare-nordstoga","11":"uni_main_artist_tag-kare-nordstoga","12":"uni_artist_genre-organ","14":"first","15":"instock","16":"taxable","17":"shipping-taxable","18":"purchasable","19":"product-type-simple"},"_links":{"self":[{"href":"https:\/\/grappa.no\/no\/wp-json\/wp\/v2\/product\/30492","targetHints":{"allow":["GET"]}}],"collection":[{"href":"https:\/\/grappa.no\/no\/wp-json\/wp\/v2\/product"}],"about":[{"href":"https:\/\/grappa.no\/no\/wp-json\/wp\/v2\/types\/product"}],"replies":[{"embeddable":true,"href":"https:\/\/grappa.no\/no\/wp-json\/wp\/v2\/comments?post=30492"}],"wp:featuredmedia":[{"embeddable":true,"href":"https:\/\/grappa.no\/no\/wp-json\/wp\/v2\/media\/30496"}],"wp:attachment":[{"href":"https:\/\/grappa.no\/no\/wp-json\/wp\/v2\/media?parent=30492"}],"wp:term":[{"taxonomy":"product_brand","embeddable":true,"href":"https:\/\/grappa.no\/no\/wp-json\/wp\/v2\/product_brand?post=30492"},{"taxonomy":"product_cat","embeddable":true,"href":"https:\/\/grappa.no\/no\/wp-json\/wp\/v2\/product_cat?post=30492"},{"taxonomy":"product_tag","embeddable":true,"href":"https:\/\/grappa.no\/no\/wp-json\/wp\/v2\/product_tag?post=30492"}],"curies":[{"name":"wp","href":"https:\/\/api.w.org\/{rel}","templated":true}]}}