{"id":30491,"date":"1992-01-13T00:00:00","date_gmt":"1992-01-12T23:00:00","guid":{"rendered":"http:\/\/www.grappa.no\/no\/albums\/ukategorisert\/grieg-choir-works\/"},"modified":"2019-02-22T15:32:59","modified_gmt":"2019-02-22T14:32:59","slug":"grieg-choir-works","status":"publish","type":"product","link":"https:\/\/grappa.no\/no\/albums\/simax-classics\/grieg-choir-works\/","title":{"rendered":"Grieg Choir Works"},"content":{"rendered":"<p><\/p>\n<p>Griegs flotteste korverk<\/p>\n<p>To verk, skrevet nesten 30 \u00e5r fra hverandre, omfatter Edvard Griegs prim\u00e6re a cappella korverk. Begge er arrangementer av melodier fra Ludvig Mathias Lindemans omfattende folkemusikksamling. Det er ingen overdrivelse \u00e5 si at denne skattkisten av melodier \u2013 ikke minst Lindemans egne harmoniseringer av melodiene \u2013 har v\u00e6rt avgj\u00f8rende n\u00e5r det kom til bruken av norske folketoner for generasjoner i lang tid fremover. Grieg selv benyttet seg av dette materialet en rekke ganger. <\/p>\n<p>I de sm\u00e5 perlene av korsanger som utgj\u00f8r \u201dAlbum for Male Voices\u201d, mestrer Edvard Grieg mannskorformatet til det fulle med overlegen teknikk og oppsiktsvekkende harmonikk. De \u201dFire hymnene\u201d, en videref\u00f8ring av ovennevnte verk, er et merkverdig stykke senromantisk kirkemusikk, inspirert av de uvanlig vakre folkemelodiene innenfor den religi\u00f8se barokke poesien. Grieg var sjelden inspirert av kristen poesi, men hymnen \u201dAve Maris Stella\u201d, etter den gamle middelalderske teksten, er et smertelig vakkert stykke musikk, satt sammen med den like fantastiske \u201dBlegned, segned\u201d under tittelen \u201dTo religi\u00f8se kor\u201d. Dette albumet er en fantastisk reise inn i Griegs korverker \u2013 beskjedne i antall, men overlegne i kvalitet!<\/p>\n<p><!--more--><\/p>\n<h4><\/h4>\n<\/p>\n<h4><\/h4>\n<p><h4><\/h4>\n<\/p>\n<p><\/p>","protected":false},"excerpt":{"rendered":"<p>Dette albumet er en fantastisk reise inn i Edvard Griegs korverker \u2013 beskjedne i antall, men overlegne i kvalitet!<\/p>\n","protected":false},"featured_media":30495,"comment_status":"closed","ping_status":"open","template":"","meta":[],"product_brand":[],"product_cat":[180],"product_tag":[],"class_list":{"0":"post-30491","1":"product","2":"type-product","3":"status-publish","4":"has-post-thumbnail","6":"product_cat-simax-classics","7":"product_shipping_class-cddvd-shipping","8":"uni_artist_tag-dan-olof-stenlund","9":"uni_artist_tag-edvard-grieg","10":"uni_artist_tag-harald-bjorkoy","11":"uni_artist_tag-malmo-chamber-choir","12":"uni_artist_tag-tore-simonsen","13":"uni_main_artist_tag-malmo-chamber-choir","14":"uni_artist_genre-a-cappella","15":"uni_artist_genre-choir","17":"first","18":"instock","19":"sale","20":"taxable","21":"shipping-taxable","22":"purchasable","23":"product-type-simple"},"_links":{"self":[{"href":"https:\/\/grappa.no\/no\/wp-json\/wp\/v2\/product\/30491","targetHints":{"allow":["GET"]}}],"collection":[{"href":"https:\/\/grappa.no\/no\/wp-json\/wp\/v2\/product"}],"about":[{"href":"https:\/\/grappa.no\/no\/wp-json\/wp\/v2\/types\/product"}],"replies":[{"embeddable":true,"href":"https:\/\/grappa.no\/no\/wp-json\/wp\/v2\/comments?post=30491"}],"wp:featuredmedia":[{"embeddable":true,"href":"https:\/\/grappa.no\/no\/wp-json\/wp\/v2\/media\/30495"}],"wp:attachment":[{"href":"https:\/\/grappa.no\/no\/wp-json\/wp\/v2\/media?parent=30491"}],"wp:term":[{"taxonomy":"product_brand","embeddable":true,"href":"https:\/\/grappa.no\/no\/wp-json\/wp\/v2\/product_brand?post=30491"},{"taxonomy":"product_cat","embeddable":true,"href":"https:\/\/grappa.no\/no\/wp-json\/wp\/v2\/product_cat?post=30491"},{"taxonomy":"product_tag","embeddable":true,"href":"https:\/\/grappa.no\/no\/wp-json\/wp\/v2\/product_tag?post=30491"}],"curies":[{"name":"wp","href":"https:\/\/api.w.org\/{rel}","templated":true}]}}