{"id":30490,"date":"1992-01-13T00:00:00","date_gmt":"1992-01-12T23:00:00","guid":{"rendered":"http:\/\/www.grappa.no\/no\/albums\/ukategorisert\/music-for-violin-by-hindemith-schoenberg-and-mortensen\/"},"modified":"2019-02-22T15:32:56","modified_gmt":"2019-02-22T14:32:56","slug":"music-for-violin-by-hindemith-schoenberg-and-mortensen","status":"publish","type":"product","link":"https:\/\/grappa.no\/no\/albums\/simax-classics\/music-for-violin-by-hindemith-schoenberg-and-mortensen\/","title":{"rendered":"Music for violin by Hindemith, Schoenberg and Mortensen"},"content":{"rendered":"<p><\/p>\n<p>Sch\u00f6nberg \u2013 Mortensen \u2013 Hindemith<\/p>\n<p>Begrepene \u00abneoklassisisme\u00bb og \u00abdodekafoni\u00bb dekker to viktige retninger innen europeisk kunstmusikk i v\u00e5rt \u00e5rhundre. Fremf\u00f8rt av de aktive kammermusikerne Frantisek Veselka og Milena Dratvova, sammen med den erfarne pianisten Kirsten Landmark M\u00e6land, befinner denne utgivelsen seg midt mellom disse to: p\u00e5 den ene siden Paul Hindemith, en av de viktigste forgrunnsfigurer for neoklassisismen og p\u00e5 den andre siden Arnold Sch\u00f6nberg, selve grunnleggeren av den ekspresjonistiske stilen vi finner i dodekafonien. Den modne neoklassiske stilen vi finner i Hindemiths \u00abfiolinsonate i E-dur\u00bb st\u00e5r i sterk kontrast til dodekafonien vi finner i Sch\u00f6nbergs \u00abfantasi for fiolin og klaver\u00bb, et av komponistens mest uttrykksfuller verker og et sl\u00e5ende eksempel p\u00e5 hans modne stil. Og midt i mellom begge to: den norske modernisten Finn Mortensen.<\/p>\n<p>Som en fremtredende representant for de internasjonale progressive str\u00f8mninger i norsk musikkliv, befinner Finn Mortensen seg et sted midt i mellom disse to. P\u00e5 mange m\u00e5ter ble han en videref\u00f8rer av de estetiske holdningene i norsk musikkliv som Fartein Valen tidligere hadde grunnlagt. P\u00e5virket av b\u00e5de Hindemith og Sch\u00f6nberg tok imidlertid Mortensen det hele et skritt lenger og brakte de internasjonale str\u00f8mingene enda tettere inn p\u00e5 norsk musikk.<\/p>\n<p><!--more--><\/p>\n<h4><\/h4>\n<\/p>\n<h4><\/h4>\n<p><h4><\/h4>\n<\/p>\n<p><\/p>","protected":false},"excerpt":{"rendered":"<p>I lyset fra de internasjonale musikalske storheter, skinner Finn Mortensens musikalske modernisme gjennom som et fyrt\u00e5rn innen moderne norsk musikk.<\/p>\n","protected":false},"featured_media":30494,"comment_status":"closed","ping_status":"open","template":"","meta":[],"product_brand":[],"product_cat":[180],"product_tag":[],"class_list":{"0":"post-30490","1":"product","2":"type-product","3":"status-publish","4":"has-post-thumbnail","6":"product_cat-simax-classics","7":"product_shipping_class-cddvd-shipping","8":"uni_artist_tag-arne-akselberg","9":"uni_artist_tag-arne-peter-rognan","10":"uni_artist_tag-arnold-schonberg","11":"uni_artist_tag-finn-mortensen","12":"uni_artist_tag-frantisek-veselka","13":"uni_artist_tag-kirsten-maeland-landmark","14":"uni_artist_tag-milena-dratova","15":"uni_artist_tag-paul-hindemith","16":"uni_main_artist_tag-frantisek-veselka","17":"uni_artist_genre-contemporary-music","19":"first","20":"instock","21":"sale","22":"taxable","23":"shipping-taxable","24":"purchasable","25":"product-type-simple"},"_links":{"self":[{"href":"https:\/\/grappa.no\/no\/wp-json\/wp\/v2\/product\/30490","targetHints":{"allow":["GET"]}}],"collection":[{"href":"https:\/\/grappa.no\/no\/wp-json\/wp\/v2\/product"}],"about":[{"href":"https:\/\/grappa.no\/no\/wp-json\/wp\/v2\/types\/product"}],"replies":[{"embeddable":true,"href":"https:\/\/grappa.no\/no\/wp-json\/wp\/v2\/comments?post=30490"}],"wp:featuredmedia":[{"embeddable":true,"href":"https:\/\/grappa.no\/no\/wp-json\/wp\/v2\/media\/30494"}],"wp:attachment":[{"href":"https:\/\/grappa.no\/no\/wp-json\/wp\/v2\/media?parent=30490"}],"wp:term":[{"taxonomy":"product_brand","embeddable":true,"href":"https:\/\/grappa.no\/no\/wp-json\/wp\/v2\/product_brand?post=30490"},{"taxonomy":"product_cat","embeddable":true,"href":"https:\/\/grappa.no\/no\/wp-json\/wp\/v2\/product_cat?post=30490"},{"taxonomy":"product_tag","embeddable":true,"href":"https:\/\/grappa.no\/no\/wp-json\/wp\/v2\/product_tag?post=30490"}],"curies":[{"name":"wp","href":"https:\/\/api.w.org\/{rel}","templated":true}]}}