{"id":30489,"date":"1992-01-20T00:00:00","date_gmt":"1992-01-19T23:00:00","guid":{"rendered":"http:\/\/www.grappa.no\/no\/albums\/ukategorisert\/edith-thallaug-recital\/"},"modified":"2019-02-22T15:32:42","modified_gmt":"2019-02-22T14:32:42","slug":"edith-thallaug-recital","status":"publish","type":"product","link":"https:\/\/grappa.no\/no\/albums\/simax-classics\/edith-thallaug-recital\/","title":{"rendered":"Edith Thallaug Recital"},"content":{"rendered":"<p><\/p>\n<p>En reise i verdens folketoner<\/p>\n<p>Folketradisjoner av ulik opprinnelse er en fellesnevner for verkene fremf\u00f8rt av den fenomenale Edith Thallaug p\u00e5 dette albumet. Inspirasjonskilder for b\u00e5de musikk og tekst er fjerne fra hverandre: Spania (de Falla), Vestindia (Montsalvatge), Tsjekkoslovakia (Dvorak) og Madagaskar (Ravel). P\u00e5 mange m\u00e5ter anses Manuel de Falla internasjonalt som selve definisjonen p\u00e5 spansk musikk. Tonef\u00f8lelser med r\u00f8tter i den Andalusiske flamenco-tradisjonen beveger seg som et ledemotiv gjennom hans ellers Europeiske tonespr\u00e5k, sterkt p\u00e5virket av fransk impresjonisme og neoklassisisme. I Xavier Montsalvatges komposisjoner finner vi ogs\u00e5 spanske p\u00e5virkninger. Skrevet i en blandet, Vestindisk stil, med r\u00f8tter i spansk musikk, er komponistens s\u00e5kalte \u00abVestindiske verker\u00bb en viktig gruppe verker i hans opusliste. Antonin Dvoraks \u00abSeven Gypsy Melodies\u00bb anses gjerne som komponistens mest suksesfulle verk, til tross for at den er n\u00e6rere beslektet med Tsjekkoslovakisk folkemusikk enn original sig\u00f8ynermusikk. Basert p\u00e5 oversettelser av folkediktning fra Madagaskar, er Maurice Ravels \u00abTrois chansons mad\u00e9casses\u00bb b\u00e5de et originalt og spennende verk som passer fint inn i komponistens fascinasjon for eksotiske og fremmede impulser. <\/p>\n<p>Edith Thallaug had sitt gjennombrudd som sanger i Sverige, hvor hun ble en sensasjon som Carmen, Venus i \u00abTannh\u00e4user\u00bb og Suzuki \u00abMadame Butterfly\u00bb. Likevel begrenser ikke hennes ferdigheter seg kun til klassikerne: hun er like dyktig i de st\u00f8rste mezzorollene innen italiensk opera som hun er i de mest krevende moderne operaer. Med hennes store repertoar, er Thallaug en ettertraktet sanger p\u00e5 en rekke internasjonale festivaler med stor anerkjennelse verden over. Hun har mottatt en rekke priser og ble den f\u00f8rste ikke-svenske sangeren til \u00e5 motta tittelen som hoffsanger. P\u00e5 dette albumet er hun i selskap med de anerkjente musikerne Eva Knardahl, Torkil Bye og Aage Kvalbein.<\/p>\n<p><!--more--><\/p>\n<h4><\/h4>\n<\/p>\n<h4><\/h4>\n<p><h4><\/h4>\n<\/p>\n<p><\/p>","protected":false},"excerpt":{"rendered":"<p>Den fenomenale Edith Thallaug fremf\u00f8rer eksepsjonelle folketoneinspirerte verker fra hele verden.<\/p>\n","protected":false},"featured_media":30493,"comment_status":"closed","ping_status":"open","template":"","meta":[],"product_brand":[],"product_cat":[180],"product_tag":[],"class_list":{"0":"post-30489","1":"product","2":"type-product","3":"status-publish","4":"has-post-thumbnail","6":"product_cat-simax-classics","7":"product_shipping_class-cddvd-shipping","8":"uni_artist_tag-aage-kvalbein","9":"uni_artist_tag-antonin-dvorak","10":"uni_artist_tag-arne-peter-rognan","11":"uni_artist_tag-edith-thallaug","12":"uni_artist_tag-eva-knardahl","13":"uni_artist_tag-manuel-de-falla","14":"uni_artist_tag-maurice-ravel","15":"uni_artist_tag-torkil-bye","16":"uni_main_artist_tag-edith-thallaug","17":"uni_artist_genre-chamber-music","19":"first","20":"instock","21":"taxable","22":"shipping-taxable","23":"purchasable","24":"product-type-simple"},"_links":{"self":[{"href":"https:\/\/grappa.no\/no\/wp-json\/wp\/v2\/product\/30489","targetHints":{"allow":["GET"]}}],"collection":[{"href":"https:\/\/grappa.no\/no\/wp-json\/wp\/v2\/product"}],"about":[{"href":"https:\/\/grappa.no\/no\/wp-json\/wp\/v2\/types\/product"}],"replies":[{"embeddable":true,"href":"https:\/\/grappa.no\/no\/wp-json\/wp\/v2\/comments?post=30489"}],"wp:featuredmedia":[{"embeddable":true,"href":"https:\/\/grappa.no\/no\/wp-json\/wp\/v2\/media\/30493"}],"wp:attachment":[{"href":"https:\/\/grappa.no\/no\/wp-json\/wp\/v2\/media?parent=30489"}],"wp:term":[{"taxonomy":"product_brand","embeddable":true,"href":"https:\/\/grappa.no\/no\/wp-json\/wp\/v2\/product_brand?post=30489"},{"taxonomy":"product_cat","embeddable":true,"href":"https:\/\/grappa.no\/no\/wp-json\/wp\/v2\/product_cat?post=30489"},{"taxonomy":"product_tag","embeddable":true,"href":"https:\/\/grappa.no\/no\/wp-json\/wp\/v2\/product_tag?post=30489"}],"curies":[{"name":"wp","href":"https:\/\/api.w.org\/{rel}","templated":true}]}}