{"id":30483,"date":"2014-11-28T00:00:00","date_gmt":"2014-11-27T23:00:00","guid":{"rendered":"http:\/\/www.grappa.no\/no\/albums\/ukategorisert\/music-for-a-while-canticles-of-winter\/"},"modified":"2016-07-11T11:36:08","modified_gmt":"2016-07-11T10:36:08","slug":"music-for-a-while-canticles-of-winter","status":"publish","type":"product","link":"https:\/\/grappa.no\/no\/albums\/grappa\/music-for-a-while-canticles-of-winter\/","title":{"rendered":"Music for a While: Canticles of Winter"},"content":{"rendered":"<p><\/p>\n<p>Vintersanger<\/p>\n<p>Bandet Music for a While, med Norges ukronede kabaretdronning Tora Augestad i spissen fyller i \u00e5r 10 \u00e5r, og feirer med utgivelsen av albumet \u00abCanticles of Winter\u00bb. Et album de selv beskriver som \u00aben samling neddempede vintersanger med juledryss\u00bb.  Dette er likevel milevis unna en tradisjonell juleplate, selv om noen av de vakreste julesangene som er skrevet  finner sin naturlige plass her.<\/p>\n<p>Music for a whiles varemerke er deres personlige, organiske og kreative behandling av l\u00e5tmaterialet, uansett hvor det opprinnelig stammer fra. Enten utgangspunktet er Kurt Weills kjente kabaret-melodier eller sanger og stykker fra det klassiske repertoaret, s\u00e5 er to trekk fremtredende; vokalist Tora Augestads unike formidlingsevne og stemmekontroll og bandets elegante og s\u00f8ml\u00f8st sjangerkryssende h\u00e5ndtering av stoffet. <\/p>\n<p>NRK P2s Erling Wicklund uttalte i en anmeldelse at bandet \u00abriver ned genregrenser og utfordrer til \u00e5 gjenoppdage v\u00e5r europeiske musikkarv\u00bb. Musikken p\u00e5 platen \u00abCanticles of Winter\u00bb er skrevet av blant andre John Dowland, Henry Purcell, Georg Friedrich H\u00e4ndel,\u00a0 Carbonelli og Bach. <\/p>\n<p>Music for a while best\u00e5r foruten Augestad av et stjernelag av norske jazzmusikere; trekkspiller Stian Carstensen (Farmers Market), trompetist Mathias Eick (Jaga Jazzist, Manu Katch\u00e9), tubaist Martin Taxt (Trondheim Jazzorkester, Koboku Senju) og trommeslager og perkusjonist P\u00e5l Hausken (In the country, Susanna, Ida Jenshus). <\/p>\n<p>P\u00e5 sitt kritikerroste debutalbum \u201dWeill Variations\u201d gjorde bandet originale og friske versjoner av Kurt Weills ud\u00f8delige musikk. Bandets forrige album, kritikerroste \u00abGraces that refrain\u00bb, bestod av uredde \u00abcoverversjoner\u00bb av komposisjoner fra den klassiske musikken: fra John Dowland til Poulenc. <\/p>\n<p>\u00abCanticles of Winter\u00bb er bandets sterkeste og vakreste utgivelse s\u00e5 langt og er innspilt i Rainbow Studios i Oslo med legendariske Jan Erik Kongshaug som tekniker og produsent.\u00a0<\/p>\n<p>Bergensf\u00f8dte Tora Augestad er utdannet ved Norges Musikkh\u00f8gskole i Oslo og Kungliga Musikh\u00f8gskolan i Stockholm og kan skilte med en mastergrad i kabaretsang. Hun har et bredt repertoar og er jevnlig solist med europeiske ensembler som Klangforum Wien og Ensemble Modern. Siden 2007 har hun v\u00e6rt bosatt i Berlin hvor hun har opparbeidet seg en solid europeisk karriere, blant annet p\u00e5 musikkteaterscenen gjennom samarbeidet med stjerneregiss\u00f8ren Christoph Marthaler.<\/p>\n<p><!--more--><\/p>\n<p>Bandet Music for a while, med Norges ukronede kabaretdronning Tora Augestad i spissen fyller i \u00e5r 10 \u00e5r, og feirer med utgivelsen av albumet \u00abCanticles of Winter\u00bb. -Et album de selv beskriver som \u00aben samling neddempede vintersanger med juledryss\u00bb.  Dette er likevel milevis unna en tradisjonell juleplate, selv om noen av de vakreste julesangene som er skrevet  finner sin naturlige plass her.<\/p>\n<h4>River ned genregrenser<\/h4>\n<p>NRK P2s Erling Wicklund uttalte i en anmeldelse at bandet \u00abriver ned genregrenser og utfordrer til \u00e5 gjenoppdage v\u00e5r europeiske musikkarv\u00bb. Musikken p\u00e5 platen \u00abCanticles of Winter\u00bb er skrevet av blant andre John Dowland, Henry Purcell, Georg Friedrich H\u00e4ndel,\u00a0 Carbonelli og Bach.<\/p>\n<h4>Music for a While<\/h4>\n<p>Music for a while best\u00e5r foruten Augestad av et stjernelag av norske jazzmusikere; trekkspiller Stian Carstensen (Farmers Market), trompetist Mathias Eick (Jaga Jazzist, Manu Katch\u00e9), tubaist Martin Taxt (Trondheim Jazzorkester, Koboku Senju) og trommeslager og perkusjonist P\u00e5l Hausken (In the country, Susanna, Ida Jenshus). <\/p>\n<p>P\u00e5 sitt kritikerroste debutalbum \u201dWeill Variations\u201d gjorde bandet originale og friske versjoner av Kurt Weills ud\u00f8delige musikk. Bandets forrige album, kritikerroste \u00abGraces that refrain\u00bb, bestod av uredde \u00abcoverversjoner\u00bb av komposisjoner fra den klassiske musikken: fra John Dowland til Poulenc. <\/p>\n<p>\u00abCanticles of Winter\u00bb er bandets sterkeste og vakreste utgivelse s\u00e5 langt og er innspilt i Rainbow Studios i Oslo med legendariske Jan Erik Kongshaug som tekniker og produsent.<\/p>\n<h4>Om Tora Augestad<\/h4>\n<p>Bergensf\u00f8dte Tora Augestad er utdannet ved Norges musikkh\u00f8gskole i Oslo og Kungliga Musikh\u00f8gskolan i Stockholm og kan skilte med en mastergrad i kabaretsang. Hun har et bredt repertoar og er jevnlig solist med europeiske ensembler som Klangforum Wien og Ensemble Modern. Siden 2007 har hun v\u00e6rt bosatt i Berlin hvor hun har opparbeidet seg en solid europeisk karriere, blant annet p\u00e5 musikkteaterscenen gjennom samarbeidet med stjerneregiss\u00f8ren Christoph Marthaler.<\/p>\n<p><\/p>","protected":false},"excerpt":{"rendered":"<p>Bandet Music for a while, med Norges ukronede kabaretdronning Tora Augestad i spissen fyller i \u00e5r 10 \u00e5r, og feirer med utgivelsen av albumet \u00abCanticles of Winter\u00bb. Et album de selv beskriver som \u00aben samling neddempede vintersanger med juledryss\u00bb.<\/p>\n","protected":false},"featured_media":30484,"comment_status":"closed","ping_status":"open","template":"","meta":[],"product_brand":[],"product_cat":[6],"product_tag":[],"class_list":{"0":"post-30483","1":"product","2":"type-product","3":"status-publish","4":"has-post-thumbnail","6":"product_cat-grappa","7":"product_shipping_class-cddvd-shipping","8":"uni_artist_tag-franz-schubert","9":"uni_artist_tag-georg-friedrich-handel","10":"uni_artist_tag-giovanni-stefano-carbonelli","11":"uni_artist_tag-harold-darke","12":"uni_artist_tag-henry-purcell","13":"uni_artist_tag-jan-erik-kongshaug","14":"uni_artist_tag-johann-sebastian-bach","15":"uni_artist_tag-john-dowland","16":"uni_artist_tag-ludvig-mathias-lindeman","17":"uni_artist_tag-martin-taxt","18":"uni_artist_tag-mathias-eick","19":"uni_artist_tag-music-for-a-while","20":"uni_artist_tag-pal-hausken","21":"uni_artist_tag-stian-carstensen","22":"uni_artist_tag-tora-augestad","23":"uni_artist_tag-trad","24":"uni_main_artist_tag-music-for-a-while","25":"uni_artist_genre-chamber-music","26":"uni_artist_genre-christmas-music","27":"uni_artist_genre-jazz","29":"first","30":"instock","31":"taxable","32":"shipping-taxable","33":"purchasable","34":"product-type-simple"},"_links":{"self":[{"href":"https:\/\/grappa.no\/no\/wp-json\/wp\/v2\/product\/30483","targetHints":{"allow":["GET"]}}],"collection":[{"href":"https:\/\/grappa.no\/no\/wp-json\/wp\/v2\/product"}],"about":[{"href":"https:\/\/grappa.no\/no\/wp-json\/wp\/v2\/types\/product"}],"replies":[{"embeddable":true,"href":"https:\/\/grappa.no\/no\/wp-json\/wp\/v2\/comments?post=30483"}],"wp:featuredmedia":[{"embeddable":true,"href":"https:\/\/grappa.no\/no\/wp-json\/wp\/v2\/media\/30484"}],"wp:attachment":[{"href":"https:\/\/grappa.no\/no\/wp-json\/wp\/v2\/media?parent=30483"}],"wp:term":[{"taxonomy":"product_brand","embeddable":true,"href":"https:\/\/grappa.no\/no\/wp-json\/wp\/v2\/product_brand?post=30483"},{"taxonomy":"product_cat","embeddable":true,"href":"https:\/\/grappa.no\/no\/wp-json\/wp\/v2\/product_cat?post=30483"},{"taxonomy":"product_tag","embeddable":true,"href":"https:\/\/grappa.no\/no\/wp-json\/wp\/v2\/product_tag?post=30483"}],"curies":[{"name":"wp","href":"https:\/\/api.w.org\/{rel}","templated":true}]}}