{"id":30479,"date":"1992-08-01T00:00:00","date_gmt":"1992-07-31T23:00:00","guid":{"rendered":"http:\/\/www.grappa.no\/no\/albums\/ukategorisert\/clarinet-trios\/"},"modified":"2019-02-22T15:32:39","modified_gmt":"2019-02-22T14:32:39","slug":"clarinet-trios","status":"publish","type":"product","link":"https:\/\/grappa.no\/no\/albums\/simax-classics\/clarinet-trios\/","title":{"rendered":"Clarinet Trios"},"content":{"rendered":"<p><\/p>\n<p>Fransk idyll<\/p>\n<p>Den franske klarinettisten Louis Cahuzac beskrives i dag som en av de mest brilliante ut\u00f8vere p\u00e5 instrumentet fra det forrige \u00e5rhundret. Hans karriere n\u00e5dde sitt h\u00f8ydepunkt p\u00e5 begynnelsen av 1950-tallet med de legendariske innspillingene av Mozarts og Carl Nielsens verker, men ved siden av en storsl\u00e5tt karriere som musiker var han ogs\u00e5 komponist. Hans verker var ikke sjelden inspirert av de landlige omgivelsene i n\u00e6rheten av hans sommerhus i Luchon i S\u00f8r-Frankrike. P\u00e5 dette albumet fremf\u00f8rer klarinettisten Hans Petter Bonden, bratsjisten Lars Anders Tomter og pianisten Einar Henning Smebye flere av Cahuzacs verker. Komponistens samling variasjoner er basert p\u00e5 en fransk folketone, og i \u00abCantil\u00e9ne\u00bb, en kortere lyrisk komposisjon, har han definitivt lykkes i \u00e5 fange den landlige atmosf\u00e6ren. \u00abPastorale\u00bb p\u00e5 sin side vekker istedet f\u00f8lelser fra Middelhavets omgivelser. \u00abArlequin\u00bb for solo klarinett er en musikalsk beskrivelse av en klovn i sin refleksjon av b\u00e5de glede og tristhet. I tillegg til dette fremf\u00f8rer de tre eksepsjonelle musikerne Mozarts \u00abTrio for klarinett, bratsj og piano, K 498\u00bb, eller \u00abKegelstatt\u00bb-trioen\u00bb, og Schuberts \u00abDer Hirt auf dem Felsen, D 965\u00bb, begge s\u00e6rlig vakre stykker skrevet for klarinett.<\/p>\n<p><!--more--><\/p>\n<h4><\/h4>\n<\/p>\n<h4><\/h4>\n<p><h4><\/h4>\n<\/p>\n<p><\/p>","protected":false},"excerpt":{"rendered":"<p>Eksepsjonelt vakre klarinettstykker fremf\u00f8rt av den bemerkelsesverdige trioen Hans Petter Bonden, Lars Anders Tomter og Einar Henning Smebye.<\/p>\n","protected":false},"featured_media":30482,"comment_status":"closed","ping_status":"open","template":"","meta":[],"product_brand":[],"product_cat":[180],"product_tag":[],"class_list":{"0":"post-30479","1":"product","2":"type-product","3":"status-publish","4":"has-post-thumbnail","6":"product_cat-simax-classics","7":"product_shipping_class-cddvd-shipping","8":"uni_artist_tag-einar-henning-smebye","9":"uni_artist_tag-franz-schubert","10":"uni_artist_tag-hans-petter-bonden","11":"uni_artist_tag-lars-anders-tomter","12":"uni_artist_tag-tore-simonsen","13":"uni_artist_tag-wolfgang-amadeus-mozart","14":"uni_main_artist_tag-hans-petter-bonden","15":"uni_artist_genre-chamber-music","17":"first","18":"instock","19":"taxable","20":"shipping-taxable","21":"purchasable","22":"product-type-simple"},"_links":{"self":[{"href":"https:\/\/grappa.no\/no\/wp-json\/wp\/v2\/product\/30479","targetHints":{"allow":["GET"]}}],"collection":[{"href":"https:\/\/grappa.no\/no\/wp-json\/wp\/v2\/product"}],"about":[{"href":"https:\/\/grappa.no\/no\/wp-json\/wp\/v2\/types\/product"}],"replies":[{"embeddable":true,"href":"https:\/\/grappa.no\/no\/wp-json\/wp\/v2\/comments?post=30479"}],"wp:featuredmedia":[{"embeddable":true,"href":"https:\/\/grappa.no\/no\/wp-json\/wp\/v2\/media\/30482"}],"wp:attachment":[{"href":"https:\/\/grappa.no\/no\/wp-json\/wp\/v2\/media?parent=30479"}],"wp:term":[{"taxonomy":"product_brand","embeddable":true,"href":"https:\/\/grappa.no\/no\/wp-json\/wp\/v2\/product_brand?post=30479"},{"taxonomy":"product_cat","embeddable":true,"href":"https:\/\/grappa.no\/no\/wp-json\/wp\/v2\/product_cat?post=30479"},{"taxonomy":"product_tag","embeddable":true,"href":"https:\/\/grappa.no\/no\/wp-json\/wp\/v2\/product_tag?post=30479"}],"curies":[{"name":"wp","href":"https:\/\/api.w.org\/{rel}","templated":true}]}}