{"id":30478,"date":"1992-01-08T00:00:00","date_gmt":"1992-01-07T23:00:00","guid":{"rendered":"http:\/\/www.grappa.no\/no\/albums\/ukategorisert\/shostakovich-piano-trios\/"},"modified":"2019-02-22T15:32:32","modified_gmt":"2019-02-22T14:32:32","slug":"shostakovich-piano-trios","status":"publish","type":"product","link":"https:\/\/grappa.no\/no\/albums\/simax-classics\/shostakovich-piano-trios\/","title":{"rendered":"Shostakovich Piano Trios"},"content":{"rendered":"<p><\/p>\n<p>Mellom den ungdommelige og erfarne Shostakovich<\/p>\n<p>Den anerkjente klavertrioen Oslo Trio fremf\u00f8rer tre verk av Shostakovich, hvorav to er blant komponistens ungdommelige verker. Det sjeldent fremf\u00f8rte verket \u00abPiano Trio nr. 1, Op. 8\u00bb kjennetegnes av sine hyppige karakterskifter og store variasjoner i tempo, toneart og tema. Den er n\u00e6rmest rapsodisk til tross for sin bruk av sonateformen. Som en kontrast til denne blir hans \u00ab3 Fantastic Dances\u00bb &#8211; fremf\u00f8rt kun av Jens Harald Bratlie \u2013 regelmessig fremf\u00f8rt over hele verden, en sjarmerende samling pianostykker med tydelige frampek mot komponistens bruk av ironi og satire i hans senere verker. Flere \u00e5r og betydelig mer musikalsk erfaring skiller disse to ungdommelige verkene fra den monumentale \u00abPiano Trio, nr. 2 Op. 67\u00bb, et s\u00f8rgmodig verk skrevet som en hyllest til den avd\u00f8de Ivan I. Sollertinsky. Ensomhet, melankoli og dyptf\u00f8lt sorg preger verket som avsluttes med en \u00abdanse macabre\u00bb som truer det hele til \u00e5 ende i galskap f\u00f8r verket til slutt konkluderer med resignasjon. <\/p>\n<p>Oslo Trio ble dannet i 1974 av tre av Norges mest prominente instrumentalister: Stig Nilsson (fiolin), Aage Kvalbein (cello) og Jens Harald Bratlie (piano). Etter \u00e5 ha vunnet en rekke priser ved internasjonale musikkonkurranser, \u00f8kte hyppigheten av deres konsertaktiviteter, b\u00e5de i norden s\u00e5 vel som i resten av Europa og USA. De har gjort en rekke innspillinger, b\u00e5de individuelt og som trio.<\/p>\n<p><!--more--><\/p>\n<h4><\/h4>\n<\/p>\n<h4><\/h4>\n<p><h4><\/h4>\n<\/p>\n<p><\/p>","protected":false},"excerpt":{"rendered":"<p>Uansett om det er snakk om Dmitri Shostakovich\u00b4s ungdommelige verker eller hans mer voksne verker, gir det anerkjente ensemblet Oslo Trio en mesterlig fremf\u00f8ring av komponistens verker.<\/p>\n","protected":false},"featured_media":30481,"comment_status":"closed","ping_status":"open","template":"","meta":[],"product_brand":[],"product_cat":[180],"product_tag":[],"class_list":{"0":"post-30478","1":"product","2":"type-product","3":"status-publish","4":"has-post-thumbnail","6":"product_cat-simax-classics","7":"product_shipping_class-cddvd-shipping","8":"uni_artist_tag-aage-kvalbein","9":"uni_artist_tag-arne-akselberg","10":"uni_artist_tag-dimitri-shostakovich","11":"uni_artist_tag-jens-harald-bratlie","12":"uni_artist_tag-oslo-trio","13":"uni_artist_tag-stig-nilsson","14":"uni_main_artist_tag-oslo-trio","15":"uni_artist_genre-chamber-music","17":"first","18":"instock","19":"sale","20":"taxable","21":"shipping-taxable","22":"purchasable","23":"product-type-simple"},"_links":{"self":[{"href":"https:\/\/grappa.no\/no\/wp-json\/wp\/v2\/product\/30478","targetHints":{"allow":["GET"]}}],"collection":[{"href":"https:\/\/grappa.no\/no\/wp-json\/wp\/v2\/product"}],"about":[{"href":"https:\/\/grappa.no\/no\/wp-json\/wp\/v2\/types\/product"}],"replies":[{"embeddable":true,"href":"https:\/\/grappa.no\/no\/wp-json\/wp\/v2\/comments?post=30478"}],"wp:featuredmedia":[{"embeddable":true,"href":"https:\/\/grappa.no\/no\/wp-json\/wp\/v2\/media\/30481"}],"wp:attachment":[{"href":"https:\/\/grappa.no\/no\/wp-json\/wp\/v2\/media?parent=30478"}],"wp:term":[{"taxonomy":"product_brand","embeddable":true,"href":"https:\/\/grappa.no\/no\/wp-json\/wp\/v2\/product_brand?post=30478"},{"taxonomy":"product_cat","embeddable":true,"href":"https:\/\/grappa.no\/no\/wp-json\/wp\/v2\/product_cat?post=30478"},{"taxonomy":"product_tag","embeddable":true,"href":"https:\/\/grappa.no\/no\/wp-json\/wp\/v2\/product_tag?post=30478"}],"curies":[{"name":"wp","href":"https:\/\/api.w.org\/{rel}","templated":true}]}}