{"id":30477,"date":"1992-01-20T00:00:00","date_gmt":"1992-01-19T23:00:00","guid":{"rendered":"http:\/\/www.grappa.no\/no\/albums\/ukategorisert\/hommage\/"},"modified":"2019-02-22T15:32:18","modified_gmt":"2019-02-22T14:32:18","slug":"hommage","status":"publish","type":"product","link":"https:\/\/grappa.no\/no\/albums\/simax-classics\/hommage\/","title":{"rendered":"Hommage!"},"content":{"rendered":"<p><\/p>\n<p>Stein-Erik Olsen \u2013 gitarmesteren<\/p>\n<p>Den voldsomme populariteten den klassiske gitaren n\u00f8t i det forrige \u00e5rhundret har resultert i utallige innspillinger av musikk b\u00e5de skrevet for instrumentet eller arrangert for det fra andre, som regel instrumentale kilder. De fleste har en tendens til \u00e5 lene seg p\u00e5 de samme gamle klisjeene med referanser til instrumentets spanske r\u00f8tter. Albumet \u00abHommage!\u00bb skiller seg positivt ut i den sammenhengen ved at den kun presenterer musikk skrevet for gitar av fem komponister av ulike opprinnelse. Budskapet er at gitaren n\u00e5 virkelig er et internasjonalt instrument med ikke bare en fortid, men ogs\u00e5 en moderne og betydelig stemme. <\/p>\n<p>Den prominente gitaristen Stein-Erik Olsen fremf\u00f8rer verker av V\u00e1clav Kucera, Leo Brouwer, Jaques Casterede, Ketil Hvoslef og John Duarte. Kuceras \u00abDiario, omaggio a Che Guevara\u00bb er like mye et politisk dokument som et musikalsk verk, der den beskriver fem kritiske dager i den revolusjon\u00e6re heltens liv. Brouwers \u00abElogio de la Danza\u00bb, med sine energiske og markerte anslag, viser p\u00e5virkninger fra den nyskapende brasilianske komponisten Heitor Villa-Lobos, mens Casteredes \u00abHommage aux Pink Floyd\u00bb stiger til et uant klimaks. Ketil Hvoslefs \u00abChitarra Solo\u00bb p\u00e5 sin side, beveger seg gjennom en rekke ulike stemninger og viser komponistens forkj\u00e6rlighet for utforskningen av muligheten som ligger i et f\u00e5tall toner. Og sist, men ikke minst, jazzmusikeren Duartes \u00abVariations on a Catalan Folk Song\u00bb baserer sine variasjoner p\u00e5 utviklingen av sm\u00e5 melodiske fragmenter hentet fra melodien, hvorav mange av disse er elegante skjulte variasjoner av det opprinnelige harmoniske rammeverket.<\/p>\n<p><!--more--><\/p>\n<h4><\/h4>\n<\/p>\n<h4><\/h4>\n<p><h4><\/h4>\n<\/p>\n<p><\/p>","protected":false},"excerpt":{"rendered":"<p>Stein-Erik Olsens &quot;Hommage!&quot; best\u00e5r av unike fremf\u00f8ringer p\u00e5 den klassiske gitaren som skiller seg ut i mengden av klisj\u00e9fylte album for instrumentet.<\/p>\n","protected":false},"featured_media":30480,"comment_status":"closed","ping_status":"open","template":"","meta":[],"product_brand":[],"product_cat":[180],"product_tag":[],"class_list":{"0":"post-30477","1":"product","2":"type-product","3":"status-publish","4":"has-post-thumbnail","6":"product_cat-simax-classics","7":"product_shipping_class-cddvd-shipping","8":"uni_artist_tag-john-duarte","9":"uni_artist_tag-ketil-hvoslef","10":"uni_artist_tag-leo-brouwer","11":"uni_artist_tag-mats-claesson","12":"uni_artist_tag-stein-erik-olsen","13":"uni_main_artist_tag-stein-erik-olsen","14":"uni_artist_genre-solo","16":"first","17":"instock","18":"taxable","19":"shipping-taxable","20":"purchasable","21":"product-type-simple"},"_links":{"self":[{"href":"https:\/\/grappa.no\/no\/wp-json\/wp\/v2\/product\/30477","targetHints":{"allow":["GET"]}}],"collection":[{"href":"https:\/\/grappa.no\/no\/wp-json\/wp\/v2\/product"}],"about":[{"href":"https:\/\/grappa.no\/no\/wp-json\/wp\/v2\/types\/product"}],"replies":[{"embeddable":true,"href":"https:\/\/grappa.no\/no\/wp-json\/wp\/v2\/comments?post=30477"}],"wp:featuredmedia":[{"embeddable":true,"href":"https:\/\/grappa.no\/no\/wp-json\/wp\/v2\/media\/30480"}],"wp:attachment":[{"href":"https:\/\/grappa.no\/no\/wp-json\/wp\/v2\/media?parent=30477"}],"wp:term":[{"taxonomy":"product_brand","embeddable":true,"href":"https:\/\/grappa.no\/no\/wp-json\/wp\/v2\/product_brand?post=30477"},{"taxonomy":"product_cat","embeddable":true,"href":"https:\/\/grappa.no\/no\/wp-json\/wp\/v2\/product_cat?post=30477"},{"taxonomy":"product_tag","embeddable":true,"href":"https:\/\/grappa.no\/no\/wp-json\/wp\/v2\/product_tag?post=30477"}],"curies":[{"name":"wp","href":"https:\/\/api.w.org\/{rel}","templated":true}]}}