{"id":30442,"date":"1999-11-18T00:00:00","date_gmt":"1999-11-17T23:00:00","guid":{"rendered":"http:\/\/www.grappa.no\/no\/albums\/ukategorisert\/st-john-passion\/"},"modified":"2019-02-22T15:48:46","modified_gmt":"2019-02-22T14:48:46","slug":"st-john-passion","status":"publish","type":"product","link":"https:\/\/grappa.no\/no\/albums\/simax-classics\/st-john-passion\/","title":{"rendered":"St. John Passion"},"content":{"rendered":"<p><\/p>\n<p>En pasjon for de halvhjertede<\/p>\n<p>Musikken \u2013 n\u00e5r alt kommer til alt \u2013 er kanskje det beste, det mest troverdige redskap vi har for \u00e5 komme i kontakt med dypene, h\u00f8ydene, viddene i Gudsmysteriet. Kjell M\u00f8rk Karlsens Johannespasjon handler om det st\u00f8rste drama \u2013 den eviges ankomst til oss, der han g\u00e5r inn i tiden for \u00e5 kunne gjenopprette v\u00e5r evighet. Han setter sin kirkemusikk inn i rommet som et jordisk, kirkelig speil av Guds veldige og n\u00e5dige forsyn. Den gjenf\u00f8der hukommelse om det hellige som ikke er s\u00e5 lett \u00e5 huske, den setter oss i kontakt med grunnvannet i oss, den \u00e5pner for erkjennelse mer enn for heftige \u00abf\u00f8lelseskick\u00bb.<\/p>\n<p>Kjell M\u00f8rk Karlsens Johannespasjon \u2013 skrevet til og uroppf\u00f8rt i forbindelse med Bergen Domkantoris 20 \u00e5rs jublieum i 1992 \u2013 st\u00e5r som en slags fyrlykt p\u00e5 h\u00f8ydene mellom det han har gjort og det som kommer: \u00abMed dette verket er jeg kommet til en slags avklaring med meg selv som komponist.\u00bb Gjennom en nesten halvannen times korsats, avbrutt av solistiske innslag og kammermusikalske mellomspill, skiller verket seg fra den tradisjonelle pasjonsformen. M\u00f8rk Karlsen plasserer p\u00e5virkninger fra gregoriansk sang, koraler og religi\u00f8se folketoner inn i tette samklanger og skaper med en dissonerende polyfoni en harmonisk spenning som f\u00f8rer Johannespasjonen inn i v\u00e5r tid. Budskapet var aktuelt for 2000 \u00e5r siden, og det er like aktuelt n\u00e5.<\/p>\n<p><!--more--><\/p>\n<h4><\/h4>\n<\/p>\n<h4><\/h4>\n<p><h4><\/h4>\n<\/p>\n<p><\/p>","protected":false},"excerpt":{"rendered":"<p>Kjell M\u00f8rk Karlsens Johannespasjon &#8211; en fyrlykt i hans kunstneriske virke &#8211; aktualiserer et 2000 \u00e5r gammelt budskap i v\u00e5r tid.<\/p>\n","protected":false},"featured_media":30445,"comment_status":"closed","ping_status":"open","template":"","meta":[],"product_brand":[],"product_cat":[180],"product_tag":[],"class_list":{"0":"post-30442","1":"product","2":"type-product","3":"status-publish","4":"has-post-thumbnail","6":"product_cat-simax-classics","7":"product_shipping_class-cddvd-shipping","8":"uni_artist_tag-bergen-cathedral-choir","9":"uni_artist_tag-kjell-mork-karlsen","10":"uni_artist_tag-magnar-mangersnes","11":"uni_artist_tag-njal-sparbo","12":"uni_artist_tag-tore-simonsen","13":"uni_main_artist_tag-bergen-cathedral-choir","14":"uni_artist_genre-religious","15":"uni_artist_genre-song-with-orchestra","17":"first","18":"instock","19":"taxable","20":"shipping-taxable","21":"purchasable","22":"product-type-simple"},"_links":{"self":[{"href":"https:\/\/grappa.no\/no\/wp-json\/wp\/v2\/product\/30442","targetHints":{"allow":["GET"]}}],"collection":[{"href":"https:\/\/grappa.no\/no\/wp-json\/wp\/v2\/product"}],"about":[{"href":"https:\/\/grappa.no\/no\/wp-json\/wp\/v2\/types\/product"}],"replies":[{"embeddable":true,"href":"https:\/\/grappa.no\/no\/wp-json\/wp\/v2\/comments?post=30442"}],"wp:featuredmedia":[{"embeddable":true,"href":"https:\/\/grappa.no\/no\/wp-json\/wp\/v2\/media\/30445"}],"wp:attachment":[{"href":"https:\/\/grappa.no\/no\/wp-json\/wp\/v2\/media?parent=30442"}],"wp:term":[{"taxonomy":"product_brand","embeddable":true,"href":"https:\/\/grappa.no\/no\/wp-json\/wp\/v2\/product_brand?post=30442"},{"taxonomy":"product_cat","embeddable":true,"href":"https:\/\/grappa.no\/no\/wp-json\/wp\/v2\/product_cat?post=30442"},{"taxonomy":"product_tag","embeddable":true,"href":"https:\/\/grappa.no\/no\/wp-json\/wp\/v2\/product_tag?post=30442"}],"curies":[{"name":"wp","href":"https:\/\/api.w.org\/{rel}","templated":true}]}}