{"id":30432,"date":"2016-08-12T00:00:00","date_gmt":"2016-08-11T23:00:00","guid":{"rendered":"http:\/\/www.grappa.no\/albums\/ukategorisert\/the-lark\/"},"modified":"2019-03-21T11:04:09","modified_gmt":"2019-03-21T10:04:09","slug":"the-lark","status":"publish","type":"product","link":"https:\/\/grappa.no\/no\/albums\/simax-classics\/the-lark\/","title":{"rendered":"The Lark"},"content":{"rendered":"<p><\/p>\n<p>Jubler h\u00f8yt i sky!<\/p>\n<p>Christian Ihle Hadland gir ut sitt tredje soloalbum, med verker av Haydn, Brahms, Borodin, Glinka og Schubert, samtidig som han inviterer til den syvende festivalen som kunstnerisk leder av Stavanger Kammermusikkfestival. Ihle Hadeland er en sjelden blomst blant dagens pianister p\u00e5 internasjonalt niv\u00e5. Det er en forfriskende \u00e5penhet og \u00e6rlighet i hans musisering, og en helt egen frihet i hans spill \u2013 en tilstedev\u00e6relse langt bortenfor h\u00f8ye skuldre og terping p\u00e5 detaljer. Aftenposten formulerte det slik: \u00abHadland har et imponerende musikalsk og teknisk overskudd. Han rister frasene elegant ut av ermet, er en mester i myke og lange linjef\u00f8ringer, og han f\u00e5r musikken til \u00e5 puste.\u00bb P\u00e5 sin tredje soloutgivelse, beveger Ihle Hadland seg inn i det musikalske landskapet fra sentral-Europa og Russland. Melankolien gjennomsyrer tittelsporet p\u00e5 denne utgivelsen, &#8216;Zhavoronok&#8217; (Lerken), av Mikhail Glinka, og kommer ogs\u00e5 til uttrykk i Haydns Sturm und Drang-pregede klaversonate i e-moll \u2013 en ensom svale (eller lerke) i moll blant hans mange lysere sonater, og i klaverstykkene til Brahms.<\/p>\n<p><!--more--><\/p>\n<p>Christian Ihle Hadland gir ut sitt tredje soloalbum, med verker av Haydn, Brahms, Borodin, Glinka og Schubert, samtidig som han inviterer til den syvende festivalen som kunstnerisk leder av Stavanger Kammermusikkfestival.<\/p>\n<h4>En sjelden pianist<\/h4>\n<p>Det har ikke skortet p\u00e5 lovord og ros. For Dagsavisen er Hadland \u00aben lyriker ved klaveret. Han har det mest f\u00f8lsomme anslaget man kan tenke seg og hans klangbehandling er eksepsjonell.\u00bb Dagbladet var ikke mindre beskjeden i sin omtale av Hadlands debutplate: \u00abAnslag i s\u00e6rklasse. [\u2026] s\u00e5 finstilt inn mot musikkens vareste nyanser at det kaster nytt lys langt inn i de fjerneste regioner i verkene.\u00bb<\/p>\n<h4>Sturm und Drang i sentral-Europa og melankoli fra \u00f8st<\/h4>\n<p>Ihle Hadlands innspillinger av Chopin, Schumann, Grieg og Mozart har med rette vakt oppmerksomhet verden over. P\u00e5 denne hans tredje soloutgivelse, beveger han seg inn i det musikalske landskapet fra sentral-Europa og Russland. Melankolien gjennomsyrer tittelsporet p\u00e5 denne utgivelsen, &#8216;Zhavoronok&#8217; (Lerken), av Mikhail Glinka \u2013 en klaverbearbeidelse komponisten Mily Balakirev gjorde av en sang Glinka skrev etter at hans ekteskap havarerte. Melankolien kommer ogs\u00e5 til uttrykk i Haydns Sturm und Drang-pregede klaversonate \u2013 en ensom svale (eller lerke) i moll blant hans mange lysere sonater, og i klaverstykkene til Brahms.<\/p>\n<h4>Christian Ihle Hadeland<\/h4>\n<p>Christian Ihle Hadland ble f\u00f8dt i Stavanger i 1983, og har gjort seg bemerket som en av Norges mest spennende pianister. Etter sin solodebut i Den Norske Opera i 2008 ble han hyllet i norsk presse som \u00aben unik musiker som kunstnerisk sett kan fylle enhver av verdens konsertscener.\u00bb Hadland er allerede sv\u00e6rt ettertraktet b\u00e5de som soloartist og som kammermusiker, og har opptr\u00e5dt flere ganger p\u00e5 prestisjetunge scener og festivaler som Wigmore Hall, Ris\u00f8r Kammermusikkfestival, Schleswig Holstein Music Festival og Kissinger Sommer. Christian ga ut sitt debut-soloalbum i 2010 for Simax Classics med verker av Schumann og Chopin, og i 2013 ga han ut Mozarts klaverkonserter nr. 21 og 22 med Oslo Filharmoniske Orkester, begge til str\u00e5lende mottagelser. I 2015 mottok han Spellemannprisen for sin innspilling av Griegs &#8216;Holberg Suite.&#8217;<\/p>\n<p><\/p>","protected":false},"excerpt":{"rendered":"<p>\u2013 Oppsiktsvekkende fra poetisk mester! [Magnus Andersson \/ Klassekampen]<\/p>\n","protected":false},"featured_media":30433,"comment_status":"closed","ping_status":"open","template":"","meta":[],"product_brand":[],"product_cat":[180],"product_tag":[],"class_list":{"0":"post-30432","1":"product","2":"type-product","3":"status-publish","4":"has-post-thumbnail","6":"product_cat-simax-classics","7":"product_shipping_class-cddvd-shipping","8":"uni_artist_tag-alexander-borodin","9":"uni_artist_tag-christian-ihle-hadland","10":"uni_artist_tag-franz-schubert","11":"uni_artist_tag-johannes-brahms","12":"uni_artist_tag-joseph-haydn","13":"uni_artist_tag-krzysztof-drab","14":"uni_artist_tag-michail-glinka","15":"uni_main_artist_tag-christian-ihle-hadland","16":"uni_artist_genre-piano","17":"uni_artist_genre-solo","19":"first","20":"instock","21":"taxable","22":"shipping-taxable","23":"purchasable","24":"product-type-simple"},"_links":{"self":[{"href":"https:\/\/grappa.no\/no\/wp-json\/wp\/v2\/product\/30432","targetHints":{"allow":["GET"]}}],"collection":[{"href":"https:\/\/grappa.no\/no\/wp-json\/wp\/v2\/product"}],"about":[{"href":"https:\/\/grappa.no\/no\/wp-json\/wp\/v2\/types\/product"}],"replies":[{"embeddable":true,"href":"https:\/\/grappa.no\/no\/wp-json\/wp\/v2\/comments?post=30432"}],"wp:featuredmedia":[{"embeddable":true,"href":"https:\/\/grappa.no\/no\/wp-json\/wp\/v2\/media\/30433"}],"wp:attachment":[{"href":"https:\/\/grappa.no\/no\/wp-json\/wp\/v2\/media?parent=30432"}],"wp:term":[{"taxonomy":"product_brand","embeddable":true,"href":"https:\/\/grappa.no\/no\/wp-json\/wp\/v2\/product_brand?post=30432"},{"taxonomy":"product_cat","embeddable":true,"href":"https:\/\/grappa.no\/no\/wp-json\/wp\/v2\/product_cat?post=30432"},{"taxonomy":"product_tag","embeddable":true,"href":"https:\/\/grappa.no\/no\/wp-json\/wp\/v2\/product_tag?post=30432"}],"curies":[{"name":"wp","href":"https:\/\/api.w.org\/{rel}","templated":true}]}}