{"id":304,"date":"2015-02-27T00:00:00","date_gmt":"2015-02-26T23:00:00","guid":{"rendered":"http:\/\/www.grappa.no\/albums\/uncategorized\/marcus-lovdal-band\/"},"modified":"2018-10-12T06:22:12","modified_gmt":"2018-10-12T05:22:12","slug":"marcus-lovdal-band","status":"publish","type":"product","link":"https:\/\/grappa.no\/no\/albums\/blue-mood-records\/marcus-lovdal-band\/","title":{"rendered":"Marcus L\u00f8vdal Band"},"content":{"rendered":"<p><\/p>\n<p>\u00c6rlig og energisk debutplate<\/p>\n<p>Marcus L\u00f8vdal band vant bluescupen 2013 p\u00e5 Notodden Bluesfestival ,og etter dette har de spilt landet rundt p\u00e5 festivaler og andre konsertarenaer. N\u00e5 er de klare for \u00e5 gi ut sitt debutalbum.\u00a0L\u00e5tene hadde v\u00e6rt klare i lang tid f\u00f8r innspillingen. Det eneste som manglet var \u00e5 f\u00e5 tatt dem opp. Noen l\u00e5ter har blitt ferdig p\u00e5 en \u00f8ving, andre har blitt jobbet frem over tid. Bandet selv f\u00f8ler at l\u00e5tene og albumet viser tydelig hvem de er. Selv om sjanger ikke er noe de selv tar hensyn til har de f\u00f8ttene godt plantet i bluesen. Med produsent Leif Johansen p\u00e5 laget, har de sammen klart \u00e5 fange energien og spillegleden som Marcus L\u00f8vdal Band har live. Dette gj\u00f8r denne cden til en energisk og \u00e6rlig debutplate.\u00a0<\/p>\n<p><!--more--><\/p>\n<p>Marcus L\u00f8vdal band med en \u00e6rlig og energisk debutplate<\/p>\n<h4>International Blues Challenge<\/h4>\n<p>Med en stor porsjon energi og flyt etter sv\u00e6rt gode tilbakemeldinger landet rundt, reiste bandet i januar 2015 til IBC (International Blues Challenge) i Memphis for \u00e5 representere Norge. Etter \u00e5 ha oppn\u00e5dd en sv\u00e6rt sterk plassering her, kom bandet hjem med nye kontakter fra hele verden og flere datoer i b\u00e5de inn og utland.<\/p>\n<h4>Energi og spilleglede<\/h4>\n<p>L\u00e5tene hadde v\u00e6rt klare i lang tid f\u00f8r innspillingen. Det eneste som manglet var \u00e5 f\u00e5 tatt dem opp. Noen l\u00e5ter har blitt ferdig p\u00e5 en \u00f8ving, andre har blitt jobbet frem over tid. Bandet selv f\u00f8ler at l\u00e5tene og albumet viser tydelig hvem de er. Selv om sjanger ikke er noe de selv tar hensyn til, har de f\u00f8ttene godt plantet i bluesen. Med produsent Leif Johansen p\u00e5 laget, har de klart \u00e5 fange energien og spillegleden som Marcus L\u00f8vdal Band har live. Dette gj\u00f8r denne cden til en energisk og \u00e6rlig debutplate.<\/p>\n<h4>Bandet<\/h4>\n<p>Marcus L\u00f8vdal band ble startet opp i Kristiansand p\u00e5 musikkonservatoriet rett f\u00f8r jul i 2012, da Marcus tok initiativet og fikk med seg Audun Barsten Johnsen p\u00e5 keys, Jonatan Eikum p\u00e5 trommer og Lasse Kulsrud Nordby p\u00e5 bass. P\u00e5 vokal og gitar ble Bj\u00f8rn Ulvik Blix Lein med. Bandet skriver eget materiale og spiller noe coverl\u00e5ter. Marcus L\u00f8vdal band gikk helt til topps i bluescupen 2013 p\u00e5 Notodden Bluesfestival, i skarp konkurranse med band fra hele landet. <\/p>\n<p>Bandet best\u00e5r av:<br \/>\nMarcus L\u00f8vdal &#8211; Gitar<br \/>\nBj\u00f8rn Ulvik Blix Lein &#8211; Vokal\/Gitar<br \/>\nLasse Kulsrud Nordby &#8211; Bass<br \/>\nJonatan Eikum &#8211; Trommer<\/p>\n<p>Link: &lt;a href=http:\/\/on.fb.me\/1Dx4guX&gt;Releasekonsert: L\u00f8rdag 7.mars 2015 &#8211; Uh\u00f8rt, Oslo&lt;\/a&gt;<\/p>\n<p><\/p>","protected":false},"excerpt":{"rendered":"<p>Marcus L\u00f8vdal Band er et innovativt og nyskapende ungt bluesband som tilf\u00f8rer ny energi og ny giv til norsk blues og gir h\u00e5p om at denne sjangeren snart blir en ny eksportvare fra den norske musikkindustrien.<\/p>\n","protected":false},"featured_media":26895,"comment_status":"closed","ping_status":"open","template":"","meta":[],"product_brand":[],"product_cat":[51],"product_tag":[],"class_list":{"0":"post-304","1":"product","2":"type-product","3":"status-publish","4":"has-post-thumbnail","6":"product_cat-blue-mood-records","7":"product_shipping_class-cddvd-shipping","8":"uni_artist_tag-bjorn-blix","9":"uni_artist_tag-leif-johansen","10":"uni_artist_tag-marcus-lovdal","11":"uni_artist_tag-marcus-lovdal-band","12":"uni_main_artist_tag-marcus-lovdal-band","13":"uni_artist_genre-blues","15":"first","16":"instock","17":"taxable","18":"shipping-taxable","19":"purchasable","20":"product-type-simple"},"_links":{"self":[{"href":"https:\/\/grappa.no\/no\/wp-json\/wp\/v2\/product\/304","targetHints":{"allow":["GET"]}}],"collection":[{"href":"https:\/\/grappa.no\/no\/wp-json\/wp\/v2\/product"}],"about":[{"href":"https:\/\/grappa.no\/no\/wp-json\/wp\/v2\/types\/product"}],"replies":[{"embeddable":true,"href":"https:\/\/grappa.no\/no\/wp-json\/wp\/v2\/comments?post=304"}],"wp:featuredmedia":[{"embeddable":true,"href":"https:\/\/grappa.no\/no\/wp-json\/wp\/v2\/media\/26895"}],"wp:attachment":[{"href":"https:\/\/grappa.no\/no\/wp-json\/wp\/v2\/media?parent=304"}],"wp:term":[{"taxonomy":"product_brand","embeddable":true,"href":"https:\/\/grappa.no\/no\/wp-json\/wp\/v2\/product_brand?post=304"},{"taxonomy":"product_cat","embeddable":true,"href":"https:\/\/grappa.no\/no\/wp-json\/wp\/v2\/product_cat?post=304"},{"taxonomy":"product_tag","embeddable":true,"href":"https:\/\/grappa.no\/no\/wp-json\/wp\/v2\/product_tag?post=304"}],"curies":[{"name":"wp","href":"https:\/\/api.w.org\/{rel}","templated":true}]}}